{"id":6363,"date":"2023-07-27T13:38:42","date_gmt":"2023-07-27T13:38:42","guid":{"rendered":"https:\/\/totalsystems.nl\/quienes-somos\/declaracion-de-privacidad-para-clientes\/"},"modified":"2024-07-10T14:04:36","modified_gmt":"2024-07-10T14:04:36","slug":"declaracion-de-privacidad-para-clientes","status":"publish","type":"page","link":"https:\/\/totalsystems.nl\/es\/quienes-somos\/declaracion-de-privacidad-para-clientes\/","title":{"rendered":"Declaraci\u00f3n de privacidad para clientes"},"content":{"rendered":"\t\t<div data-elementor-type=\"wp-page\" data-elementor-id=\"6363\" class=\"elementor elementor-6363 elementor-596\" data-elementor-post-type=\"page\">\n\t\t\t\t\t\t<section class=\"elementor-section elementor-top-section elementor-element elementor-element-35f8538 elementor-section-full_width elementor-section-height-default elementor-section-height-default\" data-id=\"35f8538\" data-element_type=\"section\" data-e-type=\"section\">\n\t\t\t\t\t\t<div class=\"elementor-container elementor-column-gap-default\">\n\t\t\t\t\t<div class=\"elementor-column elementor-col-100 elementor-top-column elementor-element elementor-element-b668f40\" data-id=\"b668f40\" data-element_type=\"column\" data-e-type=\"column\">\n\t\t\t<div class=\"elementor-widget-wrap elementor-element-populated\">\n\t\t\t\t\t\t<section class=\"elementor-section elementor-inner-section elementor-element elementor-element-e47ca4c elementor-section-boxed elementor-section-height-default elementor-section-height-default\" data-id=\"e47ca4c\" data-element_type=\"section\" data-e-type=\"section\">\n\t\t\t\t\t\t<div class=\"elementor-container elementor-column-gap-default\">\n\t\t\t\t\t<div class=\"elementor-column elementor-col-50 elementor-inner-column elementor-element elementor-element-5f3a381\" data-id=\"5f3a381\" data-element_type=\"column\" data-e-type=\"column\" data-settings=\"{&quot;background_background&quot;:&quot;classic&quot;}\">\n\t\t\t<div class=\"elementor-widget-wrap elementor-element-populated\">\n\t\t\t\t\t\t<div class=\"elementor-element elementor-element-08355d6 elementor-widget elementor-widget-heading\" data-id=\"08355d6\" data-element_type=\"widget\" data-e-type=\"widget\" data-widget_type=\"heading.default\">\n\t\t\t\t<div class=\"elementor-widget-container\">\n\t\t\t\t\t<h1 class=\"elementor-heading-title elementor-size-default\">Declaraci\u00f3n de privacidad para contactos comerciales<\/h1>\t\t\t\t<\/div>\n\t\t\t\t<\/div>\n\t\t\t\t\t<\/div>\n\t\t<\/div>\n\t\t\t\t<div class=\"elementor-column elementor-col-50 elementor-inner-column elementor-element elementor-element-d363160\" data-id=\"d363160\" data-element_type=\"column\" data-e-type=\"column\">\n\t\t\t<div class=\"elementor-widget-wrap\">\n\t\t\t\t\t\t\t<\/div>\n\t\t<\/div>\n\t\t\t\t\t<\/div>\n\t\t<\/section>\n\t\t\t\t\t<\/div>\n\t\t<\/div>\n\t\t\t\t\t<\/div>\n\t\t<\/section>\n\t\t\t\t<section class=\"elementor-section elementor-top-section elementor-element elementor-element-bec0bad elementor-section-boxed elementor-section-height-default elementor-section-height-default\" data-id=\"bec0bad\" data-element_type=\"section\" data-e-type=\"section\">\n\t\t\t\t\t\t<div class=\"elementor-container elementor-column-gap-default\">\n\t\t\t\t\t<div class=\"elementor-column elementor-col-100 elementor-top-column elementor-element elementor-element-91e390b\" data-id=\"91e390b\" data-element_type=\"column\" data-e-type=\"column\">\n\t\t\t<div class=\"elementor-widget-wrap elementor-element-populated\">\n\t\t\t\t\t\t<div class=\"elementor-element elementor-element-6174abc elementor-widget elementor-widget-heading\" data-id=\"6174abc\" data-element_type=\"widget\" data-e-type=\"widget\" data-widget_type=\"heading.default\">\n\t\t\t\t<div class=\"elementor-widget-container\">\n\t\t\t\t\t<h2 class=\"elementor-heading-title elementor-size-default\">Declaraci\u00f3n de privacidad para la administraci\u00f3n de clientes y proveedores<\/h2>\t\t\t\t<\/div>\n\t\t\t\t<\/div>\n\t\t\t\t<div class=\"elementor-element elementor-element-5f2c04e elementor-widget elementor-widget-text-editor\" data-id=\"5f2c04e\" data-element_type=\"widget\" data-e-type=\"widget\" data-widget_type=\"text-editor.default\">\n\t\t\t\t<div class=\"elementor-widget-container\">\n\t\t\t\t\t\t\t\t\t<p>Recogida y utilizaci\u00f3n de datos personales de clientes, proveedores y otros contratistas.<\/p>\n\t\t\t\t\t\t\t\t<\/div>\n\t\t\t\t<\/div>\n\t\t\t\t\t<\/div>\n\t\t<\/div>\n\t\t\t\t\t<\/div>\n\t\t<\/section>\n\t\t\t\t<section class=\"elementor-section elementor-top-section elementor-element elementor-element-7144306 elementor-section-boxed elementor-section-height-default elementor-section-height-default\" data-id=\"7144306\" data-element_type=\"section\" data-e-type=\"section\" data-settings=\"{&quot;background_background&quot;:&quot;classic&quot;}\">\n\t\t\t\t\t\t<div class=\"elementor-container elementor-column-gap-default\">\n\t\t\t\t\t<div class=\"elementor-column elementor-col-50 elementor-top-column elementor-element elementor-element-4b03210\" data-id=\"4b03210\" data-element_type=\"column\" data-e-type=\"column\">\n\t\t\t<div class=\"elementor-widget-wrap elementor-element-populated\">\n\t\t\t\t\t\t<div class=\"elementor-element elementor-element-f556e4b elementor-widget elementor-widget-text-editor\" data-id=\"f556e4b\" data-element_type=\"widget\" data-e-type=\"widget\" data-widget_type=\"text-editor.default\">\n\t\t\t\t<div class=\"elementor-widget-container\">\n\t\t\t\t\t\t\t\t\t<p>Nos gustar\u00eda informarle de que recogemos y utilizamos los datos personales que nos facilita porque es necesario para celebrar y ejecutar un contrato con usted. Esto se aplica tanto a nuestros clientes (potenciales o actuales) como a otras partes a las que compramos bienes o servicios.<\/p>\n<p>Si es usted cliente nuestro (potencial o actual), utilizamos sus datos para poder enviarle una oferta, establecer qu\u00e9 especificaciones o deseos debe cumplir un producto o servicio determinado, entregarle bienes o realizar actividades para usted, facturar y comunicarnos con usted de manera fluida y eficaz acerca de los aspectos relativos a la ejecuci\u00f3n del contrato.<\/p>\n<p>Si es usted un proveedor u otro contratista (potencial o actual), sus datos personales son asimismo necesarios para cerrar y ejecutar el contrato. Al comprar, es necesario para decirle qu\u00e9 especificaciones o deseos debe cumplir un bien o servicio determinado por lo que a nosotros respecta, poder enviarle una solicitud de presupuesto o hacerle un pedido, pagar sus facturas y comunicarnos con usted de manera fluida y eficaz acerca de otros aspectos del contrato.<\/p>\n<p>No est\u00e1 obligado a facilitarnos sus datos personales. No obstante, si no nos facilita suficientes datos personales, o no nos facilita ninguno en absoluto, es posible que no podamos dar cumplimiento a las actividades arriba mencionadas.<\/p>\t\t\t\t\t\t\t\t<\/div>\n\t\t\t\t<\/div>\n\t\t\t\t<div class=\"elementor-element elementor-element-82615ca elementor-widget elementor-widget-heading\" data-id=\"82615ca\" data-element_type=\"widget\" data-e-type=\"widget\" data-widget_type=\"heading.default\">\n\t\t\t\t<div class=\"elementor-widget-container\">\n\t\t\t\t\t<h3 class=\"elementor-heading-title elementor-size-default\">Transmisi\u00f3n a terceros<\/h3>\t\t\t\t<\/div>\n\t\t\t\t<\/div>\n\t\t\t\t<div class=\"elementor-element elementor-element-a1b4996 elementor-widget elementor-widget-text-editor\" data-id=\"a1b4996\" data-element_type=\"widget\" data-e-type=\"widget\" data-widget_type=\"text-editor.default\">\n\t\t\t\t<div class=\"elementor-widget-container\">\n\t\t\t\t\t\t\t\t\t<p>En relaci\u00f3n con la ejecuci\u00f3n de un posible contrato con usted, es posible que debamos facilitar sus datos personales a terceros que nos proveen de piezas, materiales y productos o que realizan actividades por encargo nuestro. Por otra parte, utilizamos alojamiento en servidores externos para almacenar (parte de) nuestra administraci\u00f3n de compras y ventas, de la cual forman parte sus datos personales. Por estos motivos, facilitamos sus datos personales a nuestro proveedor de alojamiento en servidores. Adem\u00e1s, utilizamos Microsoft Office y sus correspondientes posibilidades de almacenamiento de mensajes de correo electr\u00f3nico y otros archivos.<\/p>\n\t\t\t\t\t\t\t\t<\/div>\n\t\t\t\t<\/div>\n\t\t\t\t<div class=\"elementor-element elementor-element-b8d536e elementor-widget elementor-widget-heading\" data-id=\"b8d536e\" data-element_type=\"widget\" data-e-type=\"widget\" data-widget_type=\"heading.default\">\n\t\t\t\t<div class=\"elementor-widget-container\">\n\t\t\t\t\t<h3 class=\"elementor-heading-title elementor-size-default\">Marketing directo<\/h3>\t\t\t\t<\/div>\n\t\t\t\t<\/div>\n\t\t\t\t<div class=\"elementor-element elementor-element-eda4877 elementor-widget elementor-widget-text-editor\" data-id=\"eda4877\" data-element_type=\"widget\" data-e-type=\"widget\" data-widget_type=\"text-editor.default\">\n\t\t\t\t<div class=\"elementor-widget-container\">\n\t\t\t\t\t\t\t\t\t<p>Si nos ha dado usted su consentimiento para ello, conservamos y utilizamos los datos personales que nos ha facilitado para informarle en el futuro personalmente por correo electr\u00f3nico de nuestros productos actuales y nuevos y, dado el caso, hacerle una oferta referida a ellos. Cada vez que le mandamos un correo publicitario, tiene la posibilidad de decirnos que ya no son apreciados por usted. Para ello, v\u00e9ase el enlace de baja que est\u00e1 en la parte de abajo de cada mensaje.<\/p>\n\t\t\t\t\t\t\t\t<\/div>\n\t\t\t\t<\/div>\n\t\t\t\t\t<\/div>\n\t\t<\/div>\n\t\t\t\t<div class=\"elementor-column elementor-col-50 elementor-top-column elementor-element elementor-element-fa89f93\" data-id=\"fa89f93\" data-element_type=\"column\" data-e-type=\"column\">\n\t\t\t<div class=\"elementor-widget-wrap elementor-element-populated\">\n\t\t\t\t\t\t<div class=\"elementor-element elementor-element-ae825da elementor-widget elementor-widget-heading\" data-id=\"ae825da\" data-element_type=\"widget\" data-e-type=\"widget\" data-widget_type=\"heading.default\">\n\t\t\t\t<div class=\"elementor-widget-container\">\n\t\t\t\t\t<h3 class=\"elementor-heading-title elementor-size-default\">Plazo de conservaci\u00f3n de los datos personales\n\n<\/h3>\t\t\t\t<\/div>\n\t\t\t\t<\/div>\n\t\t\t\t<div class=\"elementor-element elementor-element-af1a254 elementor-widget elementor-widget-text-editor\" data-id=\"af1a254\" data-element_type=\"widget\" data-e-type=\"widget\" data-widget_type=\"text-editor.default\">\n\t\t\t\t<div class=\"elementor-widget-container\">\n\t\t\t\t\t\t\t\t\t<p>Si nos ha solicitado un presupuesto pero no se ha hecho cliente nuestro, eliminamos su datos como m\u00e1ximo un a\u00f1o despu\u00e9s de nuestro \u00faltimo contacto. Asimismo, si le hemos pedido un presupuesto pero no nos hemos hecho clientes suyos, sus datos personales son eliminados como m\u00e1ximo un a\u00f1o despu\u00e9s de nuestro \u00faltimo contacto. En caso de que s\u00ed se haya hecho cliente nuestro, o nosotros de usted, conservamos sus datos personales durante un periodo de siete a\u00f1os despu\u00e9s del final del ejercicio en el que se haya ejecutado en su totalidad el contrato con usted. El plazo de siete a\u00f1os coincide con el periodo durante el cual estamos obligados a conservar nuestra administraci\u00f3n para la agencia tributaria. Una vez transcurrido este periodo, borramos sus datos personales.<\/p>\n\t\t\t\t\t\t\t\t<\/div>\n\t\t\t\t<\/div>\n\t\t\t\t<div class=\"elementor-element elementor-element-9290299 elementor-widget elementor-widget-heading\" data-id=\"9290299\" data-element_type=\"widget\" data-e-type=\"widget\" data-widget_type=\"heading.default\">\n\t\t\t\t<div class=\"elementor-widget-container\">\n\t\t\t\t\t<h3 class=\"elementor-heading-title elementor-size-default\">Sus derechos\n\n<\/h3>\t\t\t\t<\/div>\n\t\t\t\t<\/div>\n\t\t\t\t<div class=\"elementor-element elementor-element-519e368 elementor-widget elementor-widget-text-editor\" data-id=\"519e368\" data-element_type=\"widget\" data-e-type=\"widget\" data-widget_type=\"text-editor.default\">\n\t\t\t\t<div class=\"elementor-widget-container\">\n\t\t\t\t\t\t\t\t\t<p>Usted tiene derecho a solicitarnos ver sus propios datos personales. Si procede, nos puede solicitar completar sus datos personales o modificar errores. Adem\u00e1s, tiene derecho a pedir que se borren sus datos personales o a limitar su uso. Tambi\u00e9n puede oponerse a que recojamos y utilicemos sus datos o presentar una queja al respecto ante la Autoridad Neerlandesa de Protecci\u00f3n de Datos. Por \u00faltimo, puede pedirnos que le facilitemos sus datos personales o que los transmitamos a un tercero. Para poder ejercer sus derechos, puede dirigirse a:<\/p>\n<p><strong>Total Systems<\/strong>, Industrieweg 31, 1775 PV, Middenmeer, <br \/><strong>T<\/strong> <a href=\"tel: 0227 50 12 11\">0227 50 12 11<\/a>, <a href=\"mailto:info@totalsystems.nl\">info@totalsystems.nl<\/a>.<\/p>\n<p>Por supuesto, tambi\u00e9n puede ponerse en contacto con nosotros para resolver sus dudas o recibir m\u00e1s informaci\u00f3n sobre la recogida y el uso de sus datos personales.<\/p>\n<p><strong>17 de abril de 2018<\/strong><\/p>\n\t\t\t\t\t\t\t\t<\/div>\n\t\t\t\t<\/div>\n\t\t\t\t\t<\/div>\n\t\t<\/div>\n\t\t\t\t\t<\/div>\n\t\t<\/section>\n\t\t\t\t<\/div>\n\t\t","protected":false},"excerpt":{"rendered":"<p>Declaraci\u00f3n de privacidad para contactos comerciales Declaraci\u00f3n de privacidad para la administraci\u00f3n de clientes y proveedores Recogida y utilizaci\u00f3n de datos personales de clientes, proveedores y otros contratistas. Nos gustar\u00eda informarle de que recogemos y utilizamos los datos personales que nos facilita porque es necesario para celebrar y ejecutar un contrato con usted. Esto se [&hellip;]<\/p>\n","protected":false},"author":2,"featured_media":5351,"parent":5377,"menu_order":6,"comment_status":"closed","ping_status":"closed","template":"","meta":{"footnotes":""},"class_list":["post-6363","page","type-page","status-publish","has-post-thumbnail","hentry"],"yoast_head":"<!-- This site is optimized with the Yoast SEO plugin v27.4 - https:\/\/yoast.com\/product\/yoast-seo-wordpress\/ -->\n<title>Declaraci\u00f3n de privacidad para clientes - Total Systems<\/title>\n<meta name=\"robots\" content=\"index, follow, max-snippet:-1, max-image-preview:large, max-video-preview:-1\" \/>\n<link rel=\"canonical\" href=\"https:\/\/totalsystems.nl\/es\/quienes-somos\/declaracion-de-privacidad-para-clientes\/\" \/>\n<meta property=\"og:locale\" content=\"es_ES\" \/>\n<meta property=\"og:type\" content=\"article\" \/>\n<meta property=\"og:title\" content=\"Declaraci\u00f3n de privacidad para clientes - Total Systems\" \/>\n<meta property=\"og:description\" content=\"Declaraci\u00f3n de privacidad para contactos comerciales Declaraci\u00f3n de privacidad para la administraci\u00f3n de clientes y proveedores Recogida y utilizaci\u00f3n de datos personales de clientes, proveedores y otros contratistas. Nos gustar\u00eda informarle de que recogemos y utilizamos los datos personales que nos facilita porque es necesario para celebrar y ejecutar un contrato con usted. Esto se [&hellip;]\" \/>\n<meta property=\"og:url\" content=\"https:\/\/totalsystems.nl\/es\/quienes-somos\/declaracion-de-privacidad-para-clientes\/\" \/>\n<meta property=\"og:site_name\" content=\"Total Systems\" \/>\n<meta property=\"article:publisher\" content=\"https:\/\/www.facebook.com\/totalsystemsbv\" \/>\n<meta property=\"article:modified_time\" content=\"2024-07-10T14:04:36+00:00\" \/>\n<meta property=\"og:image\" content=\"https:\/\/totalsystems.nl\/wp-content\/uploads\/2023\/07\/Service-Total-Systems.jpg\" \/>\n\t<meta property=\"og:image:width\" content=\"2560\" \/>\n\t<meta property=\"og:image:height\" content=\"1707\" \/>\n\t<meta property=\"og:image:type\" content=\"image\/jpeg\" \/>\n<meta name=\"twitter:card\" content=\"summary_large_image\" \/>\n<meta name=\"twitter:label1\" content=\"Tiempo de lectura\" \/>\n\t<meta name=\"twitter:data1\" content=\"4 minutos\" \/>\n<script type=\"application\/ld+json\" class=\"yoast-schema-graph\">{\"@context\":\"https:\\\/\\\/schema.org\",\"@graph\":[{\"@type\":\"WebPage\",\"@id\":\"https:\\\/\\\/totalsystems.nl\\\/es\\\/quienes-somos\\\/declaracion-de-privacidad-para-clientes\\\/\",\"url\":\"https:\\\/\\\/totalsystems.nl\\\/es\\\/quienes-somos\\\/declaracion-de-privacidad-para-clientes\\\/\",\"name\":\"Declaraci\u00f3n de privacidad para clientes - Total Systems\",\"isPartOf\":{\"@id\":\"https:\\\/\\\/totalsystems.nl\\\/es\\\/#website\"},\"primaryImageOfPage\":{\"@id\":\"https:\\\/\\\/totalsystems.nl\\\/es\\\/quienes-somos\\\/declaracion-de-privacidad-para-clientes\\\/#primaryimage\"},\"image\":{\"@id\":\"https:\\\/\\\/totalsystems.nl\\\/es\\\/quienes-somos\\\/declaracion-de-privacidad-para-clientes\\\/#primaryimage\"},\"thumbnailUrl\":\"https:\\\/\\\/totalsystems.nl\\\/wp-content\\\/uploads\\\/2023\\\/07\\\/Service-Total-Systems.jpg\",\"datePublished\":\"2023-07-27T13:38:42+00:00\",\"dateModified\":\"2024-07-10T14:04:36+00:00\",\"breadcrumb\":{\"@id\":\"https:\\\/\\\/totalsystems.nl\\\/es\\\/quienes-somos\\\/declaracion-de-privacidad-para-clientes\\\/#breadcrumb\"},\"inLanguage\":\"es\",\"potentialAction\":[{\"@type\":\"ReadAction\",\"target\":[\"https:\\\/\\\/totalsystems.nl\\\/es\\\/quienes-somos\\\/declaracion-de-privacidad-para-clientes\\\/\"]}]},{\"@type\":\"ImageObject\",\"inLanguage\":\"es\",\"@id\":\"https:\\\/\\\/totalsystems.nl\\\/es\\\/quienes-somos\\\/declaracion-de-privacidad-para-clientes\\\/#primaryimage\",\"url\":\"https:\\\/\\\/totalsystems.nl\\\/wp-content\\\/uploads\\\/2023\\\/07\\\/Service-Total-Systems.jpg\",\"contentUrl\":\"https:\\\/\\\/totalsystems.nl\\\/wp-content\\\/uploads\\\/2023\\\/07\\\/Service-Total-Systems.jpg\",\"width\":2560,\"height\":1707},{\"@type\":\"BreadcrumbList\",\"@id\":\"https:\\\/\\\/totalsystems.nl\\\/es\\\/quienes-somos\\\/declaracion-de-privacidad-para-clientes\\\/#breadcrumb\",\"itemListElement\":[{\"@type\":\"ListItem\",\"position\":1,\"name\":\"Home\",\"item\":\"https:\\\/\\\/totalsystems.nl\\\/es\\\/\"},{\"@type\":\"ListItem\",\"position\":2,\"name\":\"Qui\u00e9nes somos\",\"item\":\"https:\\\/\\\/totalsystems.nl\\\/es\\\/over-ons\\\/\"},{\"@type\":\"ListItem\",\"position\":3,\"name\":\"Declaraci\u00f3n de privacidad para clientes\"}]},{\"@type\":\"WebSite\",\"@id\":\"https:\\\/\\\/totalsystems.nl\\\/es\\\/#website\",\"url\":\"https:\\\/\\\/totalsystems.nl\\\/es\\\/\",\"name\":\"Total Systems\",\"description\":\"Engineering, development, logistics and service\",\"publisher\":{\"@id\":\"https:\\\/\\\/totalsystems.nl\\\/es\\\/#organization\"},\"potentialAction\":[{\"@type\":\"SearchAction\",\"target\":{\"@type\":\"EntryPoint\",\"urlTemplate\":\"https:\\\/\\\/totalsystems.nl\\\/es\\\/?s={search_term_string}\"},\"query-input\":{\"@type\":\"PropertyValueSpecification\",\"valueRequired\":true,\"valueName\":\"search_term_string\"}}],\"inLanguage\":\"es\"},{\"@type\":\"Organization\",\"@id\":\"https:\\\/\\\/totalsystems.nl\\\/es\\\/#organization\",\"name\":\"Total Systems\",\"url\":\"https:\\\/\\\/totalsystems.nl\\\/es\\\/\",\"logo\":{\"@type\":\"ImageObject\",\"inLanguage\":\"es\",\"@id\":\"https:\\\/\\\/totalsystems.nl\\\/es\\\/#\\\/schema\\\/logo\\\/image\\\/\",\"url\":\"https:\\\/\\\/totalsystems.nl\\\/wp-content\\\/uploads\\\/2023\\\/07\\\/Total-Systems_logo.png\",\"contentUrl\":\"https:\\\/\\\/totalsystems.nl\\\/wp-content\\\/uploads\\\/2023\\\/07\\\/Total-Systems_logo.png\",\"width\":892,\"height\":216,\"caption\":\"Total Systems\"},\"image\":{\"@id\":\"https:\\\/\\\/totalsystems.nl\\\/es\\\/#\\\/schema\\\/logo\\\/image\\\/\"},\"sameAs\":[\"https:\\\/\\\/www.facebook.com\\\/totalsystemsbv\"]}]}<\/script>\n<!-- \/ Yoast SEO plugin. -->","yoast_head_json":{"title":"Declaraci\u00f3n de privacidad para clientes - Total Systems","robots":{"index":"index","follow":"follow","max-snippet":"max-snippet:-1","max-image-preview":"max-image-preview:large","max-video-preview":"max-video-preview:-1"},"canonical":"https:\/\/totalsystems.nl\/es\/quienes-somos\/declaracion-de-privacidad-para-clientes\/","og_locale":"es_ES","og_type":"article","og_title":"Declaraci\u00f3n de privacidad para clientes - Total Systems","og_description":"Declaraci\u00f3n de privacidad para contactos comerciales Declaraci\u00f3n de privacidad para la administraci\u00f3n de clientes y proveedores Recogida y utilizaci\u00f3n de datos personales de clientes, proveedores y otros contratistas. Nos gustar\u00eda informarle de que recogemos y utilizamos los datos personales que nos facilita porque es necesario para celebrar y ejecutar un contrato con usted. Esto se [&hellip;]","og_url":"https:\/\/totalsystems.nl\/es\/quienes-somos\/declaracion-de-privacidad-para-clientes\/","og_site_name":"Total Systems","article_publisher":"https:\/\/www.facebook.com\/totalsystemsbv","article_modified_time":"2024-07-10T14:04:36+00:00","og_image":[{"width":2560,"height":1707,"url":"https:\/\/totalsystems.nl\/wp-content\/uploads\/2023\/07\/Service-Total-Systems.jpg","type":"image\/jpeg"}],"twitter_card":"summary_large_image","twitter_misc":{"Tiempo de lectura":"4 minutos"},"schema":{"@context":"https:\/\/schema.org","@graph":[{"@type":"WebPage","@id":"https:\/\/totalsystems.nl\/es\/quienes-somos\/declaracion-de-privacidad-para-clientes\/","url":"https:\/\/totalsystems.nl\/es\/quienes-somos\/declaracion-de-privacidad-para-clientes\/","name":"Declaraci\u00f3n de privacidad para clientes - Total Systems","isPartOf":{"@id":"https:\/\/totalsystems.nl\/es\/#website"},"primaryImageOfPage":{"@id":"https:\/\/totalsystems.nl\/es\/quienes-somos\/declaracion-de-privacidad-para-clientes\/#primaryimage"},"image":{"@id":"https:\/\/totalsystems.nl\/es\/quienes-somos\/declaracion-de-privacidad-para-clientes\/#primaryimage"},"thumbnailUrl":"https:\/\/totalsystems.nl\/wp-content\/uploads\/2023\/07\/Service-Total-Systems.jpg","datePublished":"2023-07-27T13:38:42+00:00","dateModified":"2024-07-10T14:04:36+00:00","breadcrumb":{"@id":"https:\/\/totalsystems.nl\/es\/quienes-somos\/declaracion-de-privacidad-para-clientes\/#breadcrumb"},"inLanguage":"es","potentialAction":[{"@type":"ReadAction","target":["https:\/\/totalsystems.nl\/es\/quienes-somos\/declaracion-de-privacidad-para-clientes\/"]}]},{"@type":"ImageObject","inLanguage":"es","@id":"https:\/\/totalsystems.nl\/es\/quienes-somos\/declaracion-de-privacidad-para-clientes\/#primaryimage","url":"https:\/\/totalsystems.nl\/wp-content\/uploads\/2023\/07\/Service-Total-Systems.jpg","contentUrl":"https:\/\/totalsystems.nl\/wp-content\/uploads\/2023\/07\/Service-Total-Systems.jpg","width":2560,"height":1707},{"@type":"BreadcrumbList","@id":"https:\/\/totalsystems.nl\/es\/quienes-somos\/declaracion-de-privacidad-para-clientes\/#breadcrumb","itemListElement":[{"@type":"ListItem","position":1,"name":"Home","item":"https:\/\/totalsystems.nl\/es\/"},{"@type":"ListItem","position":2,"name":"Qui\u00e9nes somos","item":"https:\/\/totalsystems.nl\/es\/over-ons\/"},{"@type":"ListItem","position":3,"name":"Declaraci\u00f3n de privacidad para clientes"}]},{"@type":"WebSite","@id":"https:\/\/totalsystems.nl\/es\/#website","url":"https:\/\/totalsystems.nl\/es\/","name":"Total Systems","description":"Engineering, development, logistics and service","publisher":{"@id":"https:\/\/totalsystems.nl\/es\/#organization"},"potentialAction":[{"@type":"SearchAction","target":{"@type":"EntryPoint","urlTemplate":"https:\/\/totalsystems.nl\/es\/?s={search_term_string}"},"query-input":{"@type":"PropertyValueSpecification","valueRequired":true,"valueName":"search_term_string"}}],"inLanguage":"es"},{"@type":"Organization","@id":"https:\/\/totalsystems.nl\/es\/#organization","name":"Total Systems","url":"https:\/\/totalsystems.nl\/es\/","logo":{"@type":"ImageObject","inLanguage":"es","@id":"https:\/\/totalsystems.nl\/es\/#\/schema\/logo\/image\/","url":"https:\/\/totalsystems.nl\/wp-content\/uploads\/2023\/07\/Total-Systems_logo.png","contentUrl":"https:\/\/totalsystems.nl\/wp-content\/uploads\/2023\/07\/Total-Systems_logo.png","width":892,"height":216,"caption":"Total Systems"},"image":{"@id":"https:\/\/totalsystems.nl\/es\/#\/schema\/logo\/image\/"},"sameAs":["https:\/\/www.facebook.com\/totalsystemsbv"]}]}},"_links":{"self":[{"href":"https:\/\/totalsystems.nl\/es\/wp-json\/wp\/v2\/pages\/6363","targetHints":{"allow":["GET"]}}],"collection":[{"href":"https:\/\/totalsystems.nl\/es\/wp-json\/wp\/v2\/pages"}],"about":[{"href":"https:\/\/totalsystems.nl\/es\/wp-json\/wp\/v2\/types\/page"}],"author":[{"embeddable":true,"href":"https:\/\/totalsystems.nl\/es\/wp-json\/wp\/v2\/users\/2"}],"replies":[{"embeddable":true,"href":"https:\/\/totalsystems.nl\/es\/wp-json\/wp\/v2\/comments?post=6363"}],"version-history":[{"count":3,"href":"https:\/\/totalsystems.nl\/es\/wp-json\/wp\/v2\/pages\/6363\/revisions"}],"predecessor-version":[{"id":6366,"href":"https:\/\/totalsystems.nl\/es\/wp-json\/wp\/v2\/pages\/6363\/revisions\/6366"}],"up":[{"embeddable":true,"href":"https:\/\/totalsystems.nl\/es\/wp-json\/wp\/v2\/pages\/5377"}],"wp:featuredmedia":[{"embeddable":true,"href":"https:\/\/totalsystems.nl\/es\/wp-json\/wp\/v2\/media\/5351"}],"wp:attachment":[{"href":"https:\/\/totalsystems.nl\/es\/wp-json\/wp\/v2\/media?parent=6363"}],"curies":[{"name":"wp","href":"https:\/\/api.w.org\/{rel}","templated":true}]}}