{"id":5964,"date":"2023-07-27T14:26:28","date_gmt":"2023-07-27T14:26:28","guid":{"rendered":"https:\/\/totalsystems.nl\/quienes-somos\/terminos-y-condiciones\/"},"modified":"2024-07-11T09:33:25","modified_gmt":"2024-07-11T09:33:25","slug":"terminos-y-condiciones","status":"publish","type":"page","link":"https:\/\/totalsystems.nl\/es\/quienes-somos\/terminos-y-condiciones\/","title":{"rendered":"T\u00e9rminos y condiciones"},"content":{"rendered":"\t\t<div data-elementor-type=\"wp-page\" data-elementor-id=\"5964\" class=\"elementor elementor-5964 elementor-610\" data-elementor-post-type=\"page\">\n\t\t\t\t\t\t<section class=\"elementor-section elementor-top-section elementor-element elementor-element-35f8538 elementor-section-full_width elementor-section-height-default elementor-section-height-default\" data-id=\"35f8538\" data-element_type=\"section\" data-e-type=\"section\">\n\t\t\t\t\t\t<div class=\"elementor-container elementor-column-gap-default\">\n\t\t\t\t\t<div class=\"elementor-column elementor-col-100 elementor-top-column elementor-element elementor-element-b668f40\" data-id=\"b668f40\" data-element_type=\"column\" data-e-type=\"column\">\n\t\t\t<div class=\"elementor-widget-wrap elementor-element-populated\">\n\t\t\t\t\t\t<section class=\"elementor-section elementor-inner-section elementor-element elementor-element-e47ca4c elementor-section-boxed elementor-section-height-default elementor-section-height-default\" data-id=\"e47ca4c\" data-element_type=\"section\" data-e-type=\"section\">\n\t\t\t\t\t\t<div class=\"elementor-container elementor-column-gap-default\">\n\t\t\t\t\t<div class=\"elementor-column elementor-col-50 elementor-inner-column elementor-element elementor-element-5f3a381\" data-id=\"5f3a381\" data-element_type=\"column\" data-e-type=\"column\" data-settings=\"{&quot;background_background&quot;:&quot;classic&quot;}\">\n\t\t\t<div class=\"elementor-widget-wrap elementor-element-populated\">\n\t\t\t\t\t\t<div class=\"elementor-element elementor-element-08355d6 elementor-widget elementor-widget-heading\" data-id=\"08355d6\" data-element_type=\"widget\" data-e-type=\"widget\" data-widget_type=\"heading.default\">\n\t\t\t\t<div class=\"elementor-widget-container\">\n\t\t\t\t\t<h1 class=\"elementor-heading-title elementor-size-default\">T\u00e9rminos y condiciones<\/h1>\t\t\t\t<\/div>\n\t\t\t\t<\/div>\n\t\t\t\t\t<\/div>\n\t\t<\/div>\n\t\t\t\t<div class=\"elementor-column elementor-col-50 elementor-inner-column elementor-element elementor-element-d363160\" data-id=\"d363160\" data-element_type=\"column\" data-e-type=\"column\">\n\t\t\t<div class=\"elementor-widget-wrap\">\n\t\t\t\t\t\t\t<\/div>\n\t\t<\/div>\n\t\t\t\t\t<\/div>\n\t\t<\/section>\n\t\t\t\t\t<\/div>\n\t\t<\/div>\n\t\t\t\t\t<\/div>\n\t\t<\/section>\n\t\t\t\t<section class=\"elementor-section elementor-top-section elementor-element elementor-element-bec0bad elementor-section-boxed elementor-section-height-default elementor-section-height-default\" data-id=\"bec0bad\" data-element_type=\"section\" data-e-type=\"section\">\n\t\t\t\t\t\t<div class=\"elementor-container elementor-column-gap-default\">\n\t\t\t\t\t<div class=\"elementor-column elementor-col-100 elementor-top-column elementor-element elementor-element-91e390b\" data-id=\"91e390b\" data-element_type=\"column\" data-e-type=\"column\">\n\t\t\t<div class=\"elementor-widget-wrap elementor-element-populated\">\n\t\t\t\t\t\t<div class=\"elementor-element elementor-element-5f2c04e elementor-widget elementor-widget-text-editor\" data-id=\"5f2c04e\" data-element_type=\"widget\" data-e-type=\"widget\" data-widget_type=\"text-editor.default\">\n\t\t\t\t<div class=\"elementor-widget-container\">\n\t\t\t\t\t\t\t\t\t<p>Total Systems usa\u00a0ondiciones generales publicadas por Koninklijke Metaalunie (organizaci\u00f3n de emprendedores de la peque\u00f1a y mediana empresa en el metal) conocidas como CONDICIONES DE METAALUNIE, depositadas en la secretar\u00eda judicial del juzgado de Rotterdam el 1 de enero de 2019.<\/p>\n<p>Publicaci\u00f3n de Koninklijke Metaalunie, Postbus 2600, 3430 GA Nieuwegein. \u00a9Koninklijke Metaalunie<\/p>\n\t\t\t\t\t\t\t\t<\/div>\n\t\t\t\t<\/div>\n\t\t\t\t\t<\/div>\n\t\t<\/div>\n\t\t\t\t\t<\/div>\n\t\t<\/section>\n\t\t\t\t<section class=\"elementor-section elementor-top-section elementor-element elementor-element-7144306 elementor-section-boxed elementor-section-height-default elementor-section-height-default\" data-id=\"7144306\" data-element_type=\"section\" data-e-type=\"section\" data-settings=\"{&quot;background_background&quot;:&quot;classic&quot;}\">\n\t\t\t\t\t\t<div class=\"elementor-container elementor-column-gap-default\">\n\t\t\t\t\t<div class=\"elementor-column elementor-col-100 elementor-top-column elementor-element elementor-element-4b03210\" data-id=\"4b03210\" data-element_type=\"column\" data-e-type=\"column\">\n\t\t\t<div class=\"elementor-widget-wrap elementor-element-populated\">\n\t\t\t\t\t\t<div class=\"elementor-element elementor-element-b5f7d43 elementor-align-center elementor-widget elementor-widget-button\" data-id=\"b5f7d43\" data-element_type=\"widget\" data-e-type=\"widget\" data-widget_type=\"button.default\">\n\t\t\t\t<div class=\"elementor-widget-container\">\n\t\t\t\t\t\t\t\t\t<div class=\"elementor-button-wrapper\">\n\t\t\t\t\t<a class=\"elementor-button elementor-button-link elementor-size-sm\" href=\"https:\/\/totalsystems.nl\/wp-content\/uploads\/2024\/07\/Metaalunievoorwaarden_2019_-_Engels_A4_briefpapier.pdf\">\n\t\t\t\t\t\t<span class=\"elementor-button-content-wrapper\">\n\t\t\t\t\t\t\t\t\t<span class=\"elementor-button-text\">descargar un PDF &gt;<\/span>\n\t\t\t\t\t<\/span>\n\t\t\t\t\t<\/a>\n\t\t\t\t<\/div>\n\t\t\t\t\t\t\t\t<\/div>\n\t\t\t\t<\/div>\n\t\t\t\t\t<\/div>\n\t\t<\/div>\n\t\t\t\t\t<\/div>\n\t\t<\/section>\n\t\t\t\t<\/div>\n\t\t","protected":false},"excerpt":{"rendered":"<p>T\u00e9rminos y condiciones Total Systems usa\u00a0ondiciones generales publicadas por Koninklijke Metaalunie (organizaci\u00f3n de emprendedores de la peque\u00f1a y mediana empresa en el metal) conocidas como CONDICIONES DE METAALUNIE, depositadas en la secretar\u00eda judicial del juzgado de Rotterdam el 1 de enero de 2019. Publicaci\u00f3n de Koninklijke Metaalunie, Postbus 2600, 3430 GA Nieuwegein. \u00a9Koninklijke Metaalunie descargar [&hellip;]<\/p>\n","protected":false},"author":2,"featured_media":5351,"parent":5377,"menu_order":10,"comment_status":"closed","ping_status":"closed","template":"","meta":{"footnotes":""},"class_list":["post-5964","page","type-page","status-publish","has-post-thumbnail","hentry"],"yoast_head":"<!-- This site is optimized with the Yoast SEO plugin v27.4 - https:\/\/yoast.com\/product\/yoast-seo-wordpress\/ -->\n<title>T\u00e9rminos y condiciones - Total Systems<\/title>\n<meta name=\"robots\" content=\"index, follow, max-snippet:-1, max-image-preview:large, max-video-preview:-1\" \/>\n<link rel=\"canonical\" href=\"https:\/\/totalsystems.nl\/es\/quienes-somos\/terminos-y-condiciones\/\" \/>\n<meta property=\"og:locale\" content=\"es_ES\" \/>\n<meta property=\"og:type\" content=\"article\" \/>\n<meta property=\"og:title\" content=\"T\u00e9rminos y condiciones - Total Systems\" \/>\n<meta property=\"og:description\" content=\"T\u00e9rminos y condiciones Total Systems usa\u00a0ondiciones generales publicadas por Koninklijke Metaalunie (organizaci\u00f3n de emprendedores de la peque\u00f1a y mediana empresa en el metal) conocidas como CONDICIONES DE METAALUNIE, depositadas en la secretar\u00eda judicial del juzgado de Rotterdam el 1 de enero de 2019. Publicaci\u00f3n de Koninklijke Metaalunie, Postbus 2600, 3430 GA Nieuwegein. \u00a9Koninklijke Metaalunie descargar [&hellip;]\" \/>\n<meta property=\"og:url\" content=\"https:\/\/totalsystems.nl\/es\/quienes-somos\/terminos-y-condiciones\/\" \/>\n<meta property=\"og:site_name\" content=\"Total Systems\" \/>\n<meta property=\"article:publisher\" content=\"https:\/\/www.facebook.com\/totalsystemsbv\" \/>\n<meta property=\"article:modified_time\" content=\"2024-07-11T09:33:25+00:00\" \/>\n<meta property=\"og:image\" content=\"https:\/\/totalsystems.nl\/wp-content\/uploads\/2023\/07\/Service-Total-Systems.jpg\" \/>\n\t<meta property=\"og:image:width\" content=\"2560\" \/>\n\t<meta property=\"og:image:height\" content=\"1707\" \/>\n\t<meta property=\"og:image:type\" content=\"image\/jpeg\" \/>\n<meta name=\"twitter:card\" content=\"summary_large_image\" \/>\n<script type=\"application\/ld+json\" class=\"yoast-schema-graph\">{\"@context\":\"https:\\\/\\\/schema.org\",\"@graph\":[{\"@type\":\"WebPage\",\"@id\":\"https:\\\/\\\/totalsystems.nl\\\/es\\\/quienes-somos\\\/terminos-y-condiciones\\\/\",\"url\":\"https:\\\/\\\/totalsystems.nl\\\/es\\\/quienes-somos\\\/terminos-y-condiciones\\\/\",\"name\":\"T\u00e9rminos y condiciones - Total Systems\",\"isPartOf\":{\"@id\":\"https:\\\/\\\/totalsystems.nl\\\/es\\\/#website\"},\"primaryImageOfPage\":{\"@id\":\"https:\\\/\\\/totalsystems.nl\\\/es\\\/quienes-somos\\\/terminos-y-condiciones\\\/#primaryimage\"},\"image\":{\"@id\":\"https:\\\/\\\/totalsystems.nl\\\/es\\\/quienes-somos\\\/terminos-y-condiciones\\\/#primaryimage\"},\"thumbnailUrl\":\"https:\\\/\\\/totalsystems.nl\\\/wp-content\\\/uploads\\\/2023\\\/07\\\/Service-Total-Systems.jpg\",\"datePublished\":\"2023-07-27T14:26:28+00:00\",\"dateModified\":\"2024-07-11T09:33:25+00:00\",\"breadcrumb\":{\"@id\":\"https:\\\/\\\/totalsystems.nl\\\/es\\\/quienes-somos\\\/terminos-y-condiciones\\\/#breadcrumb\"},\"inLanguage\":\"es\",\"potentialAction\":[{\"@type\":\"ReadAction\",\"target\":[\"https:\\\/\\\/totalsystems.nl\\\/es\\\/quienes-somos\\\/terminos-y-condiciones\\\/\"]}]},{\"@type\":\"ImageObject\",\"inLanguage\":\"es\",\"@id\":\"https:\\\/\\\/totalsystems.nl\\\/es\\\/quienes-somos\\\/terminos-y-condiciones\\\/#primaryimage\",\"url\":\"https:\\\/\\\/totalsystems.nl\\\/wp-content\\\/uploads\\\/2023\\\/07\\\/Service-Total-Systems.jpg\",\"contentUrl\":\"https:\\\/\\\/totalsystems.nl\\\/wp-content\\\/uploads\\\/2023\\\/07\\\/Service-Total-Systems.jpg\",\"width\":2560,\"height\":1707},{\"@type\":\"BreadcrumbList\",\"@id\":\"https:\\\/\\\/totalsystems.nl\\\/es\\\/quienes-somos\\\/terminos-y-condiciones\\\/#breadcrumb\",\"itemListElement\":[{\"@type\":\"ListItem\",\"position\":1,\"name\":\"Home\",\"item\":\"https:\\\/\\\/totalsystems.nl\\\/es\\\/\"},{\"@type\":\"ListItem\",\"position\":2,\"name\":\"Qui\u00e9nes somos\",\"item\":\"https:\\\/\\\/totalsystems.nl\\\/es\\\/over-ons\\\/\"},{\"@type\":\"ListItem\",\"position\":3,\"name\":\"T\u00e9rminos y condiciones\"}]},{\"@type\":\"WebSite\",\"@id\":\"https:\\\/\\\/totalsystems.nl\\\/es\\\/#website\",\"url\":\"https:\\\/\\\/totalsystems.nl\\\/es\\\/\",\"name\":\"Total Systems\",\"description\":\"Engineering, development, logistics and service\",\"publisher\":{\"@id\":\"https:\\\/\\\/totalsystems.nl\\\/es\\\/#organization\"},\"potentialAction\":[{\"@type\":\"SearchAction\",\"target\":{\"@type\":\"EntryPoint\",\"urlTemplate\":\"https:\\\/\\\/totalsystems.nl\\\/es\\\/?s={search_term_string}\"},\"query-input\":{\"@type\":\"PropertyValueSpecification\",\"valueRequired\":true,\"valueName\":\"search_term_string\"}}],\"inLanguage\":\"es\"},{\"@type\":\"Organization\",\"@id\":\"https:\\\/\\\/totalsystems.nl\\\/es\\\/#organization\",\"name\":\"Total Systems\",\"url\":\"https:\\\/\\\/totalsystems.nl\\\/es\\\/\",\"logo\":{\"@type\":\"ImageObject\",\"inLanguage\":\"es\",\"@id\":\"https:\\\/\\\/totalsystems.nl\\\/es\\\/#\\\/schema\\\/logo\\\/image\\\/\",\"url\":\"https:\\\/\\\/totalsystems.nl\\\/wp-content\\\/uploads\\\/2023\\\/07\\\/Total-Systems_logo.png\",\"contentUrl\":\"https:\\\/\\\/totalsystems.nl\\\/wp-content\\\/uploads\\\/2023\\\/07\\\/Total-Systems_logo.png\",\"width\":892,\"height\":216,\"caption\":\"Total Systems\"},\"image\":{\"@id\":\"https:\\\/\\\/totalsystems.nl\\\/es\\\/#\\\/schema\\\/logo\\\/image\\\/\"},\"sameAs\":[\"https:\\\/\\\/www.facebook.com\\\/totalsystemsbv\"]}]}<\/script>\n<!-- \/ Yoast SEO plugin. -->","yoast_head_json":{"title":"T\u00e9rminos y condiciones - Total Systems","robots":{"index":"index","follow":"follow","max-snippet":"max-snippet:-1","max-image-preview":"max-image-preview:large","max-video-preview":"max-video-preview:-1"},"canonical":"https:\/\/totalsystems.nl\/es\/quienes-somos\/terminos-y-condiciones\/","og_locale":"es_ES","og_type":"article","og_title":"T\u00e9rminos y condiciones - Total Systems","og_description":"T\u00e9rminos y condiciones Total Systems usa\u00a0ondiciones generales publicadas por Koninklijke Metaalunie (organizaci\u00f3n de emprendedores de la peque\u00f1a y mediana empresa en el metal) conocidas como CONDICIONES DE METAALUNIE, depositadas en la secretar\u00eda judicial del juzgado de Rotterdam el 1 de enero de 2019. Publicaci\u00f3n de Koninklijke Metaalunie, Postbus 2600, 3430 GA Nieuwegein. \u00a9Koninklijke Metaalunie descargar [&hellip;]","og_url":"https:\/\/totalsystems.nl\/es\/quienes-somos\/terminos-y-condiciones\/","og_site_name":"Total Systems","article_publisher":"https:\/\/www.facebook.com\/totalsystemsbv","article_modified_time":"2024-07-11T09:33:25+00:00","og_image":[{"width":2560,"height":1707,"url":"https:\/\/totalsystems.nl\/wp-content\/uploads\/2023\/07\/Service-Total-Systems.jpg","type":"image\/jpeg"}],"twitter_card":"summary_large_image","schema":{"@context":"https:\/\/schema.org","@graph":[{"@type":"WebPage","@id":"https:\/\/totalsystems.nl\/es\/quienes-somos\/terminos-y-condiciones\/","url":"https:\/\/totalsystems.nl\/es\/quienes-somos\/terminos-y-condiciones\/","name":"T\u00e9rminos y condiciones - Total Systems","isPartOf":{"@id":"https:\/\/totalsystems.nl\/es\/#website"},"primaryImageOfPage":{"@id":"https:\/\/totalsystems.nl\/es\/quienes-somos\/terminos-y-condiciones\/#primaryimage"},"image":{"@id":"https:\/\/totalsystems.nl\/es\/quienes-somos\/terminos-y-condiciones\/#primaryimage"},"thumbnailUrl":"https:\/\/totalsystems.nl\/wp-content\/uploads\/2023\/07\/Service-Total-Systems.jpg","datePublished":"2023-07-27T14:26:28+00:00","dateModified":"2024-07-11T09:33:25+00:00","breadcrumb":{"@id":"https:\/\/totalsystems.nl\/es\/quienes-somos\/terminos-y-condiciones\/#breadcrumb"},"inLanguage":"es","potentialAction":[{"@type":"ReadAction","target":["https:\/\/totalsystems.nl\/es\/quienes-somos\/terminos-y-condiciones\/"]}]},{"@type":"ImageObject","inLanguage":"es","@id":"https:\/\/totalsystems.nl\/es\/quienes-somos\/terminos-y-condiciones\/#primaryimage","url":"https:\/\/totalsystems.nl\/wp-content\/uploads\/2023\/07\/Service-Total-Systems.jpg","contentUrl":"https:\/\/totalsystems.nl\/wp-content\/uploads\/2023\/07\/Service-Total-Systems.jpg","width":2560,"height":1707},{"@type":"BreadcrumbList","@id":"https:\/\/totalsystems.nl\/es\/quienes-somos\/terminos-y-condiciones\/#breadcrumb","itemListElement":[{"@type":"ListItem","position":1,"name":"Home","item":"https:\/\/totalsystems.nl\/es\/"},{"@type":"ListItem","position":2,"name":"Qui\u00e9nes somos","item":"https:\/\/totalsystems.nl\/es\/over-ons\/"},{"@type":"ListItem","position":3,"name":"T\u00e9rminos y condiciones"}]},{"@type":"WebSite","@id":"https:\/\/totalsystems.nl\/es\/#website","url":"https:\/\/totalsystems.nl\/es\/","name":"Total Systems","description":"Engineering, development, logistics and service","publisher":{"@id":"https:\/\/totalsystems.nl\/es\/#organization"},"potentialAction":[{"@type":"SearchAction","target":{"@type":"EntryPoint","urlTemplate":"https:\/\/totalsystems.nl\/es\/?s={search_term_string}"},"query-input":{"@type":"PropertyValueSpecification","valueRequired":true,"valueName":"search_term_string"}}],"inLanguage":"es"},{"@type":"Organization","@id":"https:\/\/totalsystems.nl\/es\/#organization","name":"Total Systems","url":"https:\/\/totalsystems.nl\/es\/","logo":{"@type":"ImageObject","inLanguage":"es","@id":"https:\/\/totalsystems.nl\/es\/#\/schema\/logo\/image\/","url":"https:\/\/totalsystems.nl\/wp-content\/uploads\/2023\/07\/Total-Systems_logo.png","contentUrl":"https:\/\/totalsystems.nl\/wp-content\/uploads\/2023\/07\/Total-Systems_logo.png","width":892,"height":216,"caption":"Total Systems"},"image":{"@id":"https:\/\/totalsystems.nl\/es\/#\/schema\/logo\/image\/"},"sameAs":["https:\/\/www.facebook.com\/totalsystemsbv"]}]}},"_links":{"self":[{"href":"https:\/\/totalsystems.nl\/es\/wp-json\/wp\/v2\/pages\/5964","targetHints":{"allow":["GET"]}}],"collection":[{"href":"https:\/\/totalsystems.nl\/es\/wp-json\/wp\/v2\/pages"}],"about":[{"href":"https:\/\/totalsystems.nl\/es\/wp-json\/wp\/v2\/types\/page"}],"author":[{"embeddable":true,"href":"https:\/\/totalsystems.nl\/es\/wp-json\/wp\/v2\/users\/2"}],"replies":[{"embeddable":true,"href":"https:\/\/totalsystems.nl\/es\/wp-json\/wp\/v2\/comments?post=5964"}],"version-history":[{"count":5,"href":"https:\/\/totalsystems.nl\/es\/wp-json\/wp\/v2\/pages\/5964\/revisions"}],"predecessor-version":[{"id":6396,"href":"https:\/\/totalsystems.nl\/es\/wp-json\/wp\/v2\/pages\/5964\/revisions\/6396"}],"up":[{"embeddable":true,"href":"https:\/\/totalsystems.nl\/es\/wp-json\/wp\/v2\/pages\/5377"}],"wp:featuredmedia":[{"embeddable":true,"href":"https:\/\/totalsystems.nl\/es\/wp-json\/wp\/v2\/media\/5351"}],"wp:attachment":[{"href":"https:\/\/totalsystems.nl\/es\/wp-json\/wp\/v2\/media?parent=5964"}],"curies":[{"name":"wp","href":"https:\/\/api.w.org\/{rel}","templated":true}]}}