{"id":5831,"date":"2023-08-30T12:53:36","date_gmt":"2023-08-30T12:53:36","guid":{"rendered":"https:\/\/totalsystems.nl\/sector-agrario\/bulbos\/linea-envasadora-para-exportacion-de-bulbos-de-lilium\/"},"modified":"2024-07-02T09:53:52","modified_gmt":"2024-07-02T09:53:52","slug":"linea-envasadora-para-exportacion-de-bulbos-de-lilium","status":"publish","type":"page","link":"https:\/\/totalsystems.nl\/es\/sector-agrario\/bulbos\/linea-envasadora-para-exportacion-de-bulbos-de-lilium\/","title":{"rendered":"L\u00ednea envasadora para exportaci\u00f3n de bulbos de Lilium"},"content":{"rendered":"\t\t<div data-elementor-type=\"wp-page\" data-elementor-id=\"5831\" class=\"elementor elementor-5831 elementor-2186\" data-elementor-post-type=\"page\">\n\t\t\t\t\t\t<section class=\"elementor-section elementor-top-section elementor-element elementor-element-29e4f91a elementor-section-full_width elementor-section-cirkel-effect elementor-section-height-default elementor-section-height-default\" data-id=\"29e4f91a\" data-element_type=\"section\" data-e-type=\"section\">\n\t\t\t\t\t\t<div class=\"elementor-container elementor-column-gap-default\">\n\t\t\t\t\t<div class=\"elementor-column elementor-col-100 elementor-top-column elementor-element elementor-element-13850565\" data-id=\"13850565\" data-element_type=\"column\" data-e-type=\"column\" data-settings=\"{&quot;background_background&quot;:&quot;classic&quot;}\">\n\t\t\t<div class=\"elementor-widget-wrap elementor-element-populated\">\n\t\t\t\t\t<div class=\"elementor-background-overlay\"><\/div>\n\t\t\t\t\t\t<section class=\"elementor-section elementor-inner-section elementor-element elementor-element-24267948 elementor-section-boxed elementor-section-height-default elementor-section-height-default\" data-id=\"24267948\" data-element_type=\"section\" data-e-type=\"section\">\n\t\t\t\t\t\t<div class=\"elementor-container elementor-column-gap-default\">\n\t\t\t\t\t<div class=\"elementor-column elementor-col-50 elementor-inner-column elementor-element elementor-element-672669bb\" data-id=\"672669bb\" data-element_type=\"column\" data-e-type=\"column\" data-settings=\"{&quot;background_background&quot;:&quot;classic&quot;}\">\n\t\t\t<div class=\"elementor-widget-wrap elementor-element-populated\">\n\t\t\t\t\t\t<div class=\"elementor-element elementor-element-08355d6 elementor-widget elementor-widget-heading\" data-id=\"08355d6\" data-element_type=\"widget\" data-e-type=\"widget\" data-widget_type=\"heading.default\">\n\t\t\t\t<div class=\"elementor-widget-container\">\n\t\t\t\t\t<h1 class=\"elementor-heading-title elementor-size-default\">Envasado econ\u00f3mico de sus Lilium de exportaci\u00f3n<\/h1>\t\t\t\t<\/div>\n\t\t\t\t<\/div>\n\t\t\t\t<div class=\"elementor-element elementor-element-2da506f elementor-widget elementor-widget-text-editor\" data-id=\"2da506f\" data-element_type=\"widget\" data-e-type=\"widget\" data-widget_type=\"text-editor.default\">\n\t\t\t\t<div class=\"elementor-widget-container\">\n\t\t\t\t\t\t\t\t\t<p>Total Systems ofrece soluciones integrales para envasar bulbos de flores para su exportaci\u00f3n.<\/p>\n\t\t\t\t\t\t\t\t<\/div>\n\t\t\t\t<\/div>\n\t\t\t\t\t<\/div>\n\t\t<\/div>\n\t\t\t\t<div class=\"elementor-column elementor-col-50 elementor-inner-column elementor-element elementor-element-2dfea54c\" data-id=\"2dfea54c\" data-element_type=\"column\" data-e-type=\"column\">\n\t\t\t<div class=\"elementor-widget-wrap\">\n\t\t\t\t\t\t\t<\/div>\n\t\t<\/div>\n\t\t\t\t\t<\/div>\n\t\t<\/section>\n\t\t\t\t\t<\/div>\n\t\t<\/div>\n\t\t\t\t\t<\/div>\n\t\t<\/section>\n\t\t\t\t<section class=\"elementor-section elementor-top-section elementor-element elementor-element-bec0bad elementor-section-boxed elementor-section-height-default elementor-section-height-default\" data-id=\"bec0bad\" data-element_type=\"section\" data-e-type=\"section\">\n\t\t\t\t\t\t<div class=\"elementor-container elementor-column-gap-default\">\n\t\t\t\t\t<div class=\"elementor-column elementor-col-100 elementor-top-column elementor-element elementor-element-91e390b\" data-id=\"91e390b\" data-element_type=\"column\" data-e-type=\"column\">\n\t\t\t<div class=\"elementor-widget-wrap elementor-element-populated\">\n\t\t\t\t\t\t<div class=\"elementor-element elementor-element-6174abc elementor-widget elementor-widget-heading\" data-id=\"6174abc\" data-element_type=\"widget\" data-e-type=\"widget\" data-widget_type=\"heading.default\">\n\t\t\t\t<div class=\"elementor-widget-container\">\n\t\t\t\t\t<h2 class=\"elementor-heading-title elementor-size-default\">L\u00ednea envasadora para la exportaci\u00f3n de Lilium<\/h2>\t\t\t\t<\/div>\n\t\t\t\t<\/div>\n\t\t\t\t<div class=\"elementor-element elementor-element-5f2c04e elementor-widget elementor-widget-text-editor\" data-id=\"5f2c04e\" data-element_type=\"widget\" data-e-type=\"widget\" data-widget_type=\"text-editor.default\">\n\t\t\t\t<div class=\"elementor-widget-container\">\n\t\t\t\t\t\t\t\t\t<p>La l\u00ednea de envasado totalmente automatizada de Total Systems le proporciona una forma econ\u00f3mica de envasar sus bulbos de Lilium para su exportaci\u00f3n.<\/p>\n\t\t\t\t\t\t\t\t<\/div>\n\t\t\t\t<\/div>\n\t\t\t\t\t<\/div>\n\t\t<\/div>\n\t\t\t\t\t<\/div>\n\t\t<\/section>\n\t\t\t\t<section class=\"elementor-section elementor-top-section elementor-element elementor-element-7144306 elementor-section-boxed elementor-section-height-default elementor-section-height-default\" data-id=\"7144306\" data-element_type=\"section\" data-e-type=\"section\" data-settings=\"{&quot;background_background&quot;:&quot;classic&quot;}\">\n\t\t\t\t\t\t<div class=\"elementor-container elementor-column-gap-default\">\n\t\t\t\t\t<div class=\"elementor-column elementor-col-50 elementor-top-column elementor-element elementor-element-4b03210\" data-id=\"4b03210\" data-element_type=\"column\" data-e-type=\"column\">\n\t\t\t<div class=\"elementor-widget-wrap elementor-element-populated\">\n\t\t\t\t\t\t<div class=\"elementor-element elementor-element-82ca165 elementor-widget elementor-widget-heading\" data-id=\"82ca165\" data-element_type=\"widget\" data-e-type=\"widget\" data-widget_type=\"heading.default\">\n\t\t\t\t<div class=\"elementor-widget-container\">\n\t\t\t\t\t<h3 class=\"elementor-heading-title elementor-size-default\">Trabajo limpio<\/h3>\t\t\t\t<\/div>\n\t\t\t\t<\/div>\n\t\t\t\t<div class=\"elementor-element elementor-element-2d1bae2 elementor-widget elementor-widget-text-editor\" data-id=\"2d1bae2\" data-element_type=\"widget\" data-e-type=\"widget\" data-widget_type=\"text-editor.default\">\n\t\t\t\t<div class=\"elementor-widget-container\">\n\t\t\t\t\t\t\t\t\t<p>Para la exportaci\u00f3n de bulbos de Lilium hay establecidos unos requisitos muy estrictos. Los productos deben estar limpios y libres de pat\u00f3genos. Con la soluci\u00f3n integral de Total Systems ya no tendr\u00e1 que preocuparse por ello.<\/p>\n\t\t\t\t\t\t\t\t<\/div>\n\t\t\t\t<\/div>\n\t\t\t\t<div class=\"elementor-element elementor-element-ff3a4e7 elementor-widget elementor-widget-text-editor\" data-id=\"ff3a4e7\" data-element_type=\"widget\" data-e-type=\"widget\" data-widget_type=\"text-editor.default\">\n\t\t\t\t<div class=\"elementor-widget-container\">\n\t\t\t\t\t\t\t\t\t<p>Los bulbos se transportan internamente, se pesan y se limpian antes de llegar al propio envasado. Este sistema avanzado consigue que no se desperdicien ni bulbos ni material de embalaje.<\/p>\n\t\t\t\t\t\t\t\t<\/div>\n\t\t\t\t<\/div>\n\t\t\t\t\t<\/div>\n\t\t<\/div>\n\t\t\t\t<div class=\"elementor-column elementor-col-50 elementor-top-column elementor-element elementor-element-fa89f93\" data-id=\"fa89f93\" data-element_type=\"column\" data-e-type=\"column\">\n\t\t\t<div class=\"elementor-widget-wrap elementor-element-populated\">\n\t\t\t\t\t\t<div class=\"elementor-element elementor-element-a1b4996 elementor-widget elementor-widget-text-editor\" data-id=\"a1b4996\" data-element_type=\"widget\" data-e-type=\"widget\" data-widget_type=\"text-editor.default\">\n\t\t\t\t<div class=\"elementor-widget-container\">\n\t\t\t\t\t\t\t\t\t<p>Como gracias a \u00e9l desaparece el trabajo f\u00edsico intenso, como el de levantar pesos, no solo ahorrar\u00e1 tiempo, sino tambi\u00e9n mano de obra. Por este motivo, la l\u00ednea envasadora para Lilium de exportaci\u00f3n es una inversi\u00f3n que ahorra costes.<\/p>\n\t\t\t\t\t\t\t\t<\/div>\n\t\t\t\t<\/div>\n\t\t\t\t<div class=\"elementor-element elementor-element-82615ca elementor-widget elementor-widget-heading\" data-id=\"82615ca\" data-element_type=\"widget\" data-e-type=\"widget\" data-widget_type=\"heading.default\">\n\t\t\t\t<div class=\"elementor-widget-container\">\n\t\t\t\t\t<h3 class=\"elementor-heading-title elementor-size-default\">Tecnolog\u00eda de vanguardia<\/h3>\t\t\t\t<\/div>\n\t\t\t\t<\/div>\n\t\t\t\t<div class=\"elementor-element elementor-element-006d7ce elementor-widget elementor-widget-text-editor\" data-id=\"006d7ce\" data-element_type=\"widget\" data-e-type=\"widget\" data-widget_type=\"text-editor.default\">\n\t\t\t\t<div class=\"elementor-widget-container\">\n\t\t\t\t\t\t\t\t\t<p>La l\u00ednea envasadora para Lilium de exportaci\u00f3n se hace a medida en funci\u00f3n de sus requisitos. Utilizamos las tecnolog\u00edas m\u00e1s modernas para dise\u00f1ar y construir nuestras m\u00e1quinas. El manejo de los aparatos es sencillo e intuitivo: cualquier persona de la empresa puede trabajar con ellos.<\/p>\n\t\t\t\t\t\t\t\t<\/div>\n\t\t\t\t<\/div>\n\t\t\t\t\t<\/div>\n\t\t<\/div>\n\t\t\t\t\t<\/div>\n\t\t<\/section>\n\t\t\t\t<section class=\"elementor-section elementor-top-section elementor-element elementor-element-b54d6f2 elementor-section-boxed elementor-section-height-default elementor-section-height-default\" data-id=\"b54d6f2\" data-element_type=\"section\" data-e-type=\"section\">\n\t\t\t\t\t\t<div class=\"elementor-container elementor-column-gap-default\">\n\t\t\t\t\t<div class=\"elementor-column elementor-col-100 elementor-top-column elementor-element elementor-element-4b0b2ea\" data-id=\"4b0b2ea\" data-element_type=\"column\" data-e-type=\"column\">\n\t\t\t<div class=\"elementor-widget-wrap elementor-element-populated\">\n\t\t\t\t\t\t<div class=\"elementor-element elementor-element-879450f elementor-widget elementor-widget-heading\" data-id=\"879450f\" data-element_type=\"widget\" data-e-type=\"widget\" data-widget_type=\"heading.default\">\n\t\t\t\t<div class=\"elementor-widget-container\">\n\t\t\t\t\t<h2 class=\"elementor-heading-title elementor-size-default\">L\u00ednea de procesamiento completa para la exportaci\u00f3n de Lilium<\/h2>\t\t\t\t<\/div>\n\t\t\t\t<\/div>\n\t\t\t\t<div class=\"elementor-element elementor-element-119e0bb elementor-widget elementor-widget-video\" data-id=\"119e0bb\" data-element_type=\"widget\" data-e-type=\"widget\" data-settings=\"{&quot;youtube_url&quot;:&quot;https:\\\/\\\/youtu.be\\\/JzFeApwBOFA&quot;,&quot;show_image_overlay&quot;:&quot;yes&quot;,&quot;image_overlay&quot;:{&quot;url&quot;:&quot;https:\\\/\\\/totalsystems.nl\\\/wp-content\\\/uploads\\\/2023\\\/09\\\/inpaklijn-lelie-export-Total-Systems-1.png&quot;,&quot;id&quot;:2781,&quot;size&quot;:&quot;&quot;,&quot;alt&quot;:&quot;&quot;,&quot;source&quot;:&quot;library&quot;},&quot;video_type&quot;:&quot;youtube&quot;,&quot;controls&quot;:&quot;yes&quot;}\" data-widget_type=\"video.default\">\n\t\t\t\t<div class=\"elementor-widget-container\">\n\t\t\t\t\t\t\t<div class=\"elementor-wrapper elementor-open-inline\">\n\t\t\t<div class=\"elementor-video\"><\/div>\t\t\t\t<div class=\"elementor-custom-embed-image-overlay\" style=\"background-image: url(https:\/\/totalsystems.nl\/wp-content\/uploads\/2023\/09\/inpaklijn-lelie-export-Total-Systems-1.png);\">\n\t\t\t\t\t\t\t\t\t\t\t\t\t\t\t\t<div class=\"elementor-custom-embed-play\" role=\"button\" aria-label=\"Reproducir v\u00eddeo\" tabindex=\"0\">\n\t\t\t\t\t\t\t<svg xmlns=\"http:\/\/www.w3.org\/2000\/svg\" id=\"Laag_1\" viewBox=\"0 0 219.97 219.97\"><defs><style>.cls-1{fill:#009d54;}.cls-1,.cls-2{stroke-width:0px;}.cls-2{fill:#ececec;}<\/style><\/defs><path class=\"cls-2\" d=\"m189.64,180.2c9.25,0,14.46-4.84,14.46-14.6V54.4c0-9.76-5.21-14.68-14.46-14.68H30.36c-9.4,0-14.46,4.92-14.46,14.68v111.19c0,9.76,5.06,14.6,14.46,14.6h159.27Z\"><\/path><path class=\"cls-1\" d=\"m0,166.9V53.03C0,33.87,10.12,23.89,29.42,23.89h161.15c19.38,0,29.42,10.05,29.42,29.14v113.87c0,19.16-10.05,29.21-29.42,29.21H29.42C10.12,196.11,0,186.13,0,166.9Zm189.64,13.3c9.25,0,14.46-4.84,14.46-14.6V54.4c0-9.76-5.21-14.68-14.46-14.68H30.36c-9.4,0-14.46,4.92-14.46,14.68v111.19c0,9.76,5.06,14.6,14.46,14.6h159.27Zm-107.36-101.36c0-4.05,4.77-5.86,8.46-3.69l50.82,30.22c3.54,2.1,3.61,7.16,0,9.25l-50.82,30.08c-3.9,2.31-8.46.36-8.46-3.69v-62.18Z\"><\/path><\/svg>\t\t\t\t\t\t<\/div>\n\t\t\t\t\t\t\t\t\t<\/div>\n\t\t\t\t\t<\/div>\n\t\t\t\t\t\t<\/div>\n\t\t\t\t<\/div>\n\t\t\t\t\t<\/div>\n\t\t<\/div>\n\t\t\t\t\t<\/div>\n\t\t<\/section>\n\t\t\t\t<section class=\"elementor-section elementor-top-section elementor-element elementor-element-7bdc4a82 elementor-section-boxed elementor-section-height-default elementor-section-height-default\" data-id=\"7bdc4a82\" data-element_type=\"section\" data-e-type=\"section\">\n\t\t\t\t\t\t<div class=\"elementor-container elementor-column-gap-default\">\n\t\t\t\t\t<div class=\"elementor-column elementor-col-100 elementor-top-column elementor-element elementor-element-6b26e090\" data-id=\"6b26e090\" data-element_type=\"column\" data-e-type=\"column\">\n\t\t\t<div class=\"elementor-widget-wrap elementor-element-populated\">\n\t\t\t\t\t\t<div class=\"elementor-element elementor-element-6a55cdb1 elementor-widget elementor-widget-jet-view-more\" data-id=\"6a55cdb1\" data-element_type=\"widget\" data-e-type=\"widget\" data-widget_type=\"jet-view-more.default\">\n\t\t\t\t<div class=\"elementor-widget-container\">\n\t\t\t\t\t<div class=\"jet-view-more\" data-settings=\"{&quot;effect&quot;:&quot;move-up&quot;,&quot;hide_effect&quot;:null,&quot;sections&quot;:{&quot;ba073e2&quot;:&quot;Productsectie2&quot;,&quot;9a34cd4&quot;:&quot;Productsectie3&quot;},&quot;showall&quot;:false,&quot;read_less&quot;:false,&quot;read_more_label&quot;:&quot;Mostrar m\\u00e1s&quot;,&quot;read_more_icon&quot;:{&quot;value&quot;:&quot;&quot;,&quot;library&quot;:&quot;&quot;},&quot;read_less_label&quot;:null,&quot;read_less_icon&quot;:null,&quot;hide_all&quot;:false}\"><div class=\"jet-view-more__button\" role=\"button\" tabindex=\"0\"><div class=\"jet-view-more__label\">Mostrar m\u00e1s<\/div><\/div><\/div>\t\t\t\t<\/div>\n\t\t\t\t<\/div>\n\t\t\t\t\t<\/div>\n\t\t<\/div>\n\t\t\t\t\t<\/div>\n\t\t<\/section>\n\t\t\t\t<\/div>\n\t\t","protected":false},"excerpt":{"rendered":"<p>Envasado econ\u00f3mico de sus Lilium de exportaci\u00f3n Total Systems ofrece soluciones integrales para envasar bulbos de flores para su exportaci\u00f3n. L\u00ednea envasadora para la exportaci\u00f3n de Lilium La l\u00ednea de envasado totalmente automatizada de Total Systems le proporciona una forma econ\u00f3mica de envasar sus bulbos de Lilium para su exportaci\u00f3n. Trabajo limpio Para la exportaci\u00f3n [&hellip;]<\/p>\n","protected":false},"author":2,"featured_media":6509,"parent":5823,"menu_order":4,"comment_status":"closed","ping_status":"closed","template":"","meta":{"footnotes":""},"class_list":["post-5831","page","type-page","status-publish","has-post-thumbnail","hentry"],"yoast_head":"<!-- This site is optimized with the Yoast SEO plugin v27.4 - https:\/\/yoast.com\/product\/yoast-seo-wordpress\/ -->\n<title>L\u00ednea envasadora para exportaci\u00f3n de bulbos de Lilium - Total Systems<\/title>\n<meta name=\"robots\" content=\"index, follow, max-snippet:-1, max-image-preview:large, max-video-preview:-1\" \/>\n<link rel=\"canonical\" href=\"https:\/\/totalsystems.nl\/es\/sector-agrario\/bulbos\/linea-envasadora-para-exportacion-de-bulbos-de-lilium\/\" \/>\n<meta property=\"og:locale\" content=\"es_ES\" \/>\n<meta property=\"og:type\" content=\"article\" \/>\n<meta property=\"og:title\" content=\"L\u00ednea envasadora para exportaci\u00f3n de bulbos de Lilium - Total Systems\" \/>\n<meta property=\"og:description\" content=\"Envasado econ\u00f3mico de sus Lilium de exportaci\u00f3n Total Systems ofrece soluciones integrales para envasar bulbos de flores para su exportaci\u00f3n. L\u00ednea envasadora para la exportaci\u00f3n de Lilium La l\u00ednea de envasado totalmente automatizada de Total Systems le proporciona una forma econ\u00f3mica de envasar sus bulbos de Lilium para su exportaci\u00f3n. Trabajo limpio Para la exportaci\u00f3n [&hellip;]\" \/>\n<meta property=\"og:url\" content=\"https:\/\/totalsystems.nl\/es\/sector-agrario\/bulbos\/linea-envasadora-para-exportacion-de-bulbos-de-lilium\/\" \/>\n<meta property=\"og:site_name\" content=\"Total Systems\" \/>\n<meta property=\"article:publisher\" content=\"https:\/\/www.facebook.com\/totalsystemsbv\" \/>\n<meta property=\"article:modified_time\" content=\"2024-07-02T09:53:52+00:00\" \/>\n<meta property=\"og:image\" content=\"https:\/\/totalsystems.nl\/wp-content\/uploads\/2023\/09\/Leliebolleninpaklijn-Total-Systems-038.jpg\" \/>\n\t<meta property=\"og:image:width\" content=\"1600\" \/>\n\t<meta property=\"og:image:height\" content=\"900\" \/>\n\t<meta property=\"og:image:type\" content=\"image\/jpeg\" \/>\n<meta name=\"twitter:card\" content=\"summary_large_image\" \/>\n<meta name=\"twitter:label1\" content=\"Tiempo de lectura\" \/>\n\t<meta name=\"twitter:data1\" content=\"1 minuto\" \/>\n<script type=\"application\/ld+json\" class=\"yoast-schema-graph\">{\"@context\":\"https:\\\/\\\/schema.org\",\"@graph\":[{\"@type\":\"WebPage\",\"@id\":\"https:\\\/\\\/totalsystems.nl\\\/es\\\/sector-agrario\\\/bulbos\\\/linea-envasadora-para-exportacion-de-bulbos-de-lilium\\\/\",\"url\":\"https:\\\/\\\/totalsystems.nl\\\/es\\\/sector-agrario\\\/bulbos\\\/linea-envasadora-para-exportacion-de-bulbos-de-lilium\\\/\",\"name\":\"L\u00ednea envasadora para exportaci\u00f3n de bulbos de Lilium - Total Systems\",\"isPartOf\":{\"@id\":\"https:\\\/\\\/totalsystems.nl\\\/es\\\/#website\"},\"primaryImageOfPage\":{\"@id\":\"https:\\\/\\\/totalsystems.nl\\\/es\\\/sector-agrario\\\/bulbos\\\/linea-envasadora-para-exportacion-de-bulbos-de-lilium\\\/#primaryimage\"},\"image\":{\"@id\":\"https:\\\/\\\/totalsystems.nl\\\/es\\\/sector-agrario\\\/bulbos\\\/linea-envasadora-para-exportacion-de-bulbos-de-lilium\\\/#primaryimage\"},\"thumbnailUrl\":\"https:\\\/\\\/totalsystems.nl\\\/wp-content\\\/uploads\\\/2023\\\/09\\\/Leliebolleninpaklijn-Total-Systems-038.jpg\",\"datePublished\":\"2023-08-30T12:53:36+00:00\",\"dateModified\":\"2024-07-02T09:53:52+00:00\",\"breadcrumb\":{\"@id\":\"https:\\\/\\\/totalsystems.nl\\\/es\\\/sector-agrario\\\/bulbos\\\/linea-envasadora-para-exportacion-de-bulbos-de-lilium\\\/#breadcrumb\"},\"inLanguage\":\"es\",\"potentialAction\":[{\"@type\":\"ReadAction\",\"target\":[\"https:\\\/\\\/totalsystems.nl\\\/es\\\/sector-agrario\\\/bulbos\\\/linea-envasadora-para-exportacion-de-bulbos-de-lilium\\\/\"]}]},{\"@type\":\"ImageObject\",\"inLanguage\":\"es\",\"@id\":\"https:\\\/\\\/totalsystems.nl\\\/es\\\/sector-agrario\\\/bulbos\\\/linea-envasadora-para-exportacion-de-bulbos-de-lilium\\\/#primaryimage\",\"url\":\"https:\\\/\\\/totalsystems.nl\\\/wp-content\\\/uploads\\\/2023\\\/09\\\/Leliebolleninpaklijn-Total-Systems-038.jpg\",\"contentUrl\":\"https:\\\/\\\/totalsystems.nl\\\/wp-content\\\/uploads\\\/2023\\\/09\\\/Leliebolleninpaklijn-Total-Systems-038.jpg\",\"width\":1600,\"height\":900},{\"@type\":\"BreadcrumbList\",\"@id\":\"https:\\\/\\\/totalsystems.nl\\\/es\\\/sector-agrario\\\/bulbos\\\/linea-envasadora-para-exportacion-de-bulbos-de-lilium\\\/#breadcrumb\",\"itemListElement\":[{\"@type\":\"ListItem\",\"position\":1,\"name\":\"Home\",\"item\":\"https:\\\/\\\/totalsystems.nl\\\/es\\\/\"},{\"@type\":\"ListItem\",\"position\":2,\"name\":\"Sector agrario\",\"item\":\"https:\\\/\\\/totalsystems.nl\\\/es\\\/agrarisch\\\/\"},{\"@type\":\"ListItem\",\"position\":3,\"name\":\"Bulbos\",\"item\":\"https:\\\/\\\/totalsystems.nl\\\/es\\\/agrarisch\\\/bolgewassen\\\/\"},{\"@type\":\"ListItem\",\"position\":4,\"name\":\"L\u00ednea envasadora para exportaci\u00f3n de bulbos de Lilium\"}]},{\"@type\":\"WebSite\",\"@id\":\"https:\\\/\\\/totalsystems.nl\\\/es\\\/#website\",\"url\":\"https:\\\/\\\/totalsystems.nl\\\/es\\\/\",\"name\":\"Total Systems\",\"description\":\"Engineering, development, logistics and service\",\"publisher\":{\"@id\":\"https:\\\/\\\/totalsystems.nl\\\/es\\\/#organization\"},\"potentialAction\":[{\"@type\":\"SearchAction\",\"target\":{\"@type\":\"EntryPoint\",\"urlTemplate\":\"https:\\\/\\\/totalsystems.nl\\\/es\\\/?s={search_term_string}\"},\"query-input\":{\"@type\":\"PropertyValueSpecification\",\"valueRequired\":true,\"valueName\":\"search_term_string\"}}],\"inLanguage\":\"es\"},{\"@type\":\"Organization\",\"@id\":\"https:\\\/\\\/totalsystems.nl\\\/es\\\/#organization\",\"name\":\"Total Systems\",\"url\":\"https:\\\/\\\/totalsystems.nl\\\/es\\\/\",\"logo\":{\"@type\":\"ImageObject\",\"inLanguage\":\"es\",\"@id\":\"https:\\\/\\\/totalsystems.nl\\\/es\\\/#\\\/schema\\\/logo\\\/image\\\/\",\"url\":\"https:\\\/\\\/totalsystems.nl\\\/wp-content\\\/uploads\\\/2023\\\/07\\\/Total-Systems_logo.png\",\"contentUrl\":\"https:\\\/\\\/totalsystems.nl\\\/wp-content\\\/uploads\\\/2023\\\/07\\\/Total-Systems_logo.png\",\"width\":892,\"height\":216,\"caption\":\"Total Systems\"},\"image\":{\"@id\":\"https:\\\/\\\/totalsystems.nl\\\/es\\\/#\\\/schema\\\/logo\\\/image\\\/\"},\"sameAs\":[\"https:\\\/\\\/www.facebook.com\\\/totalsystemsbv\"]}]}<\/script>\n<!-- \/ Yoast SEO plugin. -->","yoast_head_json":{"title":"L\u00ednea envasadora para exportaci\u00f3n de bulbos de Lilium - Total Systems","robots":{"index":"index","follow":"follow","max-snippet":"max-snippet:-1","max-image-preview":"max-image-preview:large","max-video-preview":"max-video-preview:-1"},"canonical":"https:\/\/totalsystems.nl\/es\/sector-agrario\/bulbos\/linea-envasadora-para-exportacion-de-bulbos-de-lilium\/","og_locale":"es_ES","og_type":"article","og_title":"L\u00ednea envasadora para exportaci\u00f3n de bulbos de Lilium - Total Systems","og_description":"Envasado econ\u00f3mico de sus Lilium de exportaci\u00f3n Total Systems ofrece soluciones integrales para envasar bulbos de flores para su exportaci\u00f3n. L\u00ednea envasadora para la exportaci\u00f3n de Lilium La l\u00ednea de envasado totalmente automatizada de Total Systems le proporciona una forma econ\u00f3mica de envasar sus bulbos de Lilium para su exportaci\u00f3n. Trabajo limpio Para la exportaci\u00f3n [&hellip;]","og_url":"https:\/\/totalsystems.nl\/es\/sector-agrario\/bulbos\/linea-envasadora-para-exportacion-de-bulbos-de-lilium\/","og_site_name":"Total Systems","article_publisher":"https:\/\/www.facebook.com\/totalsystemsbv","article_modified_time":"2024-07-02T09:53:52+00:00","og_image":[{"width":1600,"height":900,"url":"https:\/\/totalsystems.nl\/wp-content\/uploads\/2023\/09\/Leliebolleninpaklijn-Total-Systems-038.jpg","type":"image\/jpeg"}],"twitter_card":"summary_large_image","twitter_misc":{"Tiempo de lectura":"1 minuto"},"schema":{"@context":"https:\/\/schema.org","@graph":[{"@type":"WebPage","@id":"https:\/\/totalsystems.nl\/es\/sector-agrario\/bulbos\/linea-envasadora-para-exportacion-de-bulbos-de-lilium\/","url":"https:\/\/totalsystems.nl\/es\/sector-agrario\/bulbos\/linea-envasadora-para-exportacion-de-bulbos-de-lilium\/","name":"L\u00ednea envasadora para exportaci\u00f3n de bulbos de Lilium - Total Systems","isPartOf":{"@id":"https:\/\/totalsystems.nl\/es\/#website"},"primaryImageOfPage":{"@id":"https:\/\/totalsystems.nl\/es\/sector-agrario\/bulbos\/linea-envasadora-para-exportacion-de-bulbos-de-lilium\/#primaryimage"},"image":{"@id":"https:\/\/totalsystems.nl\/es\/sector-agrario\/bulbos\/linea-envasadora-para-exportacion-de-bulbos-de-lilium\/#primaryimage"},"thumbnailUrl":"https:\/\/totalsystems.nl\/wp-content\/uploads\/2023\/09\/Leliebolleninpaklijn-Total-Systems-038.jpg","datePublished":"2023-08-30T12:53:36+00:00","dateModified":"2024-07-02T09:53:52+00:00","breadcrumb":{"@id":"https:\/\/totalsystems.nl\/es\/sector-agrario\/bulbos\/linea-envasadora-para-exportacion-de-bulbos-de-lilium\/#breadcrumb"},"inLanguage":"es","potentialAction":[{"@type":"ReadAction","target":["https:\/\/totalsystems.nl\/es\/sector-agrario\/bulbos\/linea-envasadora-para-exportacion-de-bulbos-de-lilium\/"]}]},{"@type":"ImageObject","inLanguage":"es","@id":"https:\/\/totalsystems.nl\/es\/sector-agrario\/bulbos\/linea-envasadora-para-exportacion-de-bulbos-de-lilium\/#primaryimage","url":"https:\/\/totalsystems.nl\/wp-content\/uploads\/2023\/09\/Leliebolleninpaklijn-Total-Systems-038.jpg","contentUrl":"https:\/\/totalsystems.nl\/wp-content\/uploads\/2023\/09\/Leliebolleninpaklijn-Total-Systems-038.jpg","width":1600,"height":900},{"@type":"BreadcrumbList","@id":"https:\/\/totalsystems.nl\/es\/sector-agrario\/bulbos\/linea-envasadora-para-exportacion-de-bulbos-de-lilium\/#breadcrumb","itemListElement":[{"@type":"ListItem","position":1,"name":"Home","item":"https:\/\/totalsystems.nl\/es\/"},{"@type":"ListItem","position":2,"name":"Sector agrario","item":"https:\/\/totalsystems.nl\/es\/agrarisch\/"},{"@type":"ListItem","position":3,"name":"Bulbos","item":"https:\/\/totalsystems.nl\/es\/agrarisch\/bolgewassen\/"},{"@type":"ListItem","position":4,"name":"L\u00ednea envasadora para exportaci\u00f3n de bulbos de Lilium"}]},{"@type":"WebSite","@id":"https:\/\/totalsystems.nl\/es\/#website","url":"https:\/\/totalsystems.nl\/es\/","name":"Total Systems","description":"Engineering, development, logistics and service","publisher":{"@id":"https:\/\/totalsystems.nl\/es\/#organization"},"potentialAction":[{"@type":"SearchAction","target":{"@type":"EntryPoint","urlTemplate":"https:\/\/totalsystems.nl\/es\/?s={search_term_string}"},"query-input":{"@type":"PropertyValueSpecification","valueRequired":true,"valueName":"search_term_string"}}],"inLanguage":"es"},{"@type":"Organization","@id":"https:\/\/totalsystems.nl\/es\/#organization","name":"Total Systems","url":"https:\/\/totalsystems.nl\/es\/","logo":{"@type":"ImageObject","inLanguage":"es","@id":"https:\/\/totalsystems.nl\/es\/#\/schema\/logo\/image\/","url":"https:\/\/totalsystems.nl\/wp-content\/uploads\/2023\/07\/Total-Systems_logo.png","contentUrl":"https:\/\/totalsystems.nl\/wp-content\/uploads\/2023\/07\/Total-Systems_logo.png","width":892,"height":216,"caption":"Total Systems"},"image":{"@id":"https:\/\/totalsystems.nl\/es\/#\/schema\/logo\/image\/"},"sameAs":["https:\/\/www.facebook.com\/totalsystemsbv"]}]}},"_links":{"self":[{"href":"https:\/\/totalsystems.nl\/es\/wp-json\/wp\/v2\/pages\/5831","targetHints":{"allow":["GET"]}}],"collection":[{"href":"https:\/\/totalsystems.nl\/es\/wp-json\/wp\/v2\/pages"}],"about":[{"href":"https:\/\/totalsystems.nl\/es\/wp-json\/wp\/v2\/types\/page"}],"author":[{"embeddable":true,"href":"https:\/\/totalsystems.nl\/es\/wp-json\/wp\/v2\/users\/2"}],"replies":[{"embeddable":true,"href":"https:\/\/totalsystems.nl\/es\/wp-json\/wp\/v2\/comments?post=5831"}],"version-history":[{"count":1,"href":"https:\/\/totalsystems.nl\/es\/wp-json\/wp\/v2\/pages\/5831\/revisions"}],"predecessor-version":[{"id":5832,"href":"https:\/\/totalsystems.nl\/es\/wp-json\/wp\/v2\/pages\/5831\/revisions\/5832"}],"up":[{"embeddable":true,"href":"https:\/\/totalsystems.nl\/es\/wp-json\/wp\/v2\/pages\/5823"}],"wp:featuredmedia":[{"embeddable":true,"href":"https:\/\/totalsystems.nl\/es\/wp-json\/wp\/v2\/media\/6509"}],"wp:attachment":[{"href":"https:\/\/totalsystems.nl\/es\/wp-json\/wp\/v2\/media?parent=5831"}],"curies":[{"name":"wp","href":"https:\/\/api.w.org\/{rel}","templated":true}]}}