{"id":6350,"date":"2023-07-27T13:38:42","date_gmt":"2023-07-27T13:38:42","guid":{"rendered":"https:\/\/totalsystems.nl\/ueber-uns\/datenschutzerklaerung-kunden\/"},"modified":"2024-07-09T15:20:37","modified_gmt":"2024-07-09T15:20:37","slug":"datenschutzerklaerung-kunden","status":"publish","type":"page","link":"https:\/\/totalsystems.nl\/de\/ueber-uns\/datenschutzerklaerung-kunden\/","title":{"rendered":"Datenschutzerkl\u00e4rung Kunden"},"content":{"rendered":"\t\t<div data-elementor-type=\"wp-page\" data-elementor-id=\"6350\" class=\"elementor elementor-6350 elementor-596\" data-elementor-post-type=\"page\">\n\t\t\t\t\t\t<section class=\"elementor-section elementor-top-section elementor-element elementor-element-35f8538 elementor-section-full_width elementor-section-height-default elementor-section-height-default\" data-id=\"35f8538\" data-element_type=\"section\" data-e-type=\"section\">\n\t\t\t\t\t\t<div class=\"elementor-container elementor-column-gap-default\">\n\t\t\t\t\t<div class=\"elementor-column elementor-col-100 elementor-top-column elementor-element elementor-element-b668f40\" data-id=\"b668f40\" data-element_type=\"column\" data-e-type=\"column\">\n\t\t\t<div class=\"elementor-widget-wrap elementor-element-populated\">\n\t\t\t\t\t\t<section class=\"elementor-section elementor-inner-section elementor-element elementor-element-e47ca4c elementor-section-boxed elementor-section-height-default elementor-section-height-default\" data-id=\"e47ca4c\" data-element_type=\"section\" data-e-type=\"section\">\n\t\t\t\t\t\t<div class=\"elementor-container elementor-column-gap-default\">\n\t\t\t\t\t<div class=\"elementor-column elementor-col-50 elementor-inner-column elementor-element elementor-element-5f3a381\" data-id=\"5f3a381\" data-element_type=\"column\" data-e-type=\"column\" data-settings=\"{&quot;background_background&quot;:&quot;classic&quot;}\">\n\t\t\t<div class=\"elementor-widget-wrap elementor-element-populated\">\n\t\t\t\t\t\t<div class=\"elementor-element elementor-element-08355d6 elementor-widget elementor-widget-heading\" data-id=\"08355d6\" data-element_type=\"widget\" data-e-type=\"widget\" data-widget_type=\"heading.default\">\n\t\t\t\t<div class=\"elementor-widget-container\">\n\t\t\t\t\t<h1 class=\"elementor-heading-title elementor-size-default\">Datenschutzerkl\u00e4rung Gesch\u00e4ftspartner\n<\/h1>\t\t\t\t<\/div>\n\t\t\t\t<\/div>\n\t\t\t\t\t<\/div>\n\t\t<\/div>\n\t\t\t\t<div class=\"elementor-column elementor-col-50 elementor-inner-column elementor-element elementor-element-d363160\" data-id=\"d363160\" data-element_type=\"column\" data-e-type=\"column\">\n\t\t\t<div class=\"elementor-widget-wrap\">\n\t\t\t\t\t\t\t<\/div>\n\t\t<\/div>\n\t\t\t\t\t<\/div>\n\t\t<\/section>\n\t\t\t\t\t<\/div>\n\t\t<\/div>\n\t\t\t\t\t<\/div>\n\t\t<\/section>\n\t\t\t\t<section class=\"elementor-section elementor-top-section elementor-element elementor-element-bec0bad elementor-section-boxed elementor-section-height-default elementor-section-height-default\" data-id=\"bec0bad\" data-element_type=\"section\" data-e-type=\"section\">\n\t\t\t\t\t\t<div class=\"elementor-container elementor-column-gap-default\">\n\t\t\t\t\t<div class=\"elementor-column elementor-col-100 elementor-top-column elementor-element elementor-element-91e390b\" data-id=\"91e390b\" data-element_type=\"column\" data-e-type=\"column\">\n\t\t\t<div class=\"elementor-widget-wrap elementor-element-populated\">\n\t\t\t\t\t\t<div class=\"elementor-element elementor-element-6174abc elementor-widget elementor-widget-heading\" data-id=\"6174abc\" data-element_type=\"widget\" data-e-type=\"widget\" data-widget_type=\"heading.default\">\n\t\t\t\t<div class=\"elementor-widget-container\">\n\t\t\t\t\t<h2 class=\"elementor-heading-title elementor-size-default\">Datenschutzerkl\u00e4rung der Kunden- und Lieferantenverwaltung<\/h2>\t\t\t\t<\/div>\n\t\t\t\t<\/div>\n\t\t\t\t<div class=\"elementor-element elementor-element-5f2c04e elementor-widget elementor-widget-text-editor\" data-id=\"5f2c04e\" data-element_type=\"widget\" data-e-type=\"widget\" data-widget_type=\"text-editor.default\">\n\t\t\t\t<div class=\"elementor-widget-container\">\n\t\t\t\t\t\t\t\t\t<p>Erhebung und Verwendung der personenbezogenen Daten von Kunden, Lieferanten und anderen Auftragnehmern.<\/p>\n\t\t\t\t\t\t\t\t<\/div>\n\t\t\t\t<\/div>\n\t\t\t\t\t<\/div>\n\t\t<\/div>\n\t\t\t\t\t<\/div>\n\t\t<\/section>\n\t\t\t\t<section class=\"elementor-section elementor-top-section elementor-element elementor-element-7144306 elementor-section-boxed elementor-section-height-default elementor-section-height-default\" data-id=\"7144306\" data-element_type=\"section\" data-e-type=\"section\" data-settings=\"{&quot;background_background&quot;:&quot;classic&quot;}\">\n\t\t\t\t\t\t<div class=\"elementor-container elementor-column-gap-default\">\n\t\t\t\t\t<div class=\"elementor-column elementor-col-50 elementor-top-column elementor-element elementor-element-4b03210\" data-id=\"4b03210\" data-element_type=\"column\" data-e-type=\"column\">\n\t\t\t<div class=\"elementor-widget-wrap elementor-element-populated\">\n\t\t\t\t\t\t<div class=\"elementor-element elementor-element-f556e4b elementor-widget elementor-widget-text-editor\" data-id=\"f556e4b\" data-element_type=\"widget\" data-e-type=\"widget\" data-widget_type=\"text-editor.default\">\n\t\t\t\t<div class=\"elementor-widget-container\">\n\t\t\t\t\t\t\t\t\t<p>Wir machen Sie darauf aufmerksam, dass wir die von Ihnen zur Verf\u00fcgung gestellten personenbezogenen Daten im Interesse von Abschluss und Erf\u00fcllung eines m\u00f6glicherweise mit Ihnen zu schlie\u00dfenden Vertrages erheben und verwenden. Dies gilt sowohl f\u00fcr unsere (potenziellen) Kunden, als auch Dritte, bei denen wir G\u00fcter und\/oder Dienstleistungen einkaufen.<\/p>\n<p>Sofern Sie unser (potenzieller) Kunde sind, verwenden wir Ihre Daten dazu, Ihnen Angebote \u00fcbermitteln zu k\u00f6nnen, festlegen zu k\u00f6nnen, welchen technischen Daten oder Vorgaben bestimmte G\u00fcter oder Dienstleistungen gen\u00fcgen m\u00fcssen, f\u00fcr die Lieferung von G\u00fctern oder die Erledigung von Arbeiten, die Rechnungserstellung und die rasche und effiziente Kommunikation zu Aspekten der Vertragserf\u00fcllung.<\/p>\n<p>Sofern Sie ein (potenzieller) Lieferant oder anderer Auftragnehmer sind, ben\u00f6tigen wir Ihre personenbezogenen Daten ebenfalls f\u00fcr Abschluss und Erf\u00fcllung des Vertrages. Beim Einkauf brauchen wir diese Daten, um Ihnen mitzuteilen, welchen technischen Daten oder Vorgaben bestimmte G\u00fcter oder Dienstleistungen gen\u00fcgen m\u00fcssen, f\u00fcr die \u00dcbermittlung einer Angebotsaufforderung oder Bestellung, f\u00fcr die Begleichung Ihrer Rechnungen und die rasche und effiziente Kommunikation zu anderen Vertragsaspekten.<\/p>\n<p>Sie sind nicht verpflichtet, uns Ihre personenbezogenen Daten zur Verf\u00fcgung zu stellen. Sollten Sie uns keine oder nur unvollst\u00e4ndige personenbezogene Daten zur Verf\u00fcgung stellen, ist es jedoch m\u00f6glich dass wir die vorbezeichneten Leistungen nicht erbringen k\u00f6nnen.<\/p>\t\t\t\t\t\t\t\t<\/div>\n\t\t\t\t<\/div>\n\t\t\t\t<div class=\"elementor-element elementor-element-82615ca elementor-widget elementor-widget-heading\" data-id=\"82615ca\" data-element_type=\"widget\" data-e-type=\"widget\" data-widget_type=\"heading.default\">\n\t\t\t\t<div class=\"elementor-widget-container\">\n\t\t\t\t\t<h3 class=\"elementor-heading-title elementor-size-default\">\u00dcbermittlung an Dritte<\/h3>\t\t\t\t<\/div>\n\t\t\t\t<\/div>\n\t\t\t\t<div class=\"elementor-element elementor-element-a1b4996 elementor-widget elementor-widget-text-editor\" data-id=\"a1b4996\" data-element_type=\"widget\" data-e-type=\"widget\" data-widget_type=\"text-editor.default\">\n\t\t\t\t<div class=\"elementor-widget-container\">\n\t\t\t\t\t\t\t\t\t<p>Im Zusammenhang mit der Erf\u00fcllung eines m\u00f6glicherweise mit Ihnen geschlossenen Vertrages kann es erforderlich sein, dass wir Ihre personenbezogenen Daten Dritten zur Verf\u00fcgung stellen m\u00fcssen, die uns mit Maschinenteilen, Material und Produkten beliefern oder in unserem Auftrag Arbeiten erledigen. Au\u00dferdem nutzen wir f\u00fcr die Speicherung (von Teilen) unserer Verkaufs- und Einkaufverwaltung, die \u00fcber Ihre personenbezogenen Daten verf\u00fcgt, externe Serverkapazit\u00e4t. Aus diesem Grund stellen wir Ihre personenbezogenen Daten unserem Provider dieser Serverkapazit\u00e4t zur Verf\u00fcgung. Au\u00dferdem arbeiten wir mit Microsoft Office und den dazugeh\u00f6renden Speicherm\u00f6glichkeiten f\u00fcr E-Mails und andere Dateien.<\/p>\n\t\t\t\t\t\t\t\t<\/div>\n\t\t\t\t<\/div>\n\t\t\t\t<div class=\"elementor-element elementor-element-b8d536e elementor-widget elementor-widget-heading\" data-id=\"b8d536e\" data-element_type=\"widget\" data-e-type=\"widget\" data-widget_type=\"heading.default\">\n\t\t\t\t<div class=\"elementor-widget-container\">\n\t\t\t\t\t<h3 class=\"elementor-heading-title elementor-size-default\">Direktmarketing<\/h3>\t\t\t\t<\/div>\n\t\t\t\t<\/div>\n\t\t\t\t<div class=\"elementor-element elementor-element-eda4877 elementor-widget elementor-widget-text-editor\" data-id=\"eda4877\" data-element_type=\"widget\" data-e-type=\"widget\" data-widget_type=\"text-editor.default\">\n\t\t\t\t<div class=\"elementor-widget-container\">\n\t\t\t\t\t\t\t\t\t<p>Sofern Sie uns dazu Ihre Zustimmung erteilen, speichern wir Ihre personenbezogenen Daten und verwenden sie dazu, Sie k\u00fcnftig per E-Mail pers\u00f6nlich \u00fcber unsere bestehenden und neuen Produkte sowie Dienstleistungen zu informieren und Ihnen hier gegebenenfalls ein Angebot zu unterbreiten. Jedes Mal, wenn wir Ihnen eine Werbe-Mail schicken, haben Sie die M\u00f6glichkeit, uns mitzuteilen, dass Sie k\u00fcnftig keine Werbeverlautbarungen mehr bekommen m\u00f6chten. Den Abmeldelink finden Sie am Ende einer jeden Mail.<\/p>\n\t\t\t\t\t\t\t\t<\/div>\n\t\t\t\t<\/div>\n\t\t\t\t\t<\/div>\n\t\t<\/div>\n\t\t\t\t<div class=\"elementor-column elementor-col-50 elementor-top-column elementor-element elementor-element-fa89f93\" data-id=\"fa89f93\" data-element_type=\"column\" data-e-type=\"column\">\n\t\t\t<div class=\"elementor-widget-wrap elementor-element-populated\">\n\t\t\t\t\t\t<div class=\"elementor-element elementor-element-ae825da elementor-widget elementor-widget-heading\" data-id=\"ae825da\" data-element_type=\"widget\" data-e-type=\"widget\" data-widget_type=\"heading.default\">\n\t\t\t\t<div class=\"elementor-widget-container\">\n\t\t\t\t\t<h3 class=\"elementor-heading-title elementor-size-default\">Aufbewahrungszeitraum f\u00fcr personenbezogene Daten\n\n<\/h3>\t\t\t\t<\/div>\n\t\t\t\t<\/div>\n\t\t\t\t<div class=\"elementor-element elementor-element-af1a254 elementor-widget elementor-widget-text-editor\" data-id=\"af1a254\" data-element_type=\"widget\" data-e-type=\"widget\" data-widget_type=\"text-editor.default\">\n\t\t\t\t<div class=\"elementor-widget-container\">\n\t\t\t\t\t\t\t\t\t<p>Sollten Sie uns eine Angebotsaufforderung geschickt haben, jedoch kein Kunde geworden sein, l\u00f6schen wir Ihre Daten sp\u00e4testens ein Jahr nach unserem letzten Kontakt. Auch wenn wir von Ihnen ein Angebot erhalten haben, jedoch kein Kunde von Ihnen geworden sind, werden Ihre personenbezogenen Daten sp\u00e4testens ein Jahr nach unserem letzten Kontakt gel\u00f6scht. Haben wir Sie oder Sie uns als Kunde gewinnen k\u00f6nnen, speichern wir Ihre personenbezogenen Daten f\u00fcr die Dauer von 7 Jahren nach Abschluss des Gesch\u00e4ftsjahres, in dem der mit Ihnen geschlossene Auftrag vollst\u00e4ndig abgewickelt worden ist. Der Siebenjahreszeitraum entspricht der vom Finanzamt vorgeschriebenen Aufbewahrungsfrist f\u00fcr steuerliche Unterlagen. Nach Ablauf dieses Zeitraums l\u00f6schen wir Ihre personenbezogenen Daten.<\/p>\n\t\t\t\t\t\t\t\t<\/div>\n\t\t\t\t<\/div>\n\t\t\t\t<div class=\"elementor-element elementor-element-9290299 elementor-widget elementor-widget-heading\" data-id=\"9290299\" data-element_type=\"widget\" data-e-type=\"widget\" data-widget_type=\"heading.default\">\n\t\t\t\t<div class=\"elementor-widget-container\">\n\t\t\t\t\t<h3 class=\"elementor-heading-title elementor-size-default\">Ihre Rechte\n\n<\/h3>\t\t\t\t<\/div>\n\t\t\t\t<\/div>\n\t\t\t\t<div class=\"elementor-element elementor-element-519e368 elementor-widget elementor-widget-text-editor\" data-id=\"519e368\" data-element_type=\"widget\" data-e-type=\"widget\" data-widget_type=\"text-editor.default\">\n\t\t\t\t<div class=\"elementor-widget-container\">\n\t\t\t\t\t\t\t\t\t<p>Sie k\u00f6nnen bei uns Einsicht in Ihre personenbezogenen Daten verlangen. Gegebenenfalls k\u00f6nnen Sie bei uns auch eine Erg\u00e4nzung Ihrer personenbezogenen Daten oder Korrektur unrichtiger Daten verlangen. Dar\u00fcber hinaus k\u00f6nnen Sie die L\u00f6schung Ihrer personenbezogenen Daten oder die Einschr\u00e4nkung der Nutzung Ihrer personenbezogenen Daten beantragen. Sie k\u00f6nnen bei uns gegen die Erhebung und Verwendung Ihrer Daten auch Widerspruch geltend machen oder bei Datenschutzaufsichtsbeh\u00f6rde, der Autoriteit Persoonsgegevens, Beschwerde einreichen. Schlussendlich k\u00f6nnen Sie uns auffordern, Ihre personenbezogenen Daten bei einem Dritten zu erheben oder diese Daten einem Dritten zu \u00fcbertragen. Mit Fragen zur Wahrnehmung Ihrer Rechte wenden Sie sich bitte an :<\/p>\n<p><strong>Total Systems<\/strong>, Industrieweg 31, NL-1775 PV, Middenmeer, <br \/><strong>T<\/strong> <a href=\"Tel.: +31-(0)227 50 12 11\">+31-(0)227 50 12 11<\/a>, <a href=\"mailto:info@totalsystems.nl\">info@totalsystems.nl<\/a>.<\/p>\n<p>Mit Fragen oder Auskunftsersuchen zu weiterf\u00fchrenden Informationen zu Erhebung und Verwendung Ihrer personenbezogenen k\u00f6nnen Sie sich nat\u00fcrlich direkt an uns wenden.<\/p>\n<p><strong>17 april 2018<\/strong><\/p>\n\t\t\t\t\t\t\t\t<\/div>\n\t\t\t\t<\/div>\n\t\t\t\t\t<\/div>\n\t\t<\/div>\n\t\t\t\t\t<\/div>\n\t\t<\/section>\n\t\t\t\t<\/div>\n\t\t","protected":false},"excerpt":{"rendered":"<p>Datenschutzerkl\u00e4rung Gesch\u00e4ftspartner Datenschutzerkl\u00e4rung der Kunden- und Lieferantenverwaltung Erhebung und Verwendung der personenbezogenen Daten von Kunden, Lieferanten und anderen Auftragnehmern. Wir machen Sie darauf aufmerksam, dass wir die von Ihnen zur Verf\u00fcgung gestellten personenbezogenen Daten im Interesse von Abschluss und Erf\u00fcllung eines m\u00f6glicherweise mit Ihnen zu schlie\u00dfenden Vertrages erheben und verwenden. Dies gilt sowohl f\u00fcr unsere [&hellip;]<\/p>\n","protected":false},"author":2,"featured_media":5350,"parent":5623,"menu_order":6,"comment_status":"closed","ping_status":"closed","template":"","meta":{"footnotes":""},"class_list":["post-6350","page","type-page","status-publish","has-post-thumbnail","hentry"],"yoast_head":"<!-- This site is optimized with the Yoast SEO plugin v27.4 - https:\/\/yoast.com\/product\/yoast-seo-wordpress\/ -->\n<title>Datenschutzerkl\u00e4rung Kunden - Total Systems<\/title>\n<meta name=\"robots\" content=\"index, follow, max-snippet:-1, max-image-preview:large, max-video-preview:-1\" \/>\n<link rel=\"canonical\" href=\"https:\/\/totalsystems.nl\/de\/ueber-uns\/datenschutzerklaerung-kunden\/\" \/>\n<meta property=\"og:locale\" content=\"de_DE\" \/>\n<meta property=\"og:type\" content=\"article\" \/>\n<meta property=\"og:title\" content=\"Datenschutzerkl\u00e4rung Kunden - Total Systems\" \/>\n<meta property=\"og:description\" content=\"Datenschutzerkl\u00e4rung Gesch\u00e4ftspartner Datenschutzerkl\u00e4rung der Kunden- und Lieferantenverwaltung Erhebung und Verwendung der personenbezogenen Daten von Kunden, Lieferanten und anderen Auftragnehmern. Wir machen Sie darauf aufmerksam, dass wir die von Ihnen zur Verf\u00fcgung gestellten personenbezogenen Daten im Interesse von Abschluss und Erf\u00fcllung eines m\u00f6glicherweise mit Ihnen zu schlie\u00dfenden Vertrages erheben und verwenden. Dies gilt sowohl f\u00fcr unsere [&hellip;]\" \/>\n<meta property=\"og:url\" content=\"https:\/\/totalsystems.nl\/de\/ueber-uns\/datenschutzerklaerung-kunden\/\" \/>\n<meta property=\"og:site_name\" content=\"Total Systems\" \/>\n<meta property=\"article:publisher\" content=\"https:\/\/www.facebook.com\/totalsystemsbv\" \/>\n<meta property=\"article:modified_time\" content=\"2024-07-09T15:20:37+00:00\" \/>\n<meta property=\"og:image\" content=\"https:\/\/totalsystems.nl\/wp-content\/uploads\/2023\/07\/Service-Total-Systems.jpg\" \/>\n\t<meta property=\"og:image:width\" content=\"2560\" \/>\n\t<meta property=\"og:image:height\" content=\"1707\" \/>\n\t<meta property=\"og:image:type\" content=\"image\/jpeg\" \/>\n<meta name=\"twitter:card\" content=\"summary_large_image\" \/>\n<meta name=\"twitter:label1\" content=\"Gesch\u00e4tzte Lesezeit\" \/>\n\t<meta name=\"twitter:data1\" content=\"3\u00a0Minuten\" \/>\n<script type=\"application\/ld+json\" class=\"yoast-schema-graph\">{\"@context\":\"https:\\\/\\\/schema.org\",\"@graph\":[{\"@type\":\"WebPage\",\"@id\":\"https:\\\/\\\/totalsystems.nl\\\/de\\\/ueber-uns\\\/datenschutzerklaerung-kunden\\\/\",\"url\":\"https:\\\/\\\/totalsystems.nl\\\/de\\\/ueber-uns\\\/datenschutzerklaerung-kunden\\\/\",\"name\":\"Datenschutzerkl\u00e4rung Kunden - Total Systems\",\"isPartOf\":{\"@id\":\"https:\\\/\\\/totalsystems.nl\\\/de\\\/#website\"},\"primaryImageOfPage\":{\"@id\":\"https:\\\/\\\/totalsystems.nl\\\/de\\\/ueber-uns\\\/datenschutzerklaerung-kunden\\\/#primaryimage\"},\"image\":{\"@id\":\"https:\\\/\\\/totalsystems.nl\\\/de\\\/ueber-uns\\\/datenschutzerklaerung-kunden\\\/#primaryimage\"},\"thumbnailUrl\":\"https:\\\/\\\/totalsystems.nl\\\/wp-content\\\/uploads\\\/2023\\\/07\\\/Service-Total-Systems.jpg\",\"datePublished\":\"2023-07-27T13:38:42+00:00\",\"dateModified\":\"2024-07-09T15:20:37+00:00\",\"breadcrumb\":{\"@id\":\"https:\\\/\\\/totalsystems.nl\\\/de\\\/ueber-uns\\\/datenschutzerklaerung-kunden\\\/#breadcrumb\"},\"inLanguage\":\"de\",\"potentialAction\":[{\"@type\":\"ReadAction\",\"target\":[\"https:\\\/\\\/totalsystems.nl\\\/de\\\/ueber-uns\\\/datenschutzerklaerung-kunden\\\/\"]}]},{\"@type\":\"ImageObject\",\"inLanguage\":\"de\",\"@id\":\"https:\\\/\\\/totalsystems.nl\\\/de\\\/ueber-uns\\\/datenschutzerklaerung-kunden\\\/#primaryimage\",\"url\":\"https:\\\/\\\/totalsystems.nl\\\/wp-content\\\/uploads\\\/2023\\\/07\\\/Service-Total-Systems.jpg\",\"contentUrl\":\"https:\\\/\\\/totalsystems.nl\\\/wp-content\\\/uploads\\\/2023\\\/07\\\/Service-Total-Systems.jpg\",\"width\":2560,\"height\":1707},{\"@type\":\"BreadcrumbList\",\"@id\":\"https:\\\/\\\/totalsystems.nl\\\/de\\\/ueber-uns\\\/datenschutzerklaerung-kunden\\\/#breadcrumb\",\"itemListElement\":[{\"@type\":\"ListItem\",\"position\":1,\"name\":\"Home\",\"item\":\"https:\\\/\\\/totalsystems.nl\\\/de\\\/\"},{\"@type\":\"ListItem\",\"position\":2,\"name\":\"\u00dcber uns\",\"item\":\"https:\\\/\\\/totalsystems.nl\\\/de\\\/over-ons\\\/\"},{\"@type\":\"ListItem\",\"position\":3,\"name\":\"Datenschutzerkl\u00e4rung Kunden\"}]},{\"@type\":\"WebSite\",\"@id\":\"https:\\\/\\\/totalsystems.nl\\\/de\\\/#website\",\"url\":\"https:\\\/\\\/totalsystems.nl\\\/de\\\/\",\"name\":\"Total Systems\",\"description\":\"Engineering, development, logistics and service\",\"publisher\":{\"@id\":\"https:\\\/\\\/totalsystems.nl\\\/de\\\/#organization\"},\"potentialAction\":[{\"@type\":\"SearchAction\",\"target\":{\"@type\":\"EntryPoint\",\"urlTemplate\":\"https:\\\/\\\/totalsystems.nl\\\/de\\\/?s={search_term_string}\"},\"query-input\":{\"@type\":\"PropertyValueSpecification\",\"valueRequired\":true,\"valueName\":\"search_term_string\"}}],\"inLanguage\":\"de\"},{\"@type\":\"Organization\",\"@id\":\"https:\\\/\\\/totalsystems.nl\\\/de\\\/#organization\",\"name\":\"Total Systems\",\"url\":\"https:\\\/\\\/totalsystems.nl\\\/de\\\/\",\"logo\":{\"@type\":\"ImageObject\",\"inLanguage\":\"de\",\"@id\":\"https:\\\/\\\/totalsystems.nl\\\/de\\\/#\\\/schema\\\/logo\\\/image\\\/\",\"url\":\"https:\\\/\\\/totalsystems.nl\\\/wp-content\\\/uploads\\\/2023\\\/07\\\/Total-Systems_logo.png\",\"contentUrl\":\"https:\\\/\\\/totalsystems.nl\\\/wp-content\\\/uploads\\\/2023\\\/07\\\/Total-Systems_logo.png\",\"width\":892,\"height\":216,\"caption\":\"Total Systems\"},\"image\":{\"@id\":\"https:\\\/\\\/totalsystems.nl\\\/de\\\/#\\\/schema\\\/logo\\\/image\\\/\"},\"sameAs\":[\"https:\\\/\\\/www.facebook.com\\\/totalsystemsbv\"]}]}<\/script>\n<!-- \/ Yoast SEO plugin. -->","yoast_head_json":{"title":"Datenschutzerkl\u00e4rung Kunden - Total Systems","robots":{"index":"index","follow":"follow","max-snippet":"max-snippet:-1","max-image-preview":"max-image-preview:large","max-video-preview":"max-video-preview:-1"},"canonical":"https:\/\/totalsystems.nl\/de\/ueber-uns\/datenschutzerklaerung-kunden\/","og_locale":"de_DE","og_type":"article","og_title":"Datenschutzerkl\u00e4rung Kunden - Total Systems","og_description":"Datenschutzerkl\u00e4rung Gesch\u00e4ftspartner Datenschutzerkl\u00e4rung der Kunden- und Lieferantenverwaltung Erhebung und Verwendung der personenbezogenen Daten von Kunden, Lieferanten und anderen Auftragnehmern. Wir machen Sie darauf aufmerksam, dass wir die von Ihnen zur Verf\u00fcgung gestellten personenbezogenen Daten im Interesse von Abschluss und Erf\u00fcllung eines m\u00f6glicherweise mit Ihnen zu schlie\u00dfenden Vertrages erheben und verwenden. Dies gilt sowohl f\u00fcr unsere [&hellip;]","og_url":"https:\/\/totalsystems.nl\/de\/ueber-uns\/datenschutzerklaerung-kunden\/","og_site_name":"Total Systems","article_publisher":"https:\/\/www.facebook.com\/totalsystemsbv","article_modified_time":"2024-07-09T15:20:37+00:00","og_image":[{"width":2560,"height":1707,"url":"https:\/\/totalsystems.nl\/wp-content\/uploads\/2023\/07\/Service-Total-Systems.jpg","type":"image\/jpeg"}],"twitter_card":"summary_large_image","twitter_misc":{"Gesch\u00e4tzte Lesezeit":"3\u00a0Minuten"},"schema":{"@context":"https:\/\/schema.org","@graph":[{"@type":"WebPage","@id":"https:\/\/totalsystems.nl\/de\/ueber-uns\/datenschutzerklaerung-kunden\/","url":"https:\/\/totalsystems.nl\/de\/ueber-uns\/datenschutzerklaerung-kunden\/","name":"Datenschutzerkl\u00e4rung Kunden - Total Systems","isPartOf":{"@id":"https:\/\/totalsystems.nl\/de\/#website"},"primaryImageOfPage":{"@id":"https:\/\/totalsystems.nl\/de\/ueber-uns\/datenschutzerklaerung-kunden\/#primaryimage"},"image":{"@id":"https:\/\/totalsystems.nl\/de\/ueber-uns\/datenschutzerklaerung-kunden\/#primaryimage"},"thumbnailUrl":"https:\/\/totalsystems.nl\/wp-content\/uploads\/2023\/07\/Service-Total-Systems.jpg","datePublished":"2023-07-27T13:38:42+00:00","dateModified":"2024-07-09T15:20:37+00:00","breadcrumb":{"@id":"https:\/\/totalsystems.nl\/de\/ueber-uns\/datenschutzerklaerung-kunden\/#breadcrumb"},"inLanguage":"de","potentialAction":[{"@type":"ReadAction","target":["https:\/\/totalsystems.nl\/de\/ueber-uns\/datenschutzerklaerung-kunden\/"]}]},{"@type":"ImageObject","inLanguage":"de","@id":"https:\/\/totalsystems.nl\/de\/ueber-uns\/datenschutzerklaerung-kunden\/#primaryimage","url":"https:\/\/totalsystems.nl\/wp-content\/uploads\/2023\/07\/Service-Total-Systems.jpg","contentUrl":"https:\/\/totalsystems.nl\/wp-content\/uploads\/2023\/07\/Service-Total-Systems.jpg","width":2560,"height":1707},{"@type":"BreadcrumbList","@id":"https:\/\/totalsystems.nl\/de\/ueber-uns\/datenschutzerklaerung-kunden\/#breadcrumb","itemListElement":[{"@type":"ListItem","position":1,"name":"Home","item":"https:\/\/totalsystems.nl\/de\/"},{"@type":"ListItem","position":2,"name":"\u00dcber uns","item":"https:\/\/totalsystems.nl\/de\/over-ons\/"},{"@type":"ListItem","position":3,"name":"Datenschutzerkl\u00e4rung Kunden"}]},{"@type":"WebSite","@id":"https:\/\/totalsystems.nl\/de\/#website","url":"https:\/\/totalsystems.nl\/de\/","name":"Total Systems","description":"Engineering, development, logistics and service","publisher":{"@id":"https:\/\/totalsystems.nl\/de\/#organization"},"potentialAction":[{"@type":"SearchAction","target":{"@type":"EntryPoint","urlTemplate":"https:\/\/totalsystems.nl\/de\/?s={search_term_string}"},"query-input":{"@type":"PropertyValueSpecification","valueRequired":true,"valueName":"search_term_string"}}],"inLanguage":"de"},{"@type":"Organization","@id":"https:\/\/totalsystems.nl\/de\/#organization","name":"Total Systems","url":"https:\/\/totalsystems.nl\/de\/","logo":{"@type":"ImageObject","inLanguage":"de","@id":"https:\/\/totalsystems.nl\/de\/#\/schema\/logo\/image\/","url":"https:\/\/totalsystems.nl\/wp-content\/uploads\/2023\/07\/Total-Systems_logo.png","contentUrl":"https:\/\/totalsystems.nl\/wp-content\/uploads\/2023\/07\/Total-Systems_logo.png","width":892,"height":216,"caption":"Total Systems"},"image":{"@id":"https:\/\/totalsystems.nl\/de\/#\/schema\/logo\/image\/"},"sameAs":["https:\/\/www.facebook.com\/totalsystemsbv"]}]}},"_links":{"self":[{"href":"https:\/\/totalsystems.nl\/de\/wp-json\/wp\/v2\/pages\/6350","targetHints":{"allow":["GET"]}}],"collection":[{"href":"https:\/\/totalsystems.nl\/de\/wp-json\/wp\/v2\/pages"}],"about":[{"href":"https:\/\/totalsystems.nl\/de\/wp-json\/wp\/v2\/types\/page"}],"author":[{"embeddable":true,"href":"https:\/\/totalsystems.nl\/de\/wp-json\/wp\/v2\/users\/2"}],"replies":[{"embeddable":true,"href":"https:\/\/totalsystems.nl\/de\/wp-json\/wp\/v2\/comments?post=6350"}],"version-history":[{"count":1,"href":"https:\/\/totalsystems.nl\/de\/wp-json\/wp\/v2\/pages\/6350\/revisions"}],"predecessor-version":[{"id":6351,"href":"https:\/\/totalsystems.nl\/de\/wp-json\/wp\/v2\/pages\/6350\/revisions\/6351"}],"up":[{"embeddable":true,"href":"https:\/\/totalsystems.nl\/de\/wp-json\/wp\/v2\/pages\/5623"}],"wp:featuredmedia":[{"embeddable":true,"href":"https:\/\/totalsystems.nl\/de\/wp-json\/wp\/v2\/media\/5350"}],"wp:attachment":[{"href":"https:\/\/totalsystems.nl\/de\/wp-json\/wp\/v2\/media?parent=6350"}],"curies":[{"name":"wp","href":"https:\/\/api.w.org\/{rel}","templated":true}]}}