{"id":5629,"date":"2023-07-27T12:31:31","date_gmt":"2023-07-27T12:31:31","guid":{"rendered":"https:\/\/totalsystems.nl\/ueber-uns\/zur-geschichte\/"},"modified":"2024-07-11T14:08:17","modified_gmt":"2024-07-11T14:08:17","slug":"zur-geschichte","status":"publish","type":"page","link":"https:\/\/totalsystems.nl\/de\/ueber-uns\/zur-geschichte\/","title":{"rendered":"Zur Geschichte"},"content":{"rendered":"\t\t<div data-elementor-type=\"wp-page\" data-elementor-id=\"5629\" class=\"elementor elementor-5629 elementor-573\" data-elementor-post-type=\"page\">\n\t\t\t\t\t\t<section class=\"elementor-section elementor-top-section elementor-element elementor-element-67d9ec6 elementor-section-full_width elementor-section-cirkel-effect elementor-section-height-default elementor-section-height-default\" data-id=\"67d9ec6\" data-element_type=\"section\" data-e-type=\"section\">\n\t\t\t\t\t\t<div class=\"elementor-container elementor-column-gap-default\">\n\t\t\t\t\t<div class=\"elementor-column elementor-col-100 elementor-top-column elementor-element elementor-element-4e3b5bda\" data-id=\"4e3b5bda\" data-element_type=\"column\" data-e-type=\"column\" data-settings=\"{&quot;background_background&quot;:&quot;classic&quot;}\">\n\t\t\t<div class=\"elementor-widget-wrap elementor-element-populated\">\n\t\t\t\t\t<div class=\"elementor-background-overlay\"><\/div>\n\t\t\t\t\t\t<section class=\"elementor-section elementor-inner-section elementor-element elementor-element-238d589e elementor-section-boxed elementor-section-height-default elementor-section-height-default\" data-id=\"238d589e\" data-element_type=\"section\" data-e-type=\"section\">\n\t\t\t\t\t\t<div class=\"elementor-container elementor-column-gap-default\">\n\t\t\t\t\t<div class=\"elementor-column elementor-col-50 elementor-inner-column elementor-element elementor-element-198c9cea\" data-id=\"198c9cea\" data-element_type=\"column\" data-e-type=\"column\" data-settings=\"{&quot;background_background&quot;:&quot;classic&quot;}\">\n\t\t\t<div class=\"elementor-widget-wrap elementor-element-populated\">\n\t\t\t\t\t\t<div class=\"elementor-element elementor-element-8b71a1f elementor-widget elementor-widget-heading\" data-id=\"8b71a1f\" data-element_type=\"widget\" data-e-type=\"widget\" data-widget_type=\"heading.default\">\n\t\t\t\t<div class=\"elementor-widget-container\">\n\t\t\t\t\t<h1 class=\"elementor-heading-title elementor-size-default\">Unsere Serviceleistungen stehen und fallen mit der Einstellung unserer Mitarbeiterinnen und Mitarbeiter. Alle zusammen gehen wir neue Wege.<\/h1>\t\t\t\t<\/div>\n\t\t\t\t<\/div>\n\t\t\t\t\t<\/div>\n\t\t<\/div>\n\t\t\t\t<div class=\"elementor-column elementor-col-50 elementor-inner-column elementor-element elementor-element-1799eff6\" data-id=\"1799eff6\" data-element_type=\"column\" data-e-type=\"column\">\n\t\t\t<div class=\"elementor-widget-wrap elementor-element-populated\">\n\t\t\t\t\t\t<div class=\"elementor-element elementor-element-5fd2568d elementor-widget elementor-widget-spacer\" data-id=\"5fd2568d\" data-element_type=\"widget\" data-e-type=\"widget\" data-widget_type=\"spacer.default\">\n\t\t\t\t<div class=\"elementor-widget-container\">\n\t\t\t\t\t\t\t<div class=\"elementor-spacer\">\n\t\t\t<div class=\"elementor-spacer-inner\"><\/div>\n\t\t<\/div>\n\t\t\t\t\t\t<\/div>\n\t\t\t\t<\/div>\n\t\t\t\t\t<\/div>\n\t\t<\/div>\n\t\t\t\t\t<\/div>\n\t\t<\/section>\n\t\t\t\t\t<\/div>\n\t\t<\/div>\n\t\t\t\t\t<\/div>\n\t\t<\/section>\n\t\t\t\t<section class=\"elementor-section elementor-top-section elementor-element elementor-element-bec0bad elementor-section-boxed elementor-section-height-default elementor-section-height-default\" data-id=\"bec0bad\" data-element_type=\"section\" data-e-type=\"section\">\n\t\t\t\t\t\t<div class=\"elementor-container elementor-column-gap-default\">\n\t\t\t\t\t<div class=\"elementor-column elementor-col-100 elementor-top-column elementor-element elementor-element-91e390b\" data-id=\"91e390b\" data-element_type=\"column\" data-e-type=\"column\">\n\t\t\t<div class=\"elementor-widget-wrap elementor-element-populated\">\n\t\t\t\t\t\t<div class=\"elementor-element elementor-element-6174abc elementor-widget elementor-widget-heading\" data-id=\"6174abc\" data-element_type=\"widget\" data-e-type=\"widget\" data-widget_type=\"heading.default\">\n\t\t\t\t<div class=\"elementor-widget-container\">\n\t\t\t\t\t<h2 class=\"elementor-heading-title elementor-size-default\">Wachstum gestern und heute<\/h2>\t\t\t\t<\/div>\n\t\t\t\t<\/div>\n\t\t\t\t<div class=\"elementor-element elementor-element-5f2c04e elementor-widget elementor-widget-text-editor\" data-id=\"5f2c04e\" data-element_type=\"widget\" data-e-type=\"widget\" data-widget_type=\"text-editor.default\">\n\t\t\t\t<div class=\"elementor-widget-container\">\n\t\t\t\t\t\t\t\t\t<p>1995 wagte Ton Zuidema mit der Gr\u00fcndung von Total Systems den Markteintritt in den Agrarsektor. Dank seiner jahrelangen und gro\u00dfen Erfahrung innerhalb dieses Wirtschaftszweiges gelang ihm binnen kurzer Zeit und im Alleingang der Aufbau eines ansehnlichen Kundenstamms. Im Zuge des einsetzenden Wachstums wurden schon bald Servicetechniker eingestellt und herrschte gro\u00dfer Bedarf an zus\u00e4tzlichen Unterst\u00fctzungsleistungen f\u00fcr Verkauf, Planung und Steuerung. Mit dicker werdenden Auftragsb\u00fcchern wuchs auch der Personalbedarf und trat Sohn Nick Zuidema in die Gesch\u00e4ftsleitung des Unternehmens ein. 1999 wurde der alte Firmensitz von Total Systems zu klein und wechselte das Unternehmen in den Nijverheidsweg in Middenmeer.&nbsp;<\/p>\n\t\t\t\t\t\t\t\t<\/div>\n\t\t\t\t<\/div>\n\t\t\t\t\t<\/div>\n\t\t<\/div>\n\t\t\t\t\t<\/div>\n\t\t<\/section>\n\t\t\t\t<section class=\"elementor-section elementor-top-section elementor-element elementor-element-7144306 elementor-section-boxed elementor-section-height-default elementor-section-height-default\" data-id=\"7144306\" data-element_type=\"section\" data-e-type=\"section\" data-settings=\"{&quot;background_background&quot;:&quot;classic&quot;}\">\n\t\t\t\t\t\t<div class=\"elementor-container elementor-column-gap-default\">\n\t\t\t\t\t<div class=\"elementor-column elementor-col-50 elementor-top-column elementor-element elementor-element-4b03210\" data-id=\"4b03210\" data-element_type=\"column\" data-e-type=\"column\">\n\t\t\t<div class=\"elementor-widget-wrap elementor-element-populated\">\n\t\t\t\t\t\t<div class=\"elementor-element elementor-element-2d1bae2 elementor-widget elementor-widget-text-editor\" data-id=\"2d1bae2\" data-element_type=\"widget\" data-e-type=\"widget\" data-widget_type=\"text-editor.default\">\n\t\t\t\t<div class=\"elementor-widget-container\">\n\t\t\t\t\t\t\t\t\t<p>2003 konnten mit dem Kauf des heutigen Firmengeb\u00e4udes sowie angrenzender Fl\u00e4chen auch der Bau einer neuen Werkshalle realisiert werden. 2007 trat Ron Kramer in die Gesch\u00e4ftsf\u00fchrung ein, 2008 wurde auf neu erworbenem Grund die gro\u00dfe Werkshalle errichtet, in der heute das Vorratslager und die Endmontage residieren.<\/p><p>Im Jahr 2012 \u00fcbernahm mit Ron Kramer gemeinsam mit Nick Zuidema das Unternehmen. 2012 wurde dann das heutige B\u00fcrogeb\u00e4ude errichtet und schloss sich der Kreis. Total Systems ist eine fest etablierte Gr\u00f6\u00dfe.<\/p>\t\t\t\t\t\t\t\t<\/div>\n\t\t\t\t<\/div>\n\t\t\t\t<div class=\"elementor-element elementor-element-82615ca elementor-widget elementor-widget-heading\" data-id=\"82615ca\" data-element_type=\"widget\" data-e-type=\"widget\" data-widget_type=\"heading.default\">\n\t\t\t\t<div class=\"elementor-widget-container\">\n\t\t\t\t\t<h3 class=\"elementor-heading-title elementor-size-default\">Alle ziehen an einem Strang<\/h3>\t\t\t\t<\/div>\n\t\t\t\t<\/div>\n\t\t\t\t<div class=\"elementor-element elementor-element-a1b4996 elementor-widget elementor-widget-text-editor\" data-id=\"a1b4996\" data-element_type=\"widget\" data-e-type=\"widget\" data-widget_type=\"text-editor.default\">\n\t\t\t\t<div class=\"elementor-widget-container\">\n\t\t\t\t\t\t\t\t\t<p>W\u00e4hrend des gesamten Auftragsprozesses besteht enger Kontakt zum Auftraggeber. Total Systems m\u00f6chte f\u00fcr seine Kunden m\u00f6glichst niedrigschwellig aufgestellt sein. Deshalb wird jeder Kunde eng in den Produktionsprozess mit einbezogen; kurze Kommunikationswege sorgen f\u00fcr ein bestm\u00f6gliches Ergebnis.<\/p>\t\t\t\t\t\t\t\t<\/div>\n\t\t\t\t<\/div>\n\t\t\t\t\t<\/div>\n\t\t<\/div>\n\t\t\t\t<div class=\"elementor-column elementor-col-50 elementor-top-column elementor-element elementor-element-fa89f93\" data-id=\"fa89f93\" data-element_type=\"column\" data-e-type=\"column\">\n\t\t\t<div class=\"elementor-widget-wrap elementor-element-populated\">\n\t\t\t\t\t\t<div class=\"elementor-element elementor-element-f556e4b elementor-widget elementor-widget-text-editor\" data-id=\"f556e4b\" data-element_type=\"widget\" data-e-type=\"widget\" data-widget_type=\"text-editor.default\">\n\t\t\t\t<div class=\"elementor-widget-container\">\n\t\t\t\t\t\t\t\t\t<p>Total Systems ist bewusst, dass St\u00f6rungen im Bereich der Produktion f\u00fcr den Kunden schwerwiegende Folgen haben k\u00f6nnen. Genau aus diesem Grund existieren mehrere Servicezentren, die fl\u00e4chendeckend in den gesamten Niederlanden Hilfe leisten k\u00f6nnen. Diese Zentren sind auch in den Abendstunden erreichbar. Auftretende St\u00f6rungen werden rasch behoben, kein Kunde muss Produktionsausf\u00e4lle erleiden.<\/p><h5><b>Total Systems ist f\u00fcr Sie da und bietet Komplettl\u00f6sungen, auch nach Auftragsende.<\/b><\/h5>\t\t\t\t\t\t\t\t<\/div>\n\t\t\t\t<\/div>\n\t\t\t\t\t<\/div>\n\t\t<\/div>\n\t\t\t\t\t<\/div>\n\t\t<\/section>\n\t\t\t\t<\/div>\n\t\t","protected":false},"excerpt":{"rendered":"<p>Unsere Serviceleistungen stehen und fallen mit der Einstellung unserer Mitarbeiterinnen und Mitarbeiter. Alle zusammen gehen wir neue Wege. Wachstum gestern und heute 1995 wagte Ton Zuidema mit der Gr\u00fcndung von Total Systems den Markteintritt in den Agrarsektor. Dank seiner jahrelangen und gro\u00dfen Erfahrung innerhalb dieses Wirtschaftszweiges gelang ihm binnen kurzer Zeit und im Alleingang der [&hellip;]<\/p>\n","protected":false},"author":2,"featured_media":5352,"parent":5623,"menu_order":2,"comment_status":"closed","ping_status":"closed","template":"","meta":{"footnotes":""},"class_list":["post-5629","page","type-page","status-publish","has-post-thumbnail","hentry"],"yoast_head":"<!-- This site is optimized with the Yoast SEO plugin v27.4 - https:\/\/yoast.com\/product\/yoast-seo-wordpress\/ -->\n<title>Zur Geschichte - Total Systems<\/title>\n<meta name=\"robots\" content=\"index, follow, max-snippet:-1, max-image-preview:large, max-video-preview:-1\" \/>\n<link rel=\"canonical\" href=\"https:\/\/totalsystems.nl\/de\/ueber-uns\/zur-geschichte\/\" \/>\n<meta property=\"og:locale\" content=\"de_DE\" \/>\n<meta property=\"og:type\" content=\"article\" \/>\n<meta property=\"og:title\" content=\"Zur Geschichte - Total Systems\" \/>\n<meta property=\"og:description\" content=\"Unsere Serviceleistungen stehen und fallen mit der Einstellung unserer Mitarbeiterinnen und Mitarbeiter. Alle zusammen gehen wir neue Wege. Wachstum gestern und heute 1995 wagte Ton Zuidema mit der Gr\u00fcndung von Total Systems den Markteintritt in den Agrarsektor. Dank seiner jahrelangen und gro\u00dfen Erfahrung innerhalb dieses Wirtschaftszweiges gelang ihm binnen kurzer Zeit und im Alleingang der [&hellip;]\" \/>\n<meta property=\"og:url\" content=\"https:\/\/totalsystems.nl\/de\/ueber-uns\/zur-geschichte\/\" \/>\n<meta property=\"og:site_name\" content=\"Total Systems\" \/>\n<meta property=\"article:publisher\" content=\"https:\/\/www.facebook.com\/totalsystemsbv\" \/>\n<meta property=\"article:modified_time\" content=\"2024-07-11T14:08:17+00:00\" \/>\n<meta property=\"og:image\" content=\"https:\/\/totalsystems.nl\/wp-content\/uploads\/2024\/02\/service-Total-Systems.jpg\" \/>\n\t<meta property=\"og:image:width\" content=\"1920\" \/>\n\t<meta property=\"og:image:height\" content=\"1080\" \/>\n\t<meta property=\"og:image:type\" content=\"image\/jpeg\" \/>\n<meta name=\"twitter:card\" content=\"summary_large_image\" \/>\n<meta name=\"twitter:label1\" content=\"Gesch\u00e4tzte Lesezeit\" \/>\n\t<meta name=\"twitter:data1\" content=\"2\u00a0Minuten\" \/>\n<script type=\"application\/ld+json\" class=\"yoast-schema-graph\">{\"@context\":\"https:\\\/\\\/schema.org\",\"@graph\":[{\"@type\":\"WebPage\",\"@id\":\"https:\\\/\\\/totalsystems.nl\\\/de\\\/ueber-uns\\\/zur-geschichte\\\/\",\"url\":\"https:\\\/\\\/totalsystems.nl\\\/de\\\/ueber-uns\\\/zur-geschichte\\\/\",\"name\":\"Zur Geschichte - Total Systems\",\"isPartOf\":{\"@id\":\"https:\\\/\\\/totalsystems.nl\\\/de\\\/#website\"},\"primaryImageOfPage\":{\"@id\":\"https:\\\/\\\/totalsystems.nl\\\/de\\\/ueber-uns\\\/zur-geschichte\\\/#primaryimage\"},\"image\":{\"@id\":\"https:\\\/\\\/totalsystems.nl\\\/de\\\/ueber-uns\\\/zur-geschichte\\\/#primaryimage\"},\"thumbnailUrl\":\"https:\\\/\\\/totalsystems.nl\\\/wp-content\\\/uploads\\\/2024\\\/02\\\/service-Total-Systems.jpg\",\"datePublished\":\"2023-07-27T12:31:31+00:00\",\"dateModified\":\"2024-07-11T14:08:17+00:00\",\"breadcrumb\":{\"@id\":\"https:\\\/\\\/totalsystems.nl\\\/de\\\/ueber-uns\\\/zur-geschichte\\\/#breadcrumb\"},\"inLanguage\":\"de\",\"potentialAction\":[{\"@type\":\"ReadAction\",\"target\":[\"https:\\\/\\\/totalsystems.nl\\\/de\\\/ueber-uns\\\/zur-geschichte\\\/\"]}]},{\"@type\":\"ImageObject\",\"inLanguage\":\"de\",\"@id\":\"https:\\\/\\\/totalsystems.nl\\\/de\\\/ueber-uns\\\/zur-geschichte\\\/#primaryimage\",\"url\":\"https:\\\/\\\/totalsystems.nl\\\/wp-content\\\/uploads\\\/2024\\\/02\\\/service-Total-Systems.jpg\",\"contentUrl\":\"https:\\\/\\\/totalsystems.nl\\\/wp-content\\\/uploads\\\/2024\\\/02\\\/service-Total-Systems.jpg\",\"width\":1920,\"height\":1080,\"caption\":\"service-Total-Systems\"},{\"@type\":\"BreadcrumbList\",\"@id\":\"https:\\\/\\\/totalsystems.nl\\\/de\\\/ueber-uns\\\/zur-geschichte\\\/#breadcrumb\",\"itemListElement\":[{\"@type\":\"ListItem\",\"position\":1,\"name\":\"Home\",\"item\":\"https:\\\/\\\/totalsystems.nl\\\/de\\\/\"},{\"@type\":\"ListItem\",\"position\":2,\"name\":\"\u00dcber uns\",\"item\":\"https:\\\/\\\/totalsystems.nl\\\/de\\\/over-ons\\\/\"},{\"@type\":\"ListItem\",\"position\":3,\"name\":\"Zur Geschichte\"}]},{\"@type\":\"WebSite\",\"@id\":\"https:\\\/\\\/totalsystems.nl\\\/de\\\/#website\",\"url\":\"https:\\\/\\\/totalsystems.nl\\\/de\\\/\",\"name\":\"Total Systems\",\"description\":\"Engineering, development, logistics and service\",\"publisher\":{\"@id\":\"https:\\\/\\\/totalsystems.nl\\\/de\\\/#organization\"},\"potentialAction\":[{\"@type\":\"SearchAction\",\"target\":{\"@type\":\"EntryPoint\",\"urlTemplate\":\"https:\\\/\\\/totalsystems.nl\\\/de\\\/?s={search_term_string}\"},\"query-input\":{\"@type\":\"PropertyValueSpecification\",\"valueRequired\":true,\"valueName\":\"search_term_string\"}}],\"inLanguage\":\"de\"},{\"@type\":\"Organization\",\"@id\":\"https:\\\/\\\/totalsystems.nl\\\/de\\\/#organization\",\"name\":\"Total Systems\",\"url\":\"https:\\\/\\\/totalsystems.nl\\\/de\\\/\",\"logo\":{\"@type\":\"ImageObject\",\"inLanguage\":\"de\",\"@id\":\"https:\\\/\\\/totalsystems.nl\\\/de\\\/#\\\/schema\\\/logo\\\/image\\\/\",\"url\":\"https:\\\/\\\/totalsystems.nl\\\/wp-content\\\/uploads\\\/2023\\\/07\\\/Total-Systems_logo.png\",\"contentUrl\":\"https:\\\/\\\/totalsystems.nl\\\/wp-content\\\/uploads\\\/2023\\\/07\\\/Total-Systems_logo.png\",\"width\":892,\"height\":216,\"caption\":\"Total Systems\"},\"image\":{\"@id\":\"https:\\\/\\\/totalsystems.nl\\\/de\\\/#\\\/schema\\\/logo\\\/image\\\/\"},\"sameAs\":[\"https:\\\/\\\/www.facebook.com\\\/totalsystemsbv\"]}]}<\/script>\n<!-- \/ Yoast SEO plugin. -->","yoast_head_json":{"title":"Zur Geschichte - Total Systems","robots":{"index":"index","follow":"follow","max-snippet":"max-snippet:-1","max-image-preview":"max-image-preview:large","max-video-preview":"max-video-preview:-1"},"canonical":"https:\/\/totalsystems.nl\/de\/ueber-uns\/zur-geschichte\/","og_locale":"de_DE","og_type":"article","og_title":"Zur Geschichte - Total Systems","og_description":"Unsere Serviceleistungen stehen und fallen mit der Einstellung unserer Mitarbeiterinnen und Mitarbeiter. Alle zusammen gehen wir neue Wege. Wachstum gestern und heute 1995 wagte Ton Zuidema mit der Gr\u00fcndung von Total Systems den Markteintritt in den Agrarsektor. Dank seiner jahrelangen und gro\u00dfen Erfahrung innerhalb dieses Wirtschaftszweiges gelang ihm binnen kurzer Zeit und im Alleingang der [&hellip;]","og_url":"https:\/\/totalsystems.nl\/de\/ueber-uns\/zur-geschichte\/","og_site_name":"Total Systems","article_publisher":"https:\/\/www.facebook.com\/totalsystemsbv","article_modified_time":"2024-07-11T14:08:17+00:00","og_image":[{"width":1920,"height":1080,"url":"https:\/\/totalsystems.nl\/wp-content\/uploads\/2024\/02\/service-Total-Systems.jpg","type":"image\/jpeg"}],"twitter_card":"summary_large_image","twitter_misc":{"Gesch\u00e4tzte Lesezeit":"2\u00a0Minuten"},"schema":{"@context":"https:\/\/schema.org","@graph":[{"@type":"WebPage","@id":"https:\/\/totalsystems.nl\/de\/ueber-uns\/zur-geschichte\/","url":"https:\/\/totalsystems.nl\/de\/ueber-uns\/zur-geschichte\/","name":"Zur Geschichte - Total Systems","isPartOf":{"@id":"https:\/\/totalsystems.nl\/de\/#website"},"primaryImageOfPage":{"@id":"https:\/\/totalsystems.nl\/de\/ueber-uns\/zur-geschichte\/#primaryimage"},"image":{"@id":"https:\/\/totalsystems.nl\/de\/ueber-uns\/zur-geschichte\/#primaryimage"},"thumbnailUrl":"https:\/\/totalsystems.nl\/wp-content\/uploads\/2024\/02\/service-Total-Systems.jpg","datePublished":"2023-07-27T12:31:31+00:00","dateModified":"2024-07-11T14:08:17+00:00","breadcrumb":{"@id":"https:\/\/totalsystems.nl\/de\/ueber-uns\/zur-geschichte\/#breadcrumb"},"inLanguage":"de","potentialAction":[{"@type":"ReadAction","target":["https:\/\/totalsystems.nl\/de\/ueber-uns\/zur-geschichte\/"]}]},{"@type":"ImageObject","inLanguage":"de","@id":"https:\/\/totalsystems.nl\/de\/ueber-uns\/zur-geschichte\/#primaryimage","url":"https:\/\/totalsystems.nl\/wp-content\/uploads\/2024\/02\/service-Total-Systems.jpg","contentUrl":"https:\/\/totalsystems.nl\/wp-content\/uploads\/2024\/02\/service-Total-Systems.jpg","width":1920,"height":1080,"caption":"service-Total-Systems"},{"@type":"BreadcrumbList","@id":"https:\/\/totalsystems.nl\/de\/ueber-uns\/zur-geschichte\/#breadcrumb","itemListElement":[{"@type":"ListItem","position":1,"name":"Home","item":"https:\/\/totalsystems.nl\/de\/"},{"@type":"ListItem","position":2,"name":"\u00dcber uns","item":"https:\/\/totalsystems.nl\/de\/over-ons\/"},{"@type":"ListItem","position":3,"name":"Zur Geschichte"}]},{"@type":"WebSite","@id":"https:\/\/totalsystems.nl\/de\/#website","url":"https:\/\/totalsystems.nl\/de\/","name":"Total Systems","description":"Engineering, development, logistics and service","publisher":{"@id":"https:\/\/totalsystems.nl\/de\/#organization"},"potentialAction":[{"@type":"SearchAction","target":{"@type":"EntryPoint","urlTemplate":"https:\/\/totalsystems.nl\/de\/?s={search_term_string}"},"query-input":{"@type":"PropertyValueSpecification","valueRequired":true,"valueName":"search_term_string"}}],"inLanguage":"de"},{"@type":"Organization","@id":"https:\/\/totalsystems.nl\/de\/#organization","name":"Total Systems","url":"https:\/\/totalsystems.nl\/de\/","logo":{"@type":"ImageObject","inLanguage":"de","@id":"https:\/\/totalsystems.nl\/de\/#\/schema\/logo\/image\/","url":"https:\/\/totalsystems.nl\/wp-content\/uploads\/2023\/07\/Total-Systems_logo.png","contentUrl":"https:\/\/totalsystems.nl\/wp-content\/uploads\/2023\/07\/Total-Systems_logo.png","width":892,"height":216,"caption":"Total Systems"},"image":{"@id":"https:\/\/totalsystems.nl\/de\/#\/schema\/logo\/image\/"},"sameAs":["https:\/\/www.facebook.com\/totalsystemsbv"]}]}},"_links":{"self":[{"href":"https:\/\/totalsystems.nl\/de\/wp-json\/wp\/v2\/pages\/5629","targetHints":{"allow":["GET"]}}],"collection":[{"href":"https:\/\/totalsystems.nl\/de\/wp-json\/wp\/v2\/pages"}],"about":[{"href":"https:\/\/totalsystems.nl\/de\/wp-json\/wp\/v2\/types\/page"}],"author":[{"embeddable":true,"href":"https:\/\/totalsystems.nl\/de\/wp-json\/wp\/v2\/users\/2"}],"replies":[{"embeddable":true,"href":"https:\/\/totalsystems.nl\/de\/wp-json\/wp\/v2\/comments?post=5629"}],"version-history":[{"count":19,"href":"https:\/\/totalsystems.nl\/de\/wp-json\/wp\/v2\/pages\/5629\/revisions"}],"predecessor-version":[{"id":6578,"href":"https:\/\/totalsystems.nl\/de\/wp-json\/wp\/v2\/pages\/5629\/revisions\/6578"}],"up":[{"embeddable":true,"href":"https:\/\/totalsystems.nl\/de\/wp-json\/wp\/v2\/pages\/5623"}],"wp:featuredmedia":[{"embeddable":true,"href":"https:\/\/totalsystems.nl\/de\/wp-json\/wp\/v2\/media\/5352"}],"wp:attachment":[{"href":"https:\/\/totalsystems.nl\/de\/wp-json\/wp\/v2\/media?parent=5629"}],"curies":[{"name":"wp","href":"https:\/\/api.w.org\/{rel}","templated":true}]}}