{"id":5623,"date":"2023-07-06T10:05:56","date_gmt":"2023-07-06T10:05:56","guid":{"rendered":"https:\/\/totalsystems.nl\/ueber-uns\/"},"modified":"2024-07-02T09:25:40","modified_gmt":"2024-07-02T09:25:40","slug":"ueber-uns","status":"publish","type":"page","link":"https:\/\/totalsystems.nl\/de\/ueber-uns\/","title":{"rendered":"\u00dcber uns"},"content":{"rendered":"\t\t<div data-elementor-type=\"wp-page\" data-elementor-id=\"5623\" class=\"elementor elementor-5623 elementor-29\" data-elementor-post-type=\"page\">\n\t\t\t\t\t\t<section class=\"elementor-section elementor-top-section elementor-element elementor-element-d6c3842 elementor-section-full_width elementor-section-cirkel-effect elementor-section-height-default elementor-section-height-default\" data-id=\"d6c3842\" data-element_type=\"section\" data-e-type=\"section\">\n\t\t\t\t\t\t<div class=\"elementor-container elementor-column-gap-default\">\n\t\t\t\t\t<div class=\"elementor-column elementor-col-100 elementor-top-column elementor-element elementor-element-734a6b72\" data-id=\"734a6b72\" data-element_type=\"column\" data-e-type=\"column\" data-settings=\"{&quot;background_background&quot;:&quot;classic&quot;}\">\n\t\t\t<div class=\"elementor-widget-wrap elementor-element-populated\">\n\t\t\t\t\t<div class=\"elementor-background-overlay\"><\/div>\n\t\t\t\t\t\t<section class=\"elementor-section elementor-inner-section elementor-element elementor-element-f849ea9 elementor-section-boxed elementor-section-height-default elementor-section-height-default\" data-id=\"f849ea9\" data-element_type=\"section\" data-e-type=\"section\">\n\t\t\t\t\t\t<div class=\"elementor-container elementor-column-gap-default\">\n\t\t\t\t\t<div class=\"elementor-column elementor-col-50 elementor-inner-column elementor-element elementor-element-14c908d7\" data-id=\"14c908d7\" data-element_type=\"column\" data-e-type=\"column\" data-settings=\"{&quot;background_background&quot;:&quot;classic&quot;}\">\n\t\t\t<div class=\"elementor-widget-wrap elementor-element-populated\">\n\t\t\t\t\t\t<div class=\"elementor-element elementor-element-57b9481 elementor-widget elementor-widget-heading\" data-id=\"57b9481\" data-element_type=\"widget\" data-e-type=\"widget\" data-widget_type=\"heading.default\">\n\t\t\t\t<div class=\"elementor-widget-container\">\n\t\t\t\t\t<h1 class=\"elementor-heading-title elementor-size-default\">Total Systems steht f\u00fcr Servicequalit\u00e4t und Leidenschaft f\u00fcr das, was wir tun. Auf unsere Kompetenz ist Verlass.\n<\/h1>\t\t\t\t<\/div>\n\t\t\t\t<\/div>\n\t\t\t\t\t<\/div>\n\t\t<\/div>\n\t\t\t\t<div class=\"elementor-column elementor-col-50 elementor-inner-column elementor-element elementor-element-50ff1553\" data-id=\"50ff1553\" data-element_type=\"column\" data-e-type=\"column\">\n\t\t\t<div class=\"elementor-widget-wrap\">\n\t\t\t\t\t\t\t<\/div>\n\t\t<\/div>\n\t\t\t\t\t<\/div>\n\t\t<\/section>\n\t\t\t\t\t<\/div>\n\t\t<\/div>\n\t\t\t\t\t<\/div>\n\t\t<\/section>\n\t\t\t\t<section class=\"elementor-section elementor-top-section elementor-element elementor-element-818feac elementor-section-boxed elementor-section-height-default elementor-section-height-default\" data-id=\"818feac\" data-element_type=\"section\" data-e-type=\"section\">\n\t\t\t\t\t\t<div class=\"elementor-container elementor-column-gap-default\">\n\t\t\t\t\t<div class=\"elementor-column elementor-col-100 elementor-top-column elementor-element elementor-element-3cccefb\" data-id=\"3cccefb\" data-element_type=\"column\" data-e-type=\"column\">\n\t\t\t<div class=\"elementor-widget-wrap elementor-element-populated\">\n\t\t\t\t\t\t<div class=\"elementor-element elementor-element-9d5696d elementor-widget elementor-widget-heading\" data-id=\"9d5696d\" data-element_type=\"widget\" data-e-type=\"widget\" data-widget_type=\"heading.default\">\n\t\t\t\t<div class=\"elementor-widget-container\">\n\t\t\t\t\t<h2 class=\"elementor-heading-title elementor-size-default\">Custom made unter einem Dach\n<\/h2>\t\t\t\t<\/div>\n\t\t\t\t<\/div>\n\t\t\t\t<div class=\"elementor-element elementor-element-3a89ff5 elementor-widget elementor-widget-text-editor\" data-id=\"3a89ff5\" data-element_type=\"widget\" data-e-type=\"widget\" data-widget_type=\"text-editor.default\">\n\t\t\t\t<div class=\"elementor-widget-container\">\n\t\t\t\t\t\t\t\t\t<p>Total Systems ist Spezialanbieter f\u00fcr die Auslegung, Entwicklung und den Bau hochmoderner vollautomatisierter Maschinen sowie Verarbeitungslinien f\u00fcr den Blumenzwiebel- und Blumensektor, die Agrarwirtschaft und Industrie. Das Unternehmen bietet ein komplettes Programm an Sortier- und Verarbeitungsmaschinen. Ein Team sehr erfahrener Berater, Konstrukteure und Servicetechniker entwirft nach den Vorgaben des Kunden ma\u00dfgeschneidert einzelne Maschinen oder komplette Produktionslinien. Das Bedarfsprofil des Kunden wird in einen 3D-Entwurf \u00fcbersetzt, der dann Grundlage der Produktion wird. Alles geschieht unter einem Dach: Gew\u00e4hr f\u00fcr Schnelligkeit und Qualit\u00e4t. Das Ergebnis: ein qualitativ hochwertiges und einzigartiges Endprodukt, das \u00fcber Jahre f\u00fcr den erstrebten Ertrag sorgt. Total Systems stellt den gesamten Betriebsprozess auf den Pr\u00fcfstand und erzielt damit unter Fokussierung auf das individuelle Bedarfsprofil des Kunden ein optimales Ergebnis.<\/p>\n<p>Vom ersten Kundengespr\u00e4ch bis hin zur Montage vor Ort: Serviceorientierung und Qualit\u00e4t stehen an erster Stelle. Kurze Kommunikationswege und Flexibilit\u00e4t sind Schl\u00fcsselbegriffe bei Total Systems.<\/p>\n\t\t\t\t\t\t\t\t<\/div>\n\t\t\t\t<\/div>\n\t\t\t\t\t<\/div>\n\t\t<\/div>\n\t\t\t\t\t<\/div>\n\t\t<\/section>\n\t\t\t\t<section class=\"elementor-section elementor-top-section elementor-element elementor-element-7f78c15 elementor-section-boxed elementor-section-height-default elementor-section-height-default\" data-id=\"7f78c15\" data-element_type=\"section\" data-e-type=\"section\" data-settings=\"{&quot;background_background&quot;:&quot;classic&quot;}\">\n\t\t\t\t\t\t<div class=\"elementor-container elementor-column-gap-default\">\n\t\t\t\t\t<div class=\"elementor-column elementor-col-50 elementor-top-column elementor-element elementor-element-593a151\" data-id=\"593a151\" data-element_type=\"column\" data-e-type=\"column\">\n\t\t\t<div class=\"elementor-widget-wrap elementor-element-populated\">\n\t\t\t\t\t\t<div class=\"elementor-element elementor-element-738a174 elementor-widget elementor-widget-heading\" data-id=\"738a174\" data-element_type=\"widget\" data-e-type=\"widget\" data-widget_type=\"heading.default\">\n\t\t\t\t<div class=\"elementor-widget-container\">\n\t\t\t\t\t<h3 class=\"elementor-heading-title elementor-size-default\">Uneingeschr\u00e4nkte Erf\u00fcllung der Nachfrage<\/h3>\t\t\t\t<\/div>\n\t\t\t\t<\/div>\n\t\t\t\t<div class=\"elementor-element elementor-element-421bf8d elementor-widget elementor-widget-text-editor\" data-id=\"421bf8d\" data-element_type=\"widget\" data-e-type=\"widget\" data-widget_type=\"text-editor.default\">\n\t\t\t\t<div class=\"elementor-widget-container\">\n\t\t\t\t\t\t\t\t\t<p>Total Systems liefert mehr als 150 verschiedene Maschinen und automatisierte Systeme f\u00fcr blumenzwiebel- und blumenverarbeitende Betriebe und die Industrie, wie unter anderem: Beschickungs- und Entnahmesysteme \u2022 Anpflanzlinien \u2022 Lilien-Verarbeitungslinien \u2022 Schneckenf\u00f6rderer \u2022 Abfallentsorgungssysteme \u2022 B\u00fcndellinien \u2022 Verpackungslinien \u2022 Toploader \u2022 industrielle Transportsysteme.<\/p>\n<p>Ferner h\u00e4lt Total Systems ein breitgef\u00e4chertes und wechselndes Sortiment solide funktionierender Maschinen aus zweiter Hand vor. Inzahlungnahme ist auch m\u00f6glich.<\/p>\n\t\t\t\t\t\t\t\t<\/div>\n\t\t\t\t<\/div>\n\t\t\t\t\t<\/div>\n\t\t<\/div>\n\t\t\t\t<div class=\"elementor-column elementor-col-50 elementor-top-column elementor-element elementor-element-cb31b43\" data-id=\"cb31b43\" data-element_type=\"column\" data-e-type=\"column\">\n\t\t\t<div class=\"elementor-widget-wrap elementor-element-populated\">\n\t\t\t\t\t\t<div class=\"elementor-element elementor-element-c2882ba elementor-widget elementor-widget-text-editor\" data-id=\"c2882ba\" data-element_type=\"widget\" data-e-type=\"widget\" data-widget_type=\"text-editor.default\">\n\t\t\t\t<div class=\"elementor-widget-container\">\n\t\t\t\t\t\t\t\t\t<p>Vor dem Hintergrund wachsender Betriebe und der weiter steigenden Nachfrage entwickelt sich auch Total Systems st\u00e4ndig weiter. Bei Auslegung, Entwicklung und Bau der Maschinen kommt neueste Technik zum Einsatz (Roboter-, Infrarot-, R\u00f6ntgen- und Kameratechnik) und wird der Kundennachfrage entsprochen.\u00a0<\/p>\n<p>Von der ersten Idee zur Realisierung: Auslegung, Programmierung, Entwicklung und Produktion betreiben wir in Eigenregie. Dabei handelt Total Systems komplett eigenst\u00e4ndig und unabh\u00e4ngig von anderen Akteuren.<\/p>\n\t\t\t\t\t\t\t\t<\/div>\n\t\t\t\t<\/div>\n\t\t\t\t\t<\/div>\n\t\t<\/div>\n\t\t\t\t\t<\/div>\n\t\t<\/section>\n\t\t\t\t<\/div>\n\t\t","protected":false},"excerpt":{"rendered":"<p>Total Systems steht f\u00fcr Servicequalit\u00e4t und Leidenschaft f\u00fcr das, was wir tun. Auf unsere Kompetenz ist Verlass. Custom made unter einem Dach Total Systems ist Spezialanbieter f\u00fcr die Auslegung, Entwicklung und den Bau hochmoderner vollautomatisierter Maschinen sowie Verarbeitungslinien f\u00fcr den Blumenzwiebel- und Blumensektor, die Agrarwirtschaft und Industrie. Das Unternehmen bietet ein komplettes Programm an Sortier- [&hellip;]<\/p>\n","protected":false},"author":5,"featured_media":5362,"parent":0,"menu_order":4,"comment_status":"closed","ping_status":"closed","template":"","meta":{"footnotes":""},"class_list":["post-5623","page","type-page","status-publish","has-post-thumbnail","hentry"],"yoast_head":"<!-- This site is optimized with the Yoast SEO plugin v27.4 - https:\/\/yoast.com\/product\/yoast-seo-wordpress\/ -->\n<title>\u00dcber uns - Total Systems<\/title>\n<meta name=\"robots\" content=\"index, follow, max-snippet:-1, max-image-preview:large, max-video-preview:-1\" \/>\n<link rel=\"canonical\" href=\"https:\/\/totalsystems.nl\/de\/ueber-uns\/\" \/>\n<meta property=\"og:locale\" content=\"de_DE\" \/>\n<meta property=\"og:type\" content=\"article\" \/>\n<meta property=\"og:title\" content=\"\u00dcber uns - Total Systems\" \/>\n<meta property=\"og:description\" content=\"Total Systems steht f\u00fcr Servicequalit\u00e4t und Leidenschaft f\u00fcr das, was wir tun. Auf unsere Kompetenz ist Verlass. Custom made unter einem Dach Total Systems ist Spezialanbieter f\u00fcr die Auslegung, Entwicklung und den Bau hochmoderner vollautomatisierter Maschinen sowie Verarbeitungslinien f\u00fcr den Blumenzwiebel- und Blumensektor, die Agrarwirtschaft und Industrie. Das Unternehmen bietet ein komplettes Programm an Sortier- [&hellip;]\" \/>\n<meta property=\"og:url\" content=\"https:\/\/totalsystems.nl\/de\/ueber-uns\/\" \/>\n<meta property=\"og:site_name\" content=\"Total Systems\" \/>\n<meta property=\"article:publisher\" content=\"https:\/\/www.facebook.com\/totalsystemsbv\" \/>\n<meta property=\"article:modified_time\" content=\"2024-07-02T09:25:40+00:00\" \/>\n<meta property=\"og:image\" content=\"https:\/\/totalsystems.nl\/wp-content\/uploads\/2024\/05\/over-ons-Total-Systems.jpg\" \/>\n\t<meta property=\"og:image:width\" content=\"2160\" \/>\n\t<meta property=\"og:image:height\" content=\"1440\" \/>\n\t<meta property=\"og:image:type\" content=\"image\/jpeg\" \/>\n<meta name=\"twitter:card\" content=\"summary_large_image\" \/>\n<meta name=\"twitter:label1\" content=\"Gesch\u00e4tzte Lesezeit\" \/>\n\t<meta name=\"twitter:data1\" content=\"2\u00a0Minuten\" \/>\n<script type=\"application\/ld+json\" class=\"yoast-schema-graph\">{\"@context\":\"https:\\\/\\\/schema.org\",\"@graph\":[{\"@type\":\"WebPage\",\"@id\":\"https:\\\/\\\/totalsystems.nl\\\/de\\\/ueber-uns\\\/\",\"url\":\"https:\\\/\\\/totalsystems.nl\\\/de\\\/ueber-uns\\\/\",\"name\":\"\u00dcber uns - Total Systems\",\"isPartOf\":{\"@id\":\"https:\\\/\\\/totalsystems.nl\\\/de\\\/#website\"},\"primaryImageOfPage\":{\"@id\":\"https:\\\/\\\/totalsystems.nl\\\/de\\\/ueber-uns\\\/#primaryimage\"},\"image\":{\"@id\":\"https:\\\/\\\/totalsystems.nl\\\/de\\\/ueber-uns\\\/#primaryimage\"},\"thumbnailUrl\":\"https:\\\/\\\/totalsystems.nl\\\/wp-content\\\/uploads\\\/2024\\\/05\\\/over-ons-Total-Systems.jpg\",\"datePublished\":\"2023-07-06T10:05:56+00:00\",\"dateModified\":\"2024-07-02T09:25:40+00:00\",\"breadcrumb\":{\"@id\":\"https:\\\/\\\/totalsystems.nl\\\/de\\\/ueber-uns\\\/#breadcrumb\"},\"inLanguage\":\"de\",\"potentialAction\":[{\"@type\":\"ReadAction\",\"target\":[\"https:\\\/\\\/totalsystems.nl\\\/de\\\/ueber-uns\\\/\"]}]},{\"@type\":\"ImageObject\",\"inLanguage\":\"de\",\"@id\":\"https:\\\/\\\/totalsystems.nl\\\/de\\\/ueber-uns\\\/#primaryimage\",\"url\":\"https:\\\/\\\/totalsystems.nl\\\/wp-content\\\/uploads\\\/2024\\\/05\\\/over-ons-Total-Systems.jpg\",\"contentUrl\":\"https:\\\/\\\/totalsystems.nl\\\/wp-content\\\/uploads\\\/2024\\\/05\\\/over-ons-Total-Systems.jpg\",\"width\":2160,\"height\":1440},{\"@type\":\"BreadcrumbList\",\"@id\":\"https:\\\/\\\/totalsystems.nl\\\/de\\\/ueber-uns\\\/#breadcrumb\",\"itemListElement\":[{\"@type\":\"ListItem\",\"position\":1,\"name\":\"Home\",\"item\":\"https:\\\/\\\/totalsystems.nl\\\/de\\\/\"},{\"@type\":\"ListItem\",\"position\":2,\"name\":\"\u00dcber uns\"}]},{\"@type\":\"WebSite\",\"@id\":\"https:\\\/\\\/totalsystems.nl\\\/de\\\/#website\",\"url\":\"https:\\\/\\\/totalsystems.nl\\\/de\\\/\",\"name\":\"Total Systems\",\"description\":\"Engineering, development, logistics and service\",\"publisher\":{\"@id\":\"https:\\\/\\\/totalsystems.nl\\\/de\\\/#organization\"},\"potentialAction\":[{\"@type\":\"SearchAction\",\"target\":{\"@type\":\"EntryPoint\",\"urlTemplate\":\"https:\\\/\\\/totalsystems.nl\\\/de\\\/?s={search_term_string}\"},\"query-input\":{\"@type\":\"PropertyValueSpecification\",\"valueRequired\":true,\"valueName\":\"search_term_string\"}}],\"inLanguage\":\"de\"},{\"@type\":\"Organization\",\"@id\":\"https:\\\/\\\/totalsystems.nl\\\/de\\\/#organization\",\"name\":\"Total Systems\",\"url\":\"https:\\\/\\\/totalsystems.nl\\\/de\\\/\",\"logo\":{\"@type\":\"ImageObject\",\"inLanguage\":\"de\",\"@id\":\"https:\\\/\\\/totalsystems.nl\\\/de\\\/#\\\/schema\\\/logo\\\/image\\\/\",\"url\":\"https:\\\/\\\/totalsystems.nl\\\/wp-content\\\/uploads\\\/2023\\\/07\\\/Total-Systems_logo.png\",\"contentUrl\":\"https:\\\/\\\/totalsystems.nl\\\/wp-content\\\/uploads\\\/2023\\\/07\\\/Total-Systems_logo.png\",\"width\":892,\"height\":216,\"caption\":\"Total Systems\"},\"image\":{\"@id\":\"https:\\\/\\\/totalsystems.nl\\\/de\\\/#\\\/schema\\\/logo\\\/image\\\/\"},\"sameAs\":[\"https:\\\/\\\/www.facebook.com\\\/totalsystemsbv\"]}]}<\/script>\n<!-- \/ Yoast SEO plugin. -->","yoast_head_json":{"title":"\u00dcber uns - Total Systems","robots":{"index":"index","follow":"follow","max-snippet":"max-snippet:-1","max-image-preview":"max-image-preview:large","max-video-preview":"max-video-preview:-1"},"canonical":"https:\/\/totalsystems.nl\/de\/ueber-uns\/","og_locale":"de_DE","og_type":"article","og_title":"\u00dcber uns - Total Systems","og_description":"Total Systems steht f\u00fcr Servicequalit\u00e4t und Leidenschaft f\u00fcr das, was wir tun. Auf unsere Kompetenz ist Verlass. Custom made unter einem Dach Total Systems ist Spezialanbieter f\u00fcr die Auslegung, Entwicklung und den Bau hochmoderner vollautomatisierter Maschinen sowie Verarbeitungslinien f\u00fcr den Blumenzwiebel- und Blumensektor, die Agrarwirtschaft und Industrie. Das Unternehmen bietet ein komplettes Programm an Sortier- [&hellip;]","og_url":"https:\/\/totalsystems.nl\/de\/ueber-uns\/","og_site_name":"Total Systems","article_publisher":"https:\/\/www.facebook.com\/totalsystemsbv","article_modified_time":"2024-07-02T09:25:40+00:00","og_image":[{"width":2160,"height":1440,"url":"https:\/\/totalsystems.nl\/wp-content\/uploads\/2024\/05\/over-ons-Total-Systems.jpg","type":"image\/jpeg"}],"twitter_card":"summary_large_image","twitter_misc":{"Gesch\u00e4tzte Lesezeit":"2\u00a0Minuten"},"schema":{"@context":"https:\/\/schema.org","@graph":[{"@type":"WebPage","@id":"https:\/\/totalsystems.nl\/de\/ueber-uns\/","url":"https:\/\/totalsystems.nl\/de\/ueber-uns\/","name":"\u00dcber uns - Total Systems","isPartOf":{"@id":"https:\/\/totalsystems.nl\/de\/#website"},"primaryImageOfPage":{"@id":"https:\/\/totalsystems.nl\/de\/ueber-uns\/#primaryimage"},"image":{"@id":"https:\/\/totalsystems.nl\/de\/ueber-uns\/#primaryimage"},"thumbnailUrl":"https:\/\/totalsystems.nl\/wp-content\/uploads\/2024\/05\/over-ons-Total-Systems.jpg","datePublished":"2023-07-06T10:05:56+00:00","dateModified":"2024-07-02T09:25:40+00:00","breadcrumb":{"@id":"https:\/\/totalsystems.nl\/de\/ueber-uns\/#breadcrumb"},"inLanguage":"de","potentialAction":[{"@type":"ReadAction","target":["https:\/\/totalsystems.nl\/de\/ueber-uns\/"]}]},{"@type":"ImageObject","inLanguage":"de","@id":"https:\/\/totalsystems.nl\/de\/ueber-uns\/#primaryimage","url":"https:\/\/totalsystems.nl\/wp-content\/uploads\/2024\/05\/over-ons-Total-Systems.jpg","contentUrl":"https:\/\/totalsystems.nl\/wp-content\/uploads\/2024\/05\/over-ons-Total-Systems.jpg","width":2160,"height":1440},{"@type":"BreadcrumbList","@id":"https:\/\/totalsystems.nl\/de\/ueber-uns\/#breadcrumb","itemListElement":[{"@type":"ListItem","position":1,"name":"Home","item":"https:\/\/totalsystems.nl\/de\/"},{"@type":"ListItem","position":2,"name":"\u00dcber uns"}]},{"@type":"WebSite","@id":"https:\/\/totalsystems.nl\/de\/#website","url":"https:\/\/totalsystems.nl\/de\/","name":"Total Systems","description":"Engineering, development, logistics and service","publisher":{"@id":"https:\/\/totalsystems.nl\/de\/#organization"},"potentialAction":[{"@type":"SearchAction","target":{"@type":"EntryPoint","urlTemplate":"https:\/\/totalsystems.nl\/de\/?s={search_term_string}"},"query-input":{"@type":"PropertyValueSpecification","valueRequired":true,"valueName":"search_term_string"}}],"inLanguage":"de"},{"@type":"Organization","@id":"https:\/\/totalsystems.nl\/de\/#organization","name":"Total Systems","url":"https:\/\/totalsystems.nl\/de\/","logo":{"@type":"ImageObject","inLanguage":"de","@id":"https:\/\/totalsystems.nl\/de\/#\/schema\/logo\/image\/","url":"https:\/\/totalsystems.nl\/wp-content\/uploads\/2023\/07\/Total-Systems_logo.png","contentUrl":"https:\/\/totalsystems.nl\/wp-content\/uploads\/2023\/07\/Total-Systems_logo.png","width":892,"height":216,"caption":"Total Systems"},"image":{"@id":"https:\/\/totalsystems.nl\/de\/#\/schema\/logo\/image\/"},"sameAs":["https:\/\/www.facebook.com\/totalsystemsbv"]}]}},"_links":{"self":[{"href":"https:\/\/totalsystems.nl\/de\/wp-json\/wp\/v2\/pages\/5623","targetHints":{"allow":["GET"]}}],"collection":[{"href":"https:\/\/totalsystems.nl\/de\/wp-json\/wp\/v2\/pages"}],"about":[{"href":"https:\/\/totalsystems.nl\/de\/wp-json\/wp\/v2\/types\/page"}],"author":[{"embeddable":true,"href":"https:\/\/totalsystems.nl\/de\/wp-json\/wp\/v2\/users\/5"}],"replies":[{"embeddable":true,"href":"https:\/\/totalsystems.nl\/de\/wp-json\/wp\/v2\/comments?post=5623"}],"version-history":[{"count":1,"href":"https:\/\/totalsystems.nl\/de\/wp-json\/wp\/v2\/pages\/5623\/revisions"}],"predecessor-version":[{"id":5626,"href":"https:\/\/totalsystems.nl\/de\/wp-json\/wp\/v2\/pages\/5623\/revisions\/5626"}],"wp:featuredmedia":[{"embeddable":true,"href":"https:\/\/totalsystems.nl\/de\/wp-json\/wp\/v2\/media\/5362"}],"wp:attachment":[{"href":"https:\/\/totalsystems.nl\/de\/wp-json\/wp\/v2\/media?parent=5623"}],"curies":[{"name":"wp","href":"https:\/\/api.w.org\/{rel}","templated":true}]}}