{"id":5618,"date":"2023-08-30T13:16:14","date_gmt":"2023-08-30T13:16:14","guid":{"rendered":"https:\/\/totalsystems.nl\/landwirtschaft\/innerbetrieblicher-transport\/verpackungshandlingsystem\/"},"modified":"2024-11-06T14:44:50","modified_gmt":"2024-11-06T14:44:50","slug":"verpackungshandlingsystem","status":"publish","type":"page","link":"https:\/\/totalsystems.nl\/de\/landwirtschaft\/innerbetrieblicher-transport\/verpackungshandlingsystem\/","title":{"rendered":"Verpackungshandlingsystem"},"content":{"rendered":"\t\t<div data-elementor-type=\"wp-page\" data-elementor-id=\"5618\" class=\"elementor elementor-5618 elementor-2194\" data-elementor-post-type=\"page\">\n\t\t\t\t\t\t<section class=\"elementor-section elementor-top-section elementor-element elementor-element-a233f7 elementor-section-full_width elementor-section-cirkel-effect elementor-section-height-default elementor-section-height-default\" data-id=\"a233f7\" data-element_type=\"section\" data-e-type=\"section\">\n\t\t\t\t\t\t<div class=\"elementor-container elementor-column-gap-default\">\n\t\t\t\t\t<div class=\"elementor-column elementor-col-100 elementor-top-column elementor-element elementor-element-19de6419\" data-id=\"19de6419\" data-element_type=\"column\" data-e-type=\"column\" data-settings=\"{&quot;background_background&quot;:&quot;classic&quot;}\">\n\t\t\t<div class=\"elementor-widget-wrap elementor-element-populated\">\n\t\t\t\t\t<div class=\"elementor-background-overlay\"><\/div>\n\t\t\t\t\t\t<section class=\"elementor-section elementor-inner-section elementor-element elementor-element-7bb267a4 elementor-section-boxed elementor-section-height-default elementor-section-height-default\" data-id=\"7bb267a4\" data-element_type=\"section\" data-e-type=\"section\">\n\t\t\t\t\t\t<div class=\"elementor-container elementor-column-gap-default\">\n\t\t\t\t\t<div class=\"elementor-column elementor-col-50 elementor-inner-column elementor-element elementor-element-313ae018\" data-id=\"313ae018\" data-element_type=\"column\" data-e-type=\"column\" data-settings=\"{&quot;background_background&quot;:&quot;classic&quot;}\">\n\t\t\t<div class=\"elementor-widget-wrap elementor-element-populated\">\n\t\t\t\t\t\t<div class=\"elementor-element elementor-element-08355d6 elementor-widget elementor-widget-heading\" data-id=\"08355d6\" data-element_type=\"widget\" data-e-type=\"widget\" data-widget_type=\"heading.default\">\n\t\t\t\t<div class=\"elementor-widget-container\">\n\t\t\t\t\t<h1 class=\"elementor-heading-title elementor-size-default\">Die L\u00f6sung f\u00fcr das Verpackungshandling<\/h1>\t\t\t\t<\/div>\n\t\t\t\t<\/div>\n\t\t\t\t<div class=\"elementor-element elementor-element-2da506f elementor-widget elementor-widget-text-editor\" data-id=\"2da506f\" data-element_type=\"widget\" data-e-type=\"widget\" data-widget_type=\"text-editor.default\">\n\t\t\t\t<div class=\"elementor-widget-container\">\n\t\t\t\t\t\t\t\t\t<p>Mit einem Komplettsystem zum Verpackungshandling wird das Stapeln und Entstapeln voller oder leerer Kisten, Eimer und Container denkbar einfach.<\/p>\n\t\t\t\t\t\t\t\t<\/div>\n\t\t\t\t<\/div>\n\t\t\t\t\t<\/div>\n\t\t<\/div>\n\t\t\t\t<div class=\"elementor-column elementor-col-50 elementor-inner-column elementor-element elementor-element-477e7365\" data-id=\"477e7365\" data-element_type=\"column\" data-e-type=\"column\">\n\t\t\t<div class=\"elementor-widget-wrap\">\n\t\t\t\t\t\t\t<\/div>\n\t\t<\/div>\n\t\t\t\t\t<\/div>\n\t\t<\/section>\n\t\t\t\t\t<\/div>\n\t\t<\/div>\n\t\t\t\t\t<\/div>\n\t\t<\/section>\n\t\t\t\t<section class=\"elementor-section elementor-top-section elementor-element elementor-element-bec0bad elementor-section-boxed elementor-section-height-default elementor-section-height-default\" data-id=\"bec0bad\" data-element_type=\"section\" data-e-type=\"section\">\n\t\t\t\t\t\t<div class=\"elementor-container elementor-column-gap-default\">\n\t\t\t\t\t<div class=\"elementor-column elementor-col-100 elementor-top-column elementor-element elementor-element-91e390b\" data-id=\"91e390b\" data-element_type=\"column\" data-e-type=\"column\">\n\t\t\t<div class=\"elementor-widget-wrap elementor-element-populated\">\n\t\t\t\t\t\t<div class=\"elementor-element elementor-element-6174abc elementor-widget elementor-widget-heading\" data-id=\"6174abc\" data-element_type=\"widget\" data-e-type=\"widget\" data-widget_type=\"heading.default\">\n\t\t\t\t<div class=\"elementor-widget-container\">\n\t\t\t\t\t<h2 class=\"elementor-heading-title elementor-size-default\">Verpackungshandlingsystem<\/h2>\t\t\t\t<\/div>\n\t\t\t\t<\/div>\n\t\t\t\t<div class=\"elementor-element elementor-element-5f2c04e elementor-widget elementor-widget-text-editor\" data-id=\"5f2c04e\" data-element_type=\"widget\" data-e-type=\"widget\" data-widget_type=\"text-editor.default\">\n\t\t\t\t<div class=\"elementor-widget-container\">\n\t\t\t\t\t\t\t\t\t<p>Total Systems bietet f\u00fcr jede gew\u00fcnschte Anwendung eine L\u00f6sung<\/p>\n\t\t\t\t\t\t\t\t<\/div>\n\t\t\t\t<\/div>\n\t\t\t\t\t<\/div>\n\t\t<\/div>\n\t\t\t\t\t<\/div>\n\t\t<\/section>\n\t\t\t\t<section class=\"elementor-section elementor-top-section elementor-element elementor-element-7144306 elementor-section-boxed elementor-section-height-default elementor-section-height-default\" data-id=\"7144306\" data-element_type=\"section\" data-e-type=\"section\" data-settings=\"{&quot;background_background&quot;:&quot;classic&quot;}\">\n\t\t\t\t\t\t<div class=\"elementor-container elementor-column-gap-default\">\n\t\t\t\t\t<div class=\"elementor-column elementor-col-50 elementor-top-column elementor-element elementor-element-4b03210\" data-id=\"4b03210\" data-element_type=\"column\" data-e-type=\"column\">\n\t\t\t<div class=\"elementor-widget-wrap elementor-element-populated\">\n\t\t\t\t\t\t<div class=\"elementor-element elementor-element-82ca165 elementor-widget elementor-widget-heading\" data-id=\"82ca165\" data-element_type=\"widget\" data-e-type=\"widget\" data-widget_type=\"heading.default\">\n\t\t\t\t<div class=\"elementor-widget-container\">\n\t\t\t\t\t<h3 class=\"elementor-heading-title elementor-size-default\">Noch mehr Effizienz<\/h3>\t\t\t\t<\/div>\n\t\t\t\t<\/div>\n\t\t\t\t<div class=\"elementor-element elementor-element-2d1bae2 elementor-widget elementor-widget-text-editor\" data-id=\"2d1bae2\" data-element_type=\"widget\" data-e-type=\"widget\" data-widget_type=\"text-editor.default\">\n\t\t\t\t<div class=\"elementor-widget-container\">\n\t\t\t\t\t\t\t\t\t<p>Neben dem Stapeln und Entstapeln erledigt unser Verpackungshandlingsystem auch die Entleerung voller Kisten. Dadurch werden auch die anderen Prozesse effizienter. Das vollautomatisierte System sorgt f\u00fcr einen kontinuierlich fortlaufenden Prozess.<\/p>\n\t\t\t\t\t\t\t\t<\/div>\n\t\t\t\t<\/div>\n\t\t\t\t<div class=\"elementor-element elementor-element-ff3a4e7 elementor-widget elementor-widget-text-editor\" data-id=\"ff3a4e7\" data-element_type=\"widget\" data-e-type=\"widget\" data-widget_type=\"text-editor.default\">\n\t\t\t\t<div class=\"elementor-widget-container\">\n\t\t\t\t\t\t\t\t\t<p>Auslegung und Softwareimplementierung betreiben wir in Eigenregie, das Ergebnis ist ein ausgesprochen nutzerfreundliches System. Wir denken kundenorientiert und k\u00f6nnen fast jeden Ihrer W\u00fcnsche erf\u00fcllen.<\/p>\n\t\t\t\t\t\t\t\t<\/div>\n\t\t\t\t<\/div>\n\t\t\t\t<div class=\"elementor-element elementor-element-a1b4996 elementor-widget elementor-widget-text-editor\" data-id=\"a1b4996\" data-element_type=\"widget\" data-e-type=\"widget\" data-widget_type=\"text-editor.default\">\n\t\t\t\t<div class=\"elementor-widget-container\">\n\t\t\t\t\t\t\t\t\t<p>So sorgt Total Systems f\u00fcr eine Komplettl\u00f6sung. Egal ob Standardmaschine oder Ma\u00dfanfertigung mit besonders hoher Verarbeitungsleistung.<\/p>\n\t\t\t\t\t\t\t\t<\/div>\n\t\t\t\t<\/div>\n\t\t\t\t\t<\/div>\n\t\t<\/div>\n\t\t\t\t<div class=\"elementor-column elementor-col-50 elementor-top-column elementor-element elementor-element-fa89f93\" data-id=\"fa89f93\" data-element_type=\"column\" data-e-type=\"column\">\n\t\t\t<div class=\"elementor-widget-wrap elementor-element-populated\">\n\t\t\t\t\t\t<div class=\"elementor-element elementor-element-82615ca elementor-widget elementor-widget-heading\" data-id=\"82615ca\" data-element_type=\"widget\" data-e-type=\"widget\" data-widget_type=\"heading.default\">\n\t\t\t\t<div class=\"elementor-widget-container\">\n\t\t\t\t\t<h3 class=\"elementor-heading-title elementor-size-default\">Vorteile unserer Verpackungshandlingsysteme<\/h3>\t\t\t\t<\/div>\n\t\t\t\t<\/div>\n\t\t\t\t<div class=\"elementor-element elementor-element-006d7ce elementor-widget elementor-widget-text-editor\" data-id=\"006d7ce\" data-element_type=\"widget\" data-e-type=\"widget\" data-widget_type=\"text-editor.default\">\n\t\t\t\t<div class=\"elementor-widget-container\">\n\t\t\t\t\t\t\t\t\t<p>Unsere Verpackungshandlingsysteme arbeiten zuverl\u00e4ssig und erfordern nur minimalen Wartungsaufwand. Bei St\u00f6rungen oder anderen Problemen sind unsere Mitarbeiter f\u00fcr Sie da. Schnelle und effektive M\u00e4ngelbeseitigung spart Kosten: Ihre Prozesse laufen rasch wieder wie gewohnt.<\/p>\n\t\t\t\t\t\t\t\t<\/div>\n\t\t\t\t<\/div>\n\t\t\t\t\t<\/div>\n\t\t<\/div>\n\t\t\t\t\t<\/div>\n\t\t<\/section>\n\t\t\t\t<section class=\"elementor-section elementor-top-section elementor-element elementor-element-b4f38f8 elementor-section-boxed elementor-section-height-default elementor-section-height-default\" data-id=\"b4f38f8\" data-element_type=\"section\" data-e-type=\"section\">\n\t\t\t\t\t\t<div class=\"elementor-container elementor-column-gap-default\">\n\t\t\t\t\t<div class=\"elementor-column elementor-col-100 elementor-top-column elementor-element elementor-element-fcdcbd2\" data-id=\"fcdcbd2\" data-element_type=\"column\" data-e-type=\"column\">\n\t\t\t<div class=\"elementor-widget-wrap elementor-element-populated\">\n\t\t\t\t\t\t<div class=\"elementor-element elementor-element-43514ad elementor-widget elementor-widget-heading\" data-id=\"43514ad\" data-element_type=\"widget\" data-e-type=\"widget\" data-widget_type=\"heading.default\">\n\t\t\t\t<div class=\"elementor-widget-container\">\n\t\t\t\t\t<h2 class=\"elementor-heading-title elementor-size-default\">F\u00fcr jede Verpackung eine L\u00f6sung<\/h2>\t\t\t\t<\/div>\n\t\t\t\t<\/div>\n\t\t\t\t<div class=\"elementor-element elementor-element-643c68b elementor-widget elementor-widget-video\" data-id=\"643c68b\" data-element_type=\"widget\" data-e-type=\"widget\" data-settings=\"{&quot;youtube_url&quot;:&quot;https:\\\/\\\/youtu.be\\\/JzFeApwBOFA&quot;,&quot;show_image_overlay&quot;:&quot;yes&quot;,&quot;image_overlay&quot;:{&quot;url&quot;:&quot;https:\\\/\\\/totalsystems.nl\\\/wp-content\\\/uploads\\\/2024\\\/11\\\/fusthandelingsysteem-Total-Systems.jpg&quot;,&quot;id&quot;:7948,&quot;size&quot;:&quot;&quot;,&quot;alt&quot;:&quot;&quot;,&quot;source&quot;:&quot;library&quot;},&quot;video_type&quot;:&quot;youtube&quot;,&quot;controls&quot;:&quot;yes&quot;}\" data-widget_type=\"video.default\">\n\t\t\t\t<div class=\"elementor-widget-container\">\n\t\t\t\t\t\t\t<div class=\"elementor-wrapper elementor-open-inline\">\n\t\t\t<div class=\"elementor-video\"><\/div>\t\t\t\t<div class=\"elementor-custom-embed-image-overlay\" style=\"background-image: url(https:\/\/totalsystems.nl\/wp-content\/uploads\/2024\/11\/fusthandelingsysteem-Total-Systems.jpg);\">\n\t\t\t\t\t\t\t\t\t\t\t\t\t\t\t\t<div class=\"elementor-custom-embed-play\" role=\"button\" aria-label=\"Video abspielen\" tabindex=\"0\">\n\t\t\t\t\t\t\t<svg xmlns=\"http:\/\/www.w3.org\/2000\/svg\" id=\"Laag_1\" viewBox=\"0 0 219.97 219.97\"><defs><style>.cls-1{fill:#009d54;}.cls-1,.cls-2{stroke-width:0px;}.cls-2{fill:#ececec;}<\/style><\/defs><path class=\"cls-2\" d=\"m189.64,180.2c9.25,0,14.46-4.84,14.46-14.6V54.4c0-9.76-5.21-14.68-14.46-14.68H30.36c-9.4,0-14.46,4.92-14.46,14.68v111.19c0,9.76,5.06,14.6,14.46,14.6h159.27Z\"><\/path><path class=\"cls-1\" d=\"m0,166.9V53.03C0,33.87,10.12,23.89,29.42,23.89h161.15c19.38,0,29.42,10.05,29.42,29.14v113.87c0,19.16-10.05,29.21-29.42,29.21H29.42C10.12,196.11,0,186.13,0,166.9Zm189.64,13.3c9.25,0,14.46-4.84,14.46-14.6V54.4c0-9.76-5.21-14.68-14.46-14.68H30.36c-9.4,0-14.46,4.92-14.46,14.68v111.19c0,9.76,5.06,14.6,14.46,14.6h159.27Zm-107.36-101.36c0-4.05,4.77-5.86,8.46-3.69l50.82,30.22c3.54,2.1,3.61,7.16,0,9.25l-50.82,30.08c-3.9,2.31-8.46.36-8.46-3.69v-62.18Z\"><\/path><\/svg>\t\t\t\t\t\t<\/div>\n\t\t\t\t\t\t\t\t\t<\/div>\n\t\t\t\t\t<\/div>\n\t\t\t\t\t\t<\/div>\n\t\t\t\t<\/div>\n\t\t\t\t\t<\/div>\n\t\t<\/div>\n\t\t\t\t\t<\/div>\n\t\t<\/section>\n\t\t\t\t<\/div>\n\t\t","protected":false},"excerpt":{"rendered":"<p>Die L\u00f6sung f\u00fcr das Verpackungshandling Mit einem Komplettsystem zum Verpackungshandling wird das Stapeln und Entstapeln voller oder leerer Kisten, Eimer und Container denkbar einfach. Verpackungshandlingsystem Total Systems bietet f\u00fcr jede gew\u00fcnschte Anwendung eine L\u00f6sung Noch mehr Effizienz Neben dem Stapeln und Entstapeln erledigt unser Verpackungshandlingsystem auch die Entleerung voller Kisten. Dadurch werden auch die anderen [&hellip;]<\/p>\n","protected":false},"author":2,"featured_media":6461,"parent":5611,"menu_order":2,"comment_status":"closed","ping_status":"closed","template":"","meta":{"footnotes":""},"class_list":["post-5618","page","type-page","status-publish","has-post-thumbnail","hentry"],"yoast_head":"<!-- This site is optimized with the Yoast SEO plugin v27.4 - https:\/\/yoast.com\/product\/yoast-seo-wordpress\/ -->\n<title>Verpackungshandlingsystem - Total Systems<\/title>\n<meta name=\"robots\" content=\"index, follow, max-snippet:-1, max-image-preview:large, max-video-preview:-1\" \/>\n<link rel=\"canonical\" href=\"https:\/\/totalsystems.nl\/de\/landwirtschaft\/innerbetrieblicher-transport\/verpackungshandlingsystem\/\" \/>\n<meta property=\"og:locale\" content=\"de_DE\" \/>\n<meta property=\"og:type\" content=\"article\" \/>\n<meta property=\"og:title\" content=\"Verpackungshandlingsystem - Total Systems\" \/>\n<meta property=\"og:description\" content=\"Die L\u00f6sung f\u00fcr das Verpackungshandling Mit einem Komplettsystem zum Verpackungshandling wird das Stapeln und Entstapeln voller oder leerer Kisten, Eimer und Container denkbar einfach. Verpackungshandlingsystem Total Systems bietet f\u00fcr jede gew\u00fcnschte Anwendung eine L\u00f6sung Noch mehr Effizienz Neben dem Stapeln und Entstapeln erledigt unser Verpackungshandlingsystem auch die Entleerung voller Kisten. Dadurch werden auch die anderen [&hellip;]\" \/>\n<meta property=\"og:url\" content=\"https:\/\/totalsystems.nl\/de\/landwirtschaft\/innerbetrieblicher-transport\/verpackungshandlingsystem\/\" \/>\n<meta property=\"og:site_name\" content=\"Total Systems\" \/>\n<meta property=\"article:publisher\" content=\"https:\/\/www.facebook.com\/totalsystemsbv\" \/>\n<meta property=\"article:modified_time\" content=\"2024-11-06T14:44:50+00:00\" \/>\n<meta property=\"og:image\" content=\"https:\/\/totalsystems.nl\/wp-content\/uploads\/2023\/09\/Total-Systems-fusthandelingsysteem.jpg\" \/>\n\t<meta property=\"og:image:width\" content=\"1600\" \/>\n\t<meta property=\"og:image:height\" content=\"900\" \/>\n\t<meta property=\"og:image:type\" content=\"image\/jpeg\" \/>\n<meta name=\"twitter:card\" content=\"summary_large_image\" \/>\n<meta name=\"twitter:label1\" content=\"Gesch\u00e4tzte Lesezeit\" \/>\n\t<meta name=\"twitter:data1\" content=\"1\u00a0Minute\" \/>\n<script type=\"application\/ld+json\" class=\"yoast-schema-graph\">{\"@context\":\"https:\\\/\\\/schema.org\",\"@graph\":[{\"@type\":\"WebPage\",\"@id\":\"https:\\\/\\\/totalsystems.nl\\\/de\\\/landwirtschaft\\\/innerbetrieblicher-transport\\\/verpackungshandlingsystem\\\/\",\"url\":\"https:\\\/\\\/totalsystems.nl\\\/de\\\/landwirtschaft\\\/innerbetrieblicher-transport\\\/verpackungshandlingsystem\\\/\",\"name\":\"Verpackungshandlingsystem - Total Systems\",\"isPartOf\":{\"@id\":\"https:\\\/\\\/totalsystems.nl\\\/de\\\/#website\"},\"primaryImageOfPage\":{\"@id\":\"https:\\\/\\\/totalsystems.nl\\\/de\\\/landwirtschaft\\\/innerbetrieblicher-transport\\\/verpackungshandlingsystem\\\/#primaryimage\"},\"image\":{\"@id\":\"https:\\\/\\\/totalsystems.nl\\\/de\\\/landwirtschaft\\\/innerbetrieblicher-transport\\\/verpackungshandlingsystem\\\/#primaryimage\"},\"thumbnailUrl\":\"https:\\\/\\\/totalsystems.nl\\\/wp-content\\\/uploads\\\/2023\\\/09\\\/Total-Systems-fusthandelingsysteem.jpg\",\"datePublished\":\"2023-08-30T13:16:14+00:00\",\"dateModified\":\"2024-11-06T14:44:50+00:00\",\"breadcrumb\":{\"@id\":\"https:\\\/\\\/totalsystems.nl\\\/de\\\/landwirtschaft\\\/innerbetrieblicher-transport\\\/verpackungshandlingsystem\\\/#breadcrumb\"},\"inLanguage\":\"de\",\"potentialAction\":[{\"@type\":\"ReadAction\",\"target\":[\"https:\\\/\\\/totalsystems.nl\\\/de\\\/landwirtschaft\\\/innerbetrieblicher-transport\\\/verpackungshandlingsystem\\\/\"]}]},{\"@type\":\"ImageObject\",\"inLanguage\":\"de\",\"@id\":\"https:\\\/\\\/totalsystems.nl\\\/de\\\/landwirtschaft\\\/innerbetrieblicher-transport\\\/verpackungshandlingsystem\\\/#primaryimage\",\"url\":\"https:\\\/\\\/totalsystems.nl\\\/wp-content\\\/uploads\\\/2023\\\/09\\\/Total-Systems-fusthandelingsysteem.jpg\",\"contentUrl\":\"https:\\\/\\\/totalsystems.nl\\\/wp-content\\\/uploads\\\/2023\\\/09\\\/Total-Systems-fusthandelingsysteem.jpg\",\"width\":1600,\"height\":900},{\"@type\":\"BreadcrumbList\",\"@id\":\"https:\\\/\\\/totalsystems.nl\\\/de\\\/landwirtschaft\\\/innerbetrieblicher-transport\\\/verpackungshandlingsystem\\\/#breadcrumb\",\"itemListElement\":[{\"@type\":\"ListItem\",\"position\":1,\"name\":\"Home\",\"item\":\"https:\\\/\\\/totalsystems.nl\\\/de\\\/\"},{\"@type\":\"ListItem\",\"position\":2,\"name\":\"Landwirtschaft\",\"item\":\"https:\\\/\\\/totalsystems.nl\\\/de\\\/agrarisch\\\/\"},{\"@type\":\"ListItem\",\"position\":3,\"name\":\"Innerbetrieblicher Transport\",\"item\":\"https:\\\/\\\/totalsystems.nl\\\/de\\\/agrarisch\\\/intern-transport\\\/\"},{\"@type\":\"ListItem\",\"position\":4,\"name\":\"Verpackungshandlingsystem\"}]},{\"@type\":\"WebSite\",\"@id\":\"https:\\\/\\\/totalsystems.nl\\\/de\\\/#website\",\"url\":\"https:\\\/\\\/totalsystems.nl\\\/de\\\/\",\"name\":\"Total Systems\",\"description\":\"Engineering, development, logistics and service\",\"publisher\":{\"@id\":\"https:\\\/\\\/totalsystems.nl\\\/de\\\/#organization\"},\"potentialAction\":[{\"@type\":\"SearchAction\",\"target\":{\"@type\":\"EntryPoint\",\"urlTemplate\":\"https:\\\/\\\/totalsystems.nl\\\/de\\\/?s={search_term_string}\"},\"query-input\":{\"@type\":\"PropertyValueSpecification\",\"valueRequired\":true,\"valueName\":\"search_term_string\"}}],\"inLanguage\":\"de\"},{\"@type\":\"Organization\",\"@id\":\"https:\\\/\\\/totalsystems.nl\\\/de\\\/#organization\",\"name\":\"Total Systems\",\"url\":\"https:\\\/\\\/totalsystems.nl\\\/de\\\/\",\"logo\":{\"@type\":\"ImageObject\",\"inLanguage\":\"de\",\"@id\":\"https:\\\/\\\/totalsystems.nl\\\/de\\\/#\\\/schema\\\/logo\\\/image\\\/\",\"url\":\"https:\\\/\\\/totalsystems.nl\\\/wp-content\\\/uploads\\\/2023\\\/07\\\/Total-Systems_logo.png\",\"contentUrl\":\"https:\\\/\\\/totalsystems.nl\\\/wp-content\\\/uploads\\\/2023\\\/07\\\/Total-Systems_logo.png\",\"width\":892,\"height\":216,\"caption\":\"Total Systems\"},\"image\":{\"@id\":\"https:\\\/\\\/totalsystems.nl\\\/de\\\/#\\\/schema\\\/logo\\\/image\\\/\"},\"sameAs\":[\"https:\\\/\\\/www.facebook.com\\\/totalsystemsbv\"]}]}<\/script>\n<!-- \/ Yoast SEO plugin. -->","yoast_head_json":{"title":"Verpackungshandlingsystem - Total Systems","robots":{"index":"index","follow":"follow","max-snippet":"max-snippet:-1","max-image-preview":"max-image-preview:large","max-video-preview":"max-video-preview:-1"},"canonical":"https:\/\/totalsystems.nl\/de\/landwirtschaft\/innerbetrieblicher-transport\/verpackungshandlingsystem\/","og_locale":"de_DE","og_type":"article","og_title":"Verpackungshandlingsystem - Total Systems","og_description":"Die L\u00f6sung f\u00fcr das Verpackungshandling Mit einem Komplettsystem zum Verpackungshandling wird das Stapeln und Entstapeln voller oder leerer Kisten, Eimer und Container denkbar einfach. Verpackungshandlingsystem Total Systems bietet f\u00fcr jede gew\u00fcnschte Anwendung eine L\u00f6sung Noch mehr Effizienz Neben dem Stapeln und Entstapeln erledigt unser Verpackungshandlingsystem auch die Entleerung voller Kisten. Dadurch werden auch die anderen [&hellip;]","og_url":"https:\/\/totalsystems.nl\/de\/landwirtschaft\/innerbetrieblicher-transport\/verpackungshandlingsystem\/","og_site_name":"Total Systems","article_publisher":"https:\/\/www.facebook.com\/totalsystemsbv","article_modified_time":"2024-11-06T14:44:50+00:00","og_image":[{"width":1600,"height":900,"url":"https:\/\/totalsystems.nl\/wp-content\/uploads\/2023\/09\/Total-Systems-fusthandelingsysteem.jpg","type":"image\/jpeg"}],"twitter_card":"summary_large_image","twitter_misc":{"Gesch\u00e4tzte Lesezeit":"1\u00a0Minute"},"schema":{"@context":"https:\/\/schema.org","@graph":[{"@type":"WebPage","@id":"https:\/\/totalsystems.nl\/de\/landwirtschaft\/innerbetrieblicher-transport\/verpackungshandlingsystem\/","url":"https:\/\/totalsystems.nl\/de\/landwirtschaft\/innerbetrieblicher-transport\/verpackungshandlingsystem\/","name":"Verpackungshandlingsystem - Total Systems","isPartOf":{"@id":"https:\/\/totalsystems.nl\/de\/#website"},"primaryImageOfPage":{"@id":"https:\/\/totalsystems.nl\/de\/landwirtschaft\/innerbetrieblicher-transport\/verpackungshandlingsystem\/#primaryimage"},"image":{"@id":"https:\/\/totalsystems.nl\/de\/landwirtschaft\/innerbetrieblicher-transport\/verpackungshandlingsystem\/#primaryimage"},"thumbnailUrl":"https:\/\/totalsystems.nl\/wp-content\/uploads\/2023\/09\/Total-Systems-fusthandelingsysteem.jpg","datePublished":"2023-08-30T13:16:14+00:00","dateModified":"2024-11-06T14:44:50+00:00","breadcrumb":{"@id":"https:\/\/totalsystems.nl\/de\/landwirtschaft\/innerbetrieblicher-transport\/verpackungshandlingsystem\/#breadcrumb"},"inLanguage":"de","potentialAction":[{"@type":"ReadAction","target":["https:\/\/totalsystems.nl\/de\/landwirtschaft\/innerbetrieblicher-transport\/verpackungshandlingsystem\/"]}]},{"@type":"ImageObject","inLanguage":"de","@id":"https:\/\/totalsystems.nl\/de\/landwirtschaft\/innerbetrieblicher-transport\/verpackungshandlingsystem\/#primaryimage","url":"https:\/\/totalsystems.nl\/wp-content\/uploads\/2023\/09\/Total-Systems-fusthandelingsysteem.jpg","contentUrl":"https:\/\/totalsystems.nl\/wp-content\/uploads\/2023\/09\/Total-Systems-fusthandelingsysteem.jpg","width":1600,"height":900},{"@type":"BreadcrumbList","@id":"https:\/\/totalsystems.nl\/de\/landwirtschaft\/innerbetrieblicher-transport\/verpackungshandlingsystem\/#breadcrumb","itemListElement":[{"@type":"ListItem","position":1,"name":"Home","item":"https:\/\/totalsystems.nl\/de\/"},{"@type":"ListItem","position":2,"name":"Landwirtschaft","item":"https:\/\/totalsystems.nl\/de\/agrarisch\/"},{"@type":"ListItem","position":3,"name":"Innerbetrieblicher Transport","item":"https:\/\/totalsystems.nl\/de\/agrarisch\/intern-transport\/"},{"@type":"ListItem","position":4,"name":"Verpackungshandlingsystem"}]},{"@type":"WebSite","@id":"https:\/\/totalsystems.nl\/de\/#website","url":"https:\/\/totalsystems.nl\/de\/","name":"Total Systems","description":"Engineering, development, logistics and service","publisher":{"@id":"https:\/\/totalsystems.nl\/de\/#organization"},"potentialAction":[{"@type":"SearchAction","target":{"@type":"EntryPoint","urlTemplate":"https:\/\/totalsystems.nl\/de\/?s={search_term_string}"},"query-input":{"@type":"PropertyValueSpecification","valueRequired":true,"valueName":"search_term_string"}}],"inLanguage":"de"},{"@type":"Organization","@id":"https:\/\/totalsystems.nl\/de\/#organization","name":"Total Systems","url":"https:\/\/totalsystems.nl\/de\/","logo":{"@type":"ImageObject","inLanguage":"de","@id":"https:\/\/totalsystems.nl\/de\/#\/schema\/logo\/image\/","url":"https:\/\/totalsystems.nl\/wp-content\/uploads\/2023\/07\/Total-Systems_logo.png","contentUrl":"https:\/\/totalsystems.nl\/wp-content\/uploads\/2023\/07\/Total-Systems_logo.png","width":892,"height":216,"caption":"Total Systems"},"image":{"@id":"https:\/\/totalsystems.nl\/de\/#\/schema\/logo\/image\/"},"sameAs":["https:\/\/www.facebook.com\/totalsystemsbv"]}]}},"_links":{"self":[{"href":"https:\/\/totalsystems.nl\/de\/wp-json\/wp\/v2\/pages\/5618","targetHints":{"allow":["GET"]}}],"collection":[{"href":"https:\/\/totalsystems.nl\/de\/wp-json\/wp\/v2\/pages"}],"about":[{"href":"https:\/\/totalsystems.nl\/de\/wp-json\/wp\/v2\/types\/page"}],"author":[{"embeddable":true,"href":"https:\/\/totalsystems.nl\/de\/wp-json\/wp\/v2\/users\/2"}],"replies":[{"embeddable":true,"href":"https:\/\/totalsystems.nl\/de\/wp-json\/wp\/v2\/comments?post=5618"}],"version-history":[{"count":4,"href":"https:\/\/totalsystems.nl\/de\/wp-json\/wp\/v2\/pages\/5618\/revisions"}],"predecessor-version":[{"id":7958,"href":"https:\/\/totalsystems.nl\/de\/wp-json\/wp\/v2\/pages\/5618\/revisions\/7958"}],"up":[{"embeddable":true,"href":"https:\/\/totalsystems.nl\/de\/wp-json\/wp\/v2\/pages\/5611"}],"wp:featuredmedia":[{"embeddable":true,"href":"https:\/\/totalsystems.nl\/de\/wp-json\/wp\/v2\/media\/6461"}],"wp:attachment":[{"href":"https:\/\/totalsystems.nl\/de\/wp-json\/wp\/v2\/media?parent=5618"}],"curies":[{"name":"wp","href":"https:\/\/api.w.org\/{rel}","templated":true}]}}