{"id":5607,"date":"2023-08-30T13:00:11","date_gmt":"2023-08-30T13:00:11","guid":{"rendered":"https:\/\/totalsystems.nl\/landwirtschaft\/zwiebelpflanzen\/exportspuelanlage\/"},"modified":"2024-07-02T09:25:39","modified_gmt":"2024-07-02T09:25:39","slug":"exportspuelanlage","status":"publish","type":"page","link":"https:\/\/totalsystems.nl\/de\/landwirtschaft\/zwiebelpflanzen\/exportspuelanlage\/","title":{"rendered":"Exportsp\u00fclanlage"},"content":{"rendered":"\t\t<div data-elementor-type=\"wp-page\" data-elementor-id=\"5607\" class=\"elementor elementor-5607 elementor-2188\" data-elementor-post-type=\"page\">\n\t\t\t\t\t\t<section class=\"elementor-section elementor-top-section elementor-element elementor-element-d04d624 elementor-section-full_width elementor-section-cirkel-effect elementor-section-height-default elementor-section-height-default\" data-id=\"d04d624\" data-element_type=\"section\" data-e-type=\"section\">\n\t\t\t\t\t\t<div class=\"elementor-container elementor-column-gap-default\">\n\t\t\t\t\t<div class=\"elementor-column elementor-col-100 elementor-top-column elementor-element elementor-element-932ef94\" data-id=\"932ef94\" data-element_type=\"column\" data-e-type=\"column\" data-settings=\"{&quot;background_background&quot;:&quot;classic&quot;}\">\n\t\t\t<div class=\"elementor-widget-wrap elementor-element-populated\">\n\t\t\t\t\t<div class=\"elementor-background-overlay\"><\/div>\n\t\t\t\t\t\t<section class=\"elementor-section elementor-inner-section elementor-element elementor-element-c07085f elementor-section-boxed elementor-section-height-default elementor-section-height-default\" data-id=\"c07085f\" data-element_type=\"section\" data-e-type=\"section\">\n\t\t\t\t\t\t<div class=\"elementor-container elementor-column-gap-default\">\n\t\t\t\t\t<div class=\"elementor-column elementor-col-50 elementor-inner-column elementor-element elementor-element-4fb1764\" data-id=\"4fb1764\" data-element_type=\"column\" data-e-type=\"column\" data-settings=\"{&quot;background_background&quot;:&quot;classic&quot;}\">\n\t\t\t<div class=\"elementor-widget-wrap elementor-element-populated\">\n\t\t\t\t\t\t<div class=\"elementor-element elementor-element-995c233 elementor-widget elementor-widget-heading\" data-id=\"995c233\" data-element_type=\"widget\" data-e-type=\"widget\" data-widget_type=\"heading.default\">\n\t\t\t\t<div class=\"elementor-widget-container\">\n\t\t\t\t\t<h1 class=\"elementor-heading-title elementor-size-default\">Saubere Zwiebeln f\u00fcr den Export<\/h1>\t\t\t\t<\/div>\n\t\t\t\t<\/div>\n\t\t\t\t<div class=\"elementor-element elementor-element-757c205 elementor-widget elementor-widget-text-editor\" data-id=\"757c205\" data-element_type=\"widget\" data-e-type=\"widget\" data-widget_type=\"text-editor.default\">\n\t\t\t\t<div class=\"elementor-widget-container\">\n\t\t\t\t\t\t\t\t\t<p>Der Name sagt es bereits: diese Maschine von Total Systems sp\u00fclt die f\u00fcr den Export bestimmten Zwiebeln sauber.<\/p>\n\t\t\t\t\t\t\t\t<\/div>\n\t\t\t\t<\/div>\n\t\t\t\t\t<\/div>\n\t\t<\/div>\n\t\t\t\t<div class=\"elementor-column elementor-col-50 elementor-inner-column elementor-element elementor-element-a584800\" data-id=\"a584800\" data-element_type=\"column\" data-e-type=\"column\">\n\t\t\t<div class=\"elementor-widget-wrap\">\n\t\t\t\t\t\t\t<\/div>\n\t\t<\/div>\n\t\t\t\t\t<\/div>\n\t\t<\/section>\n\t\t\t\t\t<\/div>\n\t\t<\/div>\n\t\t\t\t\t<\/div>\n\t\t<\/section>\n\t\t\t\t<section class=\"elementor-section elementor-top-section elementor-element elementor-element-bec0bad elementor-section-boxed elementor-section-height-default elementor-section-height-default\" data-id=\"bec0bad\" data-element_type=\"section\" data-e-type=\"section\">\n\t\t\t\t\t\t<div class=\"elementor-container elementor-column-gap-default\">\n\t\t\t\t\t<div class=\"elementor-column elementor-col-100 elementor-top-column elementor-element elementor-element-91e390b\" data-id=\"91e390b\" data-element_type=\"column\" data-e-type=\"column\">\n\t\t\t<div class=\"elementor-widget-wrap elementor-element-populated\">\n\t\t\t\t\t\t<div class=\"elementor-element elementor-element-6174abc elementor-widget elementor-widget-heading\" data-id=\"6174abc\" data-element_type=\"widget\" data-e-type=\"widget\" data-widget_type=\"heading.default\">\n\t\t\t\t<div class=\"elementor-widget-container\">\n\t\t\t\t\t<h2 class=\"elementor-heading-title elementor-size-default\">Exportsp\u00fclanlage<\/h2>\t\t\t\t<\/div>\n\t\t\t\t<\/div>\n\t\t\t\t<div class=\"elementor-element elementor-element-5f2c04e elementor-widget elementor-widget-text-editor\" data-id=\"5f2c04e\" data-element_type=\"widget\" data-e-type=\"widget\" data-widget_type=\"text-editor.default\">\n\t\t\t\t<div class=\"elementor-widget-container\">\n\t\t\t\t\t\t\t\t\t<p>Die Nachfrage nach niederl\u00e4ndischen Blumenzwiebeln nimmt stetig zur. Zur Reinigung und Vermeidung der Verbreitung von Krankheiten m\u00fcssen die Zwiebeln entsprechend verarbeitet werden. Genau daf\u00fcr ist der Exportsp\u00fcler von Total Systems ausgelegt.<\/p>\n\t\t\t\t\t\t\t\t<\/div>\n\t\t\t\t<\/div>\n\t\t\t\t\t<\/div>\n\t\t<\/div>\n\t\t\t\t\t<\/div>\n\t\t<\/section>\n\t\t\t\t<section class=\"elementor-section elementor-top-section elementor-element elementor-element-7144306 elementor-section-boxed elementor-section-height-default elementor-section-height-default\" data-id=\"7144306\" data-element_type=\"section\" data-e-type=\"section\" data-settings=\"{&quot;background_background&quot;:&quot;classic&quot;}\">\n\t\t\t\t\t\t<div class=\"elementor-container elementor-column-gap-default\">\n\t\t\t\t\t<div class=\"elementor-column elementor-col-50 elementor-top-column elementor-element elementor-element-4b03210\" data-id=\"4b03210\" data-element_type=\"column\" data-e-type=\"column\">\n\t\t\t<div class=\"elementor-widget-wrap elementor-element-populated\">\n\t\t\t\t\t\t<div class=\"elementor-element elementor-element-82ca165 elementor-widget elementor-widget-heading\" data-id=\"82ca165\" data-element_type=\"widget\" data-e-type=\"widget\" data-widget_type=\"heading.default\">\n\t\t\t\t<div class=\"elementor-widget-container\">\n\t\t\t\t\t<h3 class=\"elementor-heading-title elementor-size-default\">Sp\u00fclung von Zwiebeln<\/h3>\t\t\t\t<\/div>\n\t\t\t\t<\/div>\n\t\t\t\t<div class=\"elementor-element elementor-element-2d1bae2 elementor-widget elementor-widget-text-editor\" data-id=\"2d1bae2\" data-element_type=\"widget\" data-e-type=\"widget\" data-widget_type=\"text-editor.default\">\n\t\t\t\t<div class=\"elementor-widget-container\">\n\t\t\t\t\t\t\t\t\t<p>Im Ausland gelten f\u00fcr den Import von Blumenzwiebeln strenge Anforderungen. Die Zwiebeln m\u00fcssen frei von Sand, Schimmel und auch frei von Krankheitserregern sein. Der Exportsp\u00fcler von Total Systems stellt genau das sicher.<\/p>\n\t\t\t\t\t\t\t\t<\/div>\n\t\t\t\t<\/div>\n\t\t\t\t<div class=\"elementor-element elementor-element-ff3a4e7 elementor-widget elementor-widget-text-editor\" data-id=\"ff3a4e7\" data-element_type=\"widget\" data-e-type=\"widget\" data-widget_type=\"text-editor.default\">\n\t\t\t\t<div class=\"elementor-widget-container\">\n\t\t\t\t\t\t\t\t\t<p>Durch Sp\u00fclen werden die Zwiebeln von Sand, Steinchen und Lehmresten befreit und so zu dem Exportprodukt, das den Anforderungen gen\u00fcgt. Die zu sp\u00fclenden Zwiebeln werden nach Ma\u00dfgabe der geltenden Anforderungen und Ihren Vorgaben gr\u00fcndlich verarbeitet.<\/p>\n\t\t\t\t\t\t\t\t<\/div>\n\t\t\t\t<\/div>\n\t\t\t\t\t<\/div>\n\t\t<\/div>\n\t\t\t\t<div class=\"elementor-column elementor-col-50 elementor-top-column elementor-element elementor-element-fa89f93\" data-id=\"fa89f93\" data-element_type=\"column\" data-e-type=\"column\">\n\t\t\t<div class=\"elementor-widget-wrap elementor-element-populated\">\n\t\t\t\t\t\t<div class=\"elementor-element elementor-element-a1b4996 elementor-widget elementor-widget-text-editor\" data-id=\"a1b4996\" data-element_type=\"widget\" data-e-type=\"widget\" data-widget_type=\"text-editor.default\">\n\t\t\t\t<div class=\"elementor-widget-container\">\n\t\t\t\t\t\t\t\t\t<p>Die vollautomatisierte Exportsp\u00fclmaschine wird gem\u00e4\u00df den geltenden Rechtsvorschriften und der neuesten Technik hergestellt. Die Garantie f\u00fcr ein nagelneues Produkt.<\/p>\n\t\t\t\t\t\t\t\t<\/div>\n\t\t\t\t<\/div>\n\t\t\t\t\t<\/div>\n\t\t<\/div>\n\t\t\t\t\t<\/div>\n\t\t<\/section>\n\t\t\t\t<section class=\"elementor-section elementor-top-section elementor-element elementor-element-b54d6f2 elementor-section-boxed elementor-section-height-default elementor-section-height-default\" data-id=\"b54d6f2\" data-element_type=\"section\" data-e-type=\"section\">\n\t\t\t\t\t\t<div class=\"elementor-container elementor-column-gap-default\">\n\t\t\t\t\t<div class=\"elementor-column elementor-col-100 elementor-top-column elementor-element elementor-element-4b0b2ea\" data-id=\"4b0b2ea\" data-element_type=\"column\" data-e-type=\"column\">\n\t\t\t<div class=\"elementor-widget-wrap elementor-element-populated\">\n\t\t\t\t\t\t<div class=\"elementor-element elementor-element-879450f elementor-widget elementor-widget-heading\" data-id=\"879450f\" data-element_type=\"widget\" data-e-type=\"widget\" data-widget_type=\"heading.default\">\n\t\t\t\t<div class=\"elementor-widget-container\">\n\t\t\t\t\t<h2 class=\"elementor-heading-title elementor-size-default\">Der Exportsp\u00fcler im Betrieb<\/h2>\t\t\t\t<\/div>\n\t\t\t\t<\/div>\n\t\t\t\t<div class=\"elementor-element elementor-element-119e0bb elementor-widget elementor-widget-video\" data-id=\"119e0bb\" data-element_type=\"widget\" data-e-type=\"widget\" data-settings=\"{&quot;youtube_url&quot;:&quot;https:\\\/\\\/youtu.be\\\/u_wfn54Z1ss&quot;,&quot;show_image_overlay&quot;:&quot;yes&quot;,&quot;image_overlay&quot;:{&quot;url&quot;:&quot;https:\\\/\\\/totalsystems.nl\\\/wp-content\\\/uploads\\\/2023\\\/09\\\/exportspoler-Total-Systems-1.png&quot;,&quot;id&quot;:2823,&quot;size&quot;:&quot;&quot;,&quot;alt&quot;:&quot;&quot;,&quot;source&quot;:&quot;library&quot;},&quot;video_type&quot;:&quot;youtube&quot;,&quot;controls&quot;:&quot;yes&quot;}\" data-widget_type=\"video.default\">\n\t\t\t\t<div class=\"elementor-widget-container\">\n\t\t\t\t\t\t\t<div class=\"elementor-wrapper elementor-open-inline\">\n\t\t\t<div class=\"elementor-video\"><\/div>\t\t\t\t<div class=\"elementor-custom-embed-image-overlay\" style=\"background-image: url(https:\/\/totalsystems.nl\/wp-content\/uploads\/2023\/09\/exportspoler-Total-Systems-1.png);\">\n\t\t\t\t\t\t\t\t\t\t\t\t\t\t\t\t<div class=\"elementor-custom-embed-play\" role=\"button\" aria-label=\"Video abspielen\" tabindex=\"0\">\n\t\t\t\t\t\t\t<svg xmlns=\"http:\/\/www.w3.org\/2000\/svg\" id=\"Laag_1\" viewBox=\"0 0 219.97 219.97\"><defs><style>.cls-1{fill:#009d54;}.cls-1,.cls-2{stroke-width:0px;}.cls-2{fill:#ececec;}<\/style><\/defs><path class=\"cls-2\" d=\"m189.64,180.2c9.25,0,14.46-4.84,14.46-14.6V54.4c0-9.76-5.21-14.68-14.46-14.68H30.36c-9.4,0-14.46,4.92-14.46,14.68v111.19c0,9.76,5.06,14.6,14.46,14.6h159.27Z\"><\/path><path class=\"cls-1\" d=\"m0,166.9V53.03C0,33.87,10.12,23.89,29.42,23.89h161.15c19.38,0,29.42,10.05,29.42,29.14v113.87c0,19.16-10.05,29.21-29.42,29.21H29.42C10.12,196.11,0,186.13,0,166.9Zm189.64,13.3c9.25,0,14.46-4.84,14.46-14.6V54.4c0-9.76-5.21-14.68-14.46-14.68H30.36c-9.4,0-14.46,4.92-14.46,14.68v111.19c0,9.76,5.06,14.6,14.46,14.6h159.27Zm-107.36-101.36c0-4.05,4.77-5.86,8.46-3.69l50.82,30.22c3.54,2.1,3.61,7.16,0,9.25l-50.82,30.08c-3.9,2.31-8.46.36-8.46-3.69v-62.18Z\"><\/path><\/svg>\t\t\t\t\t\t<\/div>\n\t\t\t\t\t\t\t\t\t<\/div>\n\t\t\t\t\t<\/div>\n\t\t\t\t\t\t<\/div>\n\t\t\t\t<\/div>\n\t\t\t\t\t<\/div>\n\t\t<\/div>\n\t\t\t\t\t<\/div>\n\t\t<\/section>\n\t\t\t\t<section class=\"elementor-section elementor-top-section elementor-element elementor-element-7bdc4a82 elementor-section-boxed elementor-section-height-default elementor-section-height-default\" data-id=\"7bdc4a82\" data-element_type=\"section\" data-e-type=\"section\">\n\t\t\t\t\t\t<div class=\"elementor-container elementor-column-gap-default\">\n\t\t\t\t\t<div class=\"elementor-column elementor-col-100 elementor-top-column elementor-element elementor-element-6b26e090\" data-id=\"6b26e090\" data-element_type=\"column\" data-e-type=\"column\">\n\t\t\t<div class=\"elementor-widget-wrap elementor-element-populated\">\n\t\t\t\t\t\t<div class=\"elementor-element elementor-element-6a55cdb1 elementor-widget elementor-widget-jet-view-more\" data-id=\"6a55cdb1\" data-element_type=\"widget\" data-e-type=\"widget\" data-widget_type=\"jet-view-more.default\">\n\t\t\t\t<div class=\"elementor-widget-container\">\n\t\t\t\t\t<div class=\"jet-view-more\" data-settings=\"{&quot;effect&quot;:&quot;move-up&quot;,&quot;hide_effect&quot;:null,&quot;sections&quot;:{&quot;ba073e2&quot;:&quot;Productsectie2&quot;},&quot;showall&quot;:false,&quot;read_less&quot;:false,&quot;read_more_label&quot;:&quot;Mehr anzeigen&quot;,&quot;read_more_icon&quot;:{&quot;value&quot;:&quot;&quot;,&quot;library&quot;:&quot;&quot;},&quot;read_less_label&quot;:null,&quot;read_less_icon&quot;:null,&quot;hide_all&quot;:false}\"><div class=\"jet-view-more__button\" role=\"button\" tabindex=\"0\"><div class=\"jet-view-more__label\">Mehr anzeigen<\/div><\/div><\/div>\t\t\t\t<\/div>\n\t\t\t\t<\/div>\n\t\t\t\t\t<\/div>\n\t\t<\/div>\n\t\t\t\t\t<\/div>\n\t\t<\/section>\n\t\t\t\t<\/div>\n\t\t","protected":false},"excerpt":{"rendered":"<p>Saubere Zwiebeln f\u00fcr den Export Der Name sagt es bereits: diese Maschine von Total Systems sp\u00fclt die f\u00fcr den Export bestimmten Zwiebeln sauber. Exportsp\u00fclanlage Die Nachfrage nach niederl\u00e4ndischen Blumenzwiebeln nimmt stetig zur. Zur Reinigung und Vermeidung der Verbreitung von Krankheiten m\u00fcssen die Zwiebeln entsprechend verarbeitet werden. Genau daf\u00fcr ist der Exportsp\u00fcler von Total Systems ausgelegt. [&hellip;]<\/p>\n","protected":false},"author":2,"featured_media":6518,"parent":5593,"menu_order":6,"comment_status":"closed","ping_status":"closed","template":"","meta":{"footnotes":""},"class_list":["post-5607","page","type-page","status-publish","has-post-thumbnail","hentry"],"yoast_head":"<!-- This site is optimized with the Yoast SEO plugin v27.4 - https:\/\/yoast.com\/product\/yoast-seo-wordpress\/ -->\n<title>Exportsp\u00fclanlage - Total Systems<\/title>\n<meta name=\"robots\" content=\"index, follow, max-snippet:-1, max-image-preview:large, max-video-preview:-1\" \/>\n<link rel=\"canonical\" href=\"https:\/\/totalsystems.nl\/de\/landwirtschaft\/zwiebelpflanzen\/exportspuelanlage\/\" \/>\n<meta property=\"og:locale\" content=\"de_DE\" \/>\n<meta property=\"og:type\" content=\"article\" \/>\n<meta property=\"og:title\" content=\"Exportsp\u00fclanlage - Total Systems\" \/>\n<meta property=\"og:description\" content=\"Saubere Zwiebeln f\u00fcr den Export Der Name sagt es bereits: diese Maschine von Total Systems sp\u00fclt die f\u00fcr den Export bestimmten Zwiebeln sauber. Exportsp\u00fclanlage Die Nachfrage nach niederl\u00e4ndischen Blumenzwiebeln nimmt stetig zur. Zur Reinigung und Vermeidung der Verbreitung von Krankheiten m\u00fcssen die Zwiebeln entsprechend verarbeitet werden. Genau daf\u00fcr ist der Exportsp\u00fcler von Total Systems ausgelegt. [&hellip;]\" \/>\n<meta property=\"og:url\" content=\"https:\/\/totalsystems.nl\/de\/landwirtschaft\/zwiebelpflanzen\/exportspuelanlage\/\" \/>\n<meta property=\"og:site_name\" content=\"Total Systems\" \/>\n<meta property=\"article:publisher\" content=\"https:\/\/www.facebook.com\/totalsystemsbv\" \/>\n<meta property=\"article:modified_time\" content=\"2024-07-02T09:25:39+00:00\" \/>\n<meta property=\"og:image\" content=\"https:\/\/totalsystems.nl\/wp-content\/uploads\/2023\/09\/export-spoeler-Total-Systems.jpg\" \/>\n\t<meta property=\"og:image:width\" content=\"1600\" \/>\n\t<meta property=\"og:image:height\" content=\"900\" \/>\n\t<meta property=\"og:image:type\" content=\"image\/jpeg\" \/>\n<meta name=\"twitter:card\" content=\"summary_large_image\" \/>\n<meta name=\"twitter:label1\" content=\"Gesch\u00e4tzte Lesezeit\" \/>\n\t<meta name=\"twitter:data1\" content=\"1\u00a0Minute\" \/>\n<script type=\"application\/ld+json\" class=\"yoast-schema-graph\">{\"@context\":\"https:\\\/\\\/schema.org\",\"@graph\":[{\"@type\":\"WebPage\",\"@id\":\"https:\\\/\\\/totalsystems.nl\\\/de\\\/landwirtschaft\\\/zwiebelpflanzen\\\/exportspuelanlage\\\/\",\"url\":\"https:\\\/\\\/totalsystems.nl\\\/de\\\/landwirtschaft\\\/zwiebelpflanzen\\\/exportspuelanlage\\\/\",\"name\":\"Exportsp\u00fclanlage - Total Systems\",\"isPartOf\":{\"@id\":\"https:\\\/\\\/totalsystems.nl\\\/de\\\/#website\"},\"primaryImageOfPage\":{\"@id\":\"https:\\\/\\\/totalsystems.nl\\\/de\\\/landwirtschaft\\\/zwiebelpflanzen\\\/exportspuelanlage\\\/#primaryimage\"},\"image\":{\"@id\":\"https:\\\/\\\/totalsystems.nl\\\/de\\\/landwirtschaft\\\/zwiebelpflanzen\\\/exportspuelanlage\\\/#primaryimage\"},\"thumbnailUrl\":\"https:\\\/\\\/totalsystems.nl\\\/wp-content\\\/uploads\\\/2023\\\/09\\\/export-spoeler-Total-Systems.jpg\",\"datePublished\":\"2023-08-30T13:00:11+00:00\",\"dateModified\":\"2024-07-02T09:25:39+00:00\",\"breadcrumb\":{\"@id\":\"https:\\\/\\\/totalsystems.nl\\\/de\\\/landwirtschaft\\\/zwiebelpflanzen\\\/exportspuelanlage\\\/#breadcrumb\"},\"inLanguage\":\"de\",\"potentialAction\":[{\"@type\":\"ReadAction\",\"target\":[\"https:\\\/\\\/totalsystems.nl\\\/de\\\/landwirtschaft\\\/zwiebelpflanzen\\\/exportspuelanlage\\\/\"]}]},{\"@type\":\"ImageObject\",\"inLanguage\":\"de\",\"@id\":\"https:\\\/\\\/totalsystems.nl\\\/de\\\/landwirtschaft\\\/zwiebelpflanzen\\\/exportspuelanlage\\\/#primaryimage\",\"url\":\"https:\\\/\\\/totalsystems.nl\\\/wp-content\\\/uploads\\\/2023\\\/09\\\/export-spoeler-Total-Systems.jpg\",\"contentUrl\":\"https:\\\/\\\/totalsystems.nl\\\/wp-content\\\/uploads\\\/2023\\\/09\\\/export-spoeler-Total-Systems.jpg\",\"width\":1600,\"height\":900},{\"@type\":\"BreadcrumbList\",\"@id\":\"https:\\\/\\\/totalsystems.nl\\\/de\\\/landwirtschaft\\\/zwiebelpflanzen\\\/exportspuelanlage\\\/#breadcrumb\",\"itemListElement\":[{\"@type\":\"ListItem\",\"position\":1,\"name\":\"Home\",\"item\":\"https:\\\/\\\/totalsystems.nl\\\/de\\\/\"},{\"@type\":\"ListItem\",\"position\":2,\"name\":\"Landwirtschaft\",\"item\":\"https:\\\/\\\/totalsystems.nl\\\/de\\\/agrarisch\\\/\"},{\"@type\":\"ListItem\",\"position\":3,\"name\":\"Zwiebelpflanzen\",\"item\":\"https:\\\/\\\/totalsystems.nl\\\/de\\\/agrarisch\\\/bolgewassen\\\/\"},{\"@type\":\"ListItem\",\"position\":4,\"name\":\"Exportsp\u00fclanlage\"}]},{\"@type\":\"WebSite\",\"@id\":\"https:\\\/\\\/totalsystems.nl\\\/de\\\/#website\",\"url\":\"https:\\\/\\\/totalsystems.nl\\\/de\\\/\",\"name\":\"Total Systems\",\"description\":\"Engineering, development, logistics and service\",\"publisher\":{\"@id\":\"https:\\\/\\\/totalsystems.nl\\\/de\\\/#organization\"},\"potentialAction\":[{\"@type\":\"SearchAction\",\"target\":{\"@type\":\"EntryPoint\",\"urlTemplate\":\"https:\\\/\\\/totalsystems.nl\\\/de\\\/?s={search_term_string}\"},\"query-input\":{\"@type\":\"PropertyValueSpecification\",\"valueRequired\":true,\"valueName\":\"search_term_string\"}}],\"inLanguage\":\"de\"},{\"@type\":\"Organization\",\"@id\":\"https:\\\/\\\/totalsystems.nl\\\/de\\\/#organization\",\"name\":\"Total Systems\",\"url\":\"https:\\\/\\\/totalsystems.nl\\\/de\\\/\",\"logo\":{\"@type\":\"ImageObject\",\"inLanguage\":\"de\",\"@id\":\"https:\\\/\\\/totalsystems.nl\\\/de\\\/#\\\/schema\\\/logo\\\/image\\\/\",\"url\":\"https:\\\/\\\/totalsystems.nl\\\/wp-content\\\/uploads\\\/2023\\\/07\\\/Total-Systems_logo.png\",\"contentUrl\":\"https:\\\/\\\/totalsystems.nl\\\/wp-content\\\/uploads\\\/2023\\\/07\\\/Total-Systems_logo.png\",\"width\":892,\"height\":216,\"caption\":\"Total Systems\"},\"image\":{\"@id\":\"https:\\\/\\\/totalsystems.nl\\\/de\\\/#\\\/schema\\\/logo\\\/image\\\/\"},\"sameAs\":[\"https:\\\/\\\/www.facebook.com\\\/totalsystemsbv\"]}]}<\/script>\n<!-- \/ Yoast SEO plugin. -->","yoast_head_json":{"title":"Exportsp\u00fclanlage - Total Systems","robots":{"index":"index","follow":"follow","max-snippet":"max-snippet:-1","max-image-preview":"max-image-preview:large","max-video-preview":"max-video-preview:-1"},"canonical":"https:\/\/totalsystems.nl\/de\/landwirtschaft\/zwiebelpflanzen\/exportspuelanlage\/","og_locale":"de_DE","og_type":"article","og_title":"Exportsp\u00fclanlage - Total Systems","og_description":"Saubere Zwiebeln f\u00fcr den Export Der Name sagt es bereits: diese Maschine von Total Systems sp\u00fclt die f\u00fcr den Export bestimmten Zwiebeln sauber. Exportsp\u00fclanlage Die Nachfrage nach niederl\u00e4ndischen Blumenzwiebeln nimmt stetig zur. Zur Reinigung und Vermeidung der Verbreitung von Krankheiten m\u00fcssen die Zwiebeln entsprechend verarbeitet werden. Genau daf\u00fcr ist der Exportsp\u00fcler von Total Systems ausgelegt. [&hellip;]","og_url":"https:\/\/totalsystems.nl\/de\/landwirtschaft\/zwiebelpflanzen\/exportspuelanlage\/","og_site_name":"Total Systems","article_publisher":"https:\/\/www.facebook.com\/totalsystemsbv","article_modified_time":"2024-07-02T09:25:39+00:00","og_image":[{"width":1600,"height":900,"url":"https:\/\/totalsystems.nl\/wp-content\/uploads\/2023\/09\/export-spoeler-Total-Systems.jpg","type":"image\/jpeg"}],"twitter_card":"summary_large_image","twitter_misc":{"Gesch\u00e4tzte Lesezeit":"1\u00a0Minute"},"schema":{"@context":"https:\/\/schema.org","@graph":[{"@type":"WebPage","@id":"https:\/\/totalsystems.nl\/de\/landwirtschaft\/zwiebelpflanzen\/exportspuelanlage\/","url":"https:\/\/totalsystems.nl\/de\/landwirtschaft\/zwiebelpflanzen\/exportspuelanlage\/","name":"Exportsp\u00fclanlage - Total Systems","isPartOf":{"@id":"https:\/\/totalsystems.nl\/de\/#website"},"primaryImageOfPage":{"@id":"https:\/\/totalsystems.nl\/de\/landwirtschaft\/zwiebelpflanzen\/exportspuelanlage\/#primaryimage"},"image":{"@id":"https:\/\/totalsystems.nl\/de\/landwirtschaft\/zwiebelpflanzen\/exportspuelanlage\/#primaryimage"},"thumbnailUrl":"https:\/\/totalsystems.nl\/wp-content\/uploads\/2023\/09\/export-spoeler-Total-Systems.jpg","datePublished":"2023-08-30T13:00:11+00:00","dateModified":"2024-07-02T09:25:39+00:00","breadcrumb":{"@id":"https:\/\/totalsystems.nl\/de\/landwirtschaft\/zwiebelpflanzen\/exportspuelanlage\/#breadcrumb"},"inLanguage":"de","potentialAction":[{"@type":"ReadAction","target":["https:\/\/totalsystems.nl\/de\/landwirtschaft\/zwiebelpflanzen\/exportspuelanlage\/"]}]},{"@type":"ImageObject","inLanguage":"de","@id":"https:\/\/totalsystems.nl\/de\/landwirtschaft\/zwiebelpflanzen\/exportspuelanlage\/#primaryimage","url":"https:\/\/totalsystems.nl\/wp-content\/uploads\/2023\/09\/export-spoeler-Total-Systems.jpg","contentUrl":"https:\/\/totalsystems.nl\/wp-content\/uploads\/2023\/09\/export-spoeler-Total-Systems.jpg","width":1600,"height":900},{"@type":"BreadcrumbList","@id":"https:\/\/totalsystems.nl\/de\/landwirtschaft\/zwiebelpflanzen\/exportspuelanlage\/#breadcrumb","itemListElement":[{"@type":"ListItem","position":1,"name":"Home","item":"https:\/\/totalsystems.nl\/de\/"},{"@type":"ListItem","position":2,"name":"Landwirtschaft","item":"https:\/\/totalsystems.nl\/de\/agrarisch\/"},{"@type":"ListItem","position":3,"name":"Zwiebelpflanzen","item":"https:\/\/totalsystems.nl\/de\/agrarisch\/bolgewassen\/"},{"@type":"ListItem","position":4,"name":"Exportsp\u00fclanlage"}]},{"@type":"WebSite","@id":"https:\/\/totalsystems.nl\/de\/#website","url":"https:\/\/totalsystems.nl\/de\/","name":"Total Systems","description":"Engineering, development, logistics and service","publisher":{"@id":"https:\/\/totalsystems.nl\/de\/#organization"},"potentialAction":[{"@type":"SearchAction","target":{"@type":"EntryPoint","urlTemplate":"https:\/\/totalsystems.nl\/de\/?s={search_term_string}"},"query-input":{"@type":"PropertyValueSpecification","valueRequired":true,"valueName":"search_term_string"}}],"inLanguage":"de"},{"@type":"Organization","@id":"https:\/\/totalsystems.nl\/de\/#organization","name":"Total Systems","url":"https:\/\/totalsystems.nl\/de\/","logo":{"@type":"ImageObject","inLanguage":"de","@id":"https:\/\/totalsystems.nl\/de\/#\/schema\/logo\/image\/","url":"https:\/\/totalsystems.nl\/wp-content\/uploads\/2023\/07\/Total-Systems_logo.png","contentUrl":"https:\/\/totalsystems.nl\/wp-content\/uploads\/2023\/07\/Total-Systems_logo.png","width":892,"height":216,"caption":"Total Systems"},"image":{"@id":"https:\/\/totalsystems.nl\/de\/#\/schema\/logo\/image\/"},"sameAs":["https:\/\/www.facebook.com\/totalsystemsbv"]}]}},"_links":{"self":[{"href":"https:\/\/totalsystems.nl\/de\/wp-json\/wp\/v2\/pages\/5607","targetHints":{"allow":["GET"]}}],"collection":[{"href":"https:\/\/totalsystems.nl\/de\/wp-json\/wp\/v2\/pages"}],"about":[{"href":"https:\/\/totalsystems.nl\/de\/wp-json\/wp\/v2\/types\/page"}],"author":[{"embeddable":true,"href":"https:\/\/totalsystems.nl\/de\/wp-json\/wp\/v2\/users\/2"}],"replies":[{"embeddable":true,"href":"https:\/\/totalsystems.nl\/de\/wp-json\/wp\/v2\/comments?post=5607"}],"version-history":[{"count":1,"href":"https:\/\/totalsystems.nl\/de\/wp-json\/wp\/v2\/pages\/5607\/revisions"}],"predecessor-version":[{"id":5608,"href":"https:\/\/totalsystems.nl\/de\/wp-json\/wp\/v2\/pages\/5607\/revisions\/5608"}],"up":[{"embeddable":true,"href":"https:\/\/totalsystems.nl\/de\/wp-json\/wp\/v2\/pages\/5593"}],"wp:featuredmedia":[{"embeddable":true,"href":"https:\/\/totalsystems.nl\/de\/wp-json\/wp\/v2\/media\/6518"}],"wp:attachment":[{"href":"https:\/\/totalsystems.nl\/de\/wp-json\/wp\/v2\/media?parent=5607"}],"curies":[{"name":"wp","href":"https:\/\/api.w.org\/{rel}","templated":true}]}}