{"id":5587,"date":"2023-08-30T12:21:57","date_gmt":"2023-08-30T12:21:57","guid":{"rendered":"https:\/\/totalsystems.nl\/landwirtschaft\/schnittblumen\/komplette-blumenverarbeitungslinien\/"},"modified":"2024-07-12T08:32:31","modified_gmt":"2024-07-12T08:32:31","slug":"komplette-blumenverarbeitungslinien","status":"publish","type":"page","link":"https:\/\/totalsystems.nl\/de\/landwirtschaft\/schnittblumen\/komplette-blumenverarbeitungslinien\/","title":{"rendered":"Komplette Blumenverarbeitungslinien"},"content":{"rendered":"\t\t<div data-elementor-type=\"wp-page\" data-elementor-id=\"5587\" class=\"elementor elementor-5587 elementor-2170\" data-elementor-post-type=\"page\">\n\t\t\t\t\t\t<section class=\"elementor-section elementor-top-section elementor-element elementor-element-348c214 elementor-section-full_width elementor-section-cirkel-effect elementor-section-height-default elementor-section-height-default\" data-id=\"348c214\" data-element_type=\"section\" data-e-type=\"section\" data-settings=\"{&quot;background_background&quot;:&quot;video&quot;,&quot;background_video_link&quot;:&quot;https:\\\/\\\/youtu.be\\\/nPRLw6hWQho&quot;}\">\n\t\t\t\t\t\t\t\t<div class=\"elementor-background-video-container elementor-hidden-mobile\">\n\t\t\t\t\t\t\t\t\t\t\t\t\t<div class=\"elementor-background-video-embed\" role=\"presentation\"><\/div>\n\t\t\t\t\t\t\t\t\t\t\t\t<\/div>\n\t\t\t\t\t\t\t\t<div class=\"elementor-container elementor-column-gap-default\">\n\t\t\t\t\t<div class=\"elementor-column elementor-col-100 elementor-top-column elementor-element elementor-element-5a6c65f\" data-id=\"5a6c65f\" data-element_type=\"column\" data-e-type=\"column\" data-settings=\"{&quot;background_background&quot;:&quot;classic&quot;}\">\n\t\t\t<div class=\"elementor-widget-wrap elementor-element-populated\">\n\t\t\t\t\t<div class=\"elementor-background-overlay\"><\/div>\n\t\t\t\t\t\t<section class=\"elementor-section elementor-inner-section elementor-element elementor-element-84a73c5 elementor-section-boxed elementor-section-height-default elementor-section-height-default\" data-id=\"84a73c5\" data-element_type=\"section\" data-e-type=\"section\">\n\t\t\t\t\t\t<div class=\"elementor-container elementor-column-gap-default\">\n\t\t\t\t\t<div class=\"elementor-column elementor-col-50 elementor-inner-column elementor-element elementor-element-24895ea\" data-id=\"24895ea\" data-element_type=\"column\" data-e-type=\"column\" data-settings=\"{&quot;background_background&quot;:&quot;classic&quot;}\">\n\t\t\t<div class=\"elementor-widget-wrap elementor-element-populated\">\n\t\t\t\t\t\t<div class=\"elementor-element elementor-element-08355d6 elementor-widget elementor-widget-heading\" data-id=\"08355d6\" data-element_type=\"widget\" data-e-type=\"widget\" data-widget_type=\"heading.default\">\n\t\t\t\t<div class=\"elementor-widget-container\">\n\t\t\t\t\t<h1 class=\"elementor-heading-title elementor-size-default\">Die komplette Blumen&shy;verarbeitungslinie - die L\u00f6sung f\u00fcr&nbsp;Sie<\/h1>\t\t\t\t<\/div>\n\t\t\t\t<\/div>\n\t\t\t\t<div class=\"elementor-element elementor-element-2da506f elementor-widget elementor-widget-text-editor\" data-id=\"2da506f\" data-element_type=\"widget\" data-e-type=\"widget\" data-widget_type=\"text-editor.default\">\n\t\t\t\t<div class=\"elementor-widget-container\">\n\t\t\t\t\t\t\t\t\t<p>Mit der kompletten Blumenverarbeitungslinie von Total Systems haben Sie die L\u00f6sung f\u00fcr einen vollautomatisierten Verarbeitungsprozess.<\/p>\n\t\t\t\t\t\t\t\t<\/div>\n\t\t\t\t<\/div>\n\t\t\t\t\t<\/div>\n\t\t<\/div>\n\t\t\t\t<div class=\"elementor-column elementor-col-50 elementor-inner-column elementor-element elementor-element-88b2eb8\" data-id=\"88b2eb8\" data-element_type=\"column\" data-e-type=\"column\">\n\t\t\t<div class=\"elementor-widget-wrap\">\n\t\t\t\t\t\t\t<\/div>\n\t\t<\/div>\n\t\t\t\t\t<\/div>\n\t\t<\/section>\n\t\t\t\t\t<\/div>\n\t\t<\/div>\n\t\t\t\t\t<\/div>\n\t\t<\/section>\n\t\t\t\t<section class=\"elementor-section elementor-top-section elementor-element elementor-element-bec0bad elementor-section-boxed elementor-section-height-default elementor-section-height-default\" data-id=\"bec0bad\" data-element_type=\"section\" data-e-type=\"section\">\n\t\t\t\t\t\t<div class=\"elementor-container elementor-column-gap-default\">\n\t\t\t\t\t<div class=\"elementor-column elementor-col-100 elementor-top-column elementor-element elementor-element-91e390b\" data-id=\"91e390b\" data-element_type=\"column\" data-e-type=\"column\">\n\t\t\t<div class=\"elementor-widget-wrap elementor-element-populated\">\n\t\t\t\t\t\t<div class=\"elementor-element elementor-element-6174abc elementor-widget elementor-widget-heading\" data-id=\"6174abc\" data-element_type=\"widget\" data-e-type=\"widget\" data-widget_type=\"heading.default\">\n\t\t\t\t<div class=\"elementor-widget-container\">\n\t\t\t\t\t<h2 class=\"elementor-heading-title elementor-size-default\">Von der Ernte bis zum Abfallmanagement<\/h2>\t\t\t\t<\/div>\n\t\t\t\t<\/div>\n\t\t\t\t<div class=\"elementor-element elementor-element-5f2c04e elementor-widget elementor-widget-text-editor\" data-id=\"5f2c04e\" data-element_type=\"widget\" data-e-type=\"widget\" data-widget_type=\"text-editor.default\">\n\t\t\t\t<div class=\"elementor-widget-container\">\n\t\t\t\t\t\t\t\t\t<p>Bei der Verarbeitung von Schnittblumen geht es um mehr als nur die Ernte und Transportvorbereitung. Die Nutzung der kompletten Verarbeitungslinie gew\u00e4hrleistet jeden Einzelschritt dieses Prozesses. Vom Schnitt bis hin zur Abfallentsorgung.<\/p>\n\t\t\t\t\t\t\t\t<\/div>\n\t\t\t\t<\/div>\n\t\t\t\t\t<\/div>\n\t\t<\/div>\n\t\t\t\t\t<\/div>\n\t\t<\/section>\n\t\t\t\t<section class=\"elementor-section elementor-top-section elementor-element elementor-element-7144306 elementor-section-boxed elementor-section-height-default elementor-section-height-default\" data-id=\"7144306\" data-element_type=\"section\" data-e-type=\"section\" data-settings=\"{&quot;background_background&quot;:&quot;classic&quot;}\">\n\t\t\t\t\t\t<div class=\"elementor-container elementor-column-gap-default\">\n\t\t\t\t\t<div class=\"elementor-column elementor-col-50 elementor-top-column elementor-element elementor-element-4b03210\" data-id=\"4b03210\" data-element_type=\"column\" data-e-type=\"column\">\n\t\t\t<div class=\"elementor-widget-wrap elementor-element-populated\">\n\t\t\t\t\t\t<div class=\"elementor-element elementor-element-82ca165 elementor-widget elementor-widget-heading\" data-id=\"82ca165\" data-element_type=\"widget\" data-e-type=\"widget\" data-widget_type=\"heading.default\">\n\t\t\t\t<div class=\"elementor-widget-container\">\n\t\t\t\t\t<h3 class=\"elementor-heading-title elementor-size-default\">Der Prozess der Schnittblumenverarbeitung<\/h3>\t\t\t\t<\/div>\n\t\t\t\t<\/div>\n\t\t\t\t<div class=\"elementor-element elementor-element-2d1bae2 elementor-widget elementor-widget-text-editor\" data-id=\"2d1bae2\" data-element_type=\"widget\" data-e-type=\"widget\" data-widget_type=\"text-editor.default\">\n\t\t\t\t<div class=\"elementor-widget-container\">\n\t\t\t\t\t\t\t\t\t<p>Wenn wir von kompletter Blumenverarbeitungslinie sprechen, meinen wir auch komplett. Ernten, transportbandgest\u00fctzte Bef\u00f6rderung in die Verarbeitungsr\u00e4ume, Binden und Eimerbef\u00fcllung verlaufen durch die Bank vollautomatisch.<\/p>\n\t\t\t\t\t\t\t\t<\/div>\n\t\t\t\t<\/div>\n\t\t\t\t<div class=\"elementor-element elementor-element-ff3a4e7 elementor-widget elementor-widget-text-editor\" data-id=\"ff3a4e7\" data-element_type=\"widget\" data-e-type=\"widget\" data-widget_type=\"text-editor.default\">\n\t\t\t\t<div class=\"elementor-widget-container\">\n\t\t\t\t\t\t\t\t\t<p>Die anschlie\u00dfenden Prozessschritte geh\u00f6ren auch dazu. Die bef\u00fcllten Eimer gelangen auf ein Pufferband, von wo aus das Produkt zum Abnehmer verbracht werden kann. Am Ende werden Restabf\u00e4lle und Schmutz automatisch entsorgt.<\/p>\n\t\t\t\t\t\t\t\t<\/div>\n\t\t\t\t<\/div>\n\t\t\t\t\t<\/div>\n\t\t<\/div>\n\t\t\t\t<div class=\"elementor-column elementor-col-50 elementor-top-column elementor-element elementor-element-fa89f93\" data-id=\"fa89f93\" data-element_type=\"column\" data-e-type=\"column\">\n\t\t\t<div class=\"elementor-widget-wrap elementor-element-populated\">\n\t\t\t\t\t\t<div class=\"elementor-element elementor-element-a1b4996 elementor-widget elementor-widget-text-editor\" data-id=\"a1b4996\" data-element_type=\"widget\" data-e-type=\"widget\" data-widget_type=\"text-editor.default\">\n\t\t\t\t<div class=\"elementor-widget-container\">\n\t\t\t\t\t\t\t\t\t<p>Die komplette Blumenverarbeitungslinie von Total Systems nimmt Ihnen den gesamten Verarbeitungsprozess von unter anderem Lilien, Tulpen, Zantedeschia sowie Chrysanthemen ab.<\/p>\n\t\t\t\t\t\t\t\t<\/div>\n\t\t\t\t<\/div>\n\t\t\t\t<div class=\"elementor-element elementor-element-82615ca elementor-widget elementor-widget-heading\" data-id=\"82615ca\" data-element_type=\"widget\" data-e-type=\"widget\" data-widget_type=\"heading.default\">\n\t\t\t\t<div class=\"elementor-widget-container\">\n\t\t\t\t\t<h3 class=\"elementor-heading-title elementor-size-default\">Ma\u00dfarbeit bringt Rendite<\/h3>\t\t\t\t<\/div>\n\t\t\t\t<\/div>\n\t\t\t\t<div class=\"elementor-element elementor-element-006d7ce elementor-widget elementor-widget-text-editor\" data-id=\"006d7ce\" data-element_type=\"widget\" data-e-type=\"widget\" data-widget_type=\"text-editor.default\">\n\t\t\t\t<div class=\"elementor-widget-container\">\n\t\t\t\t\t\t\t\t\t<p>W\u00fcnschen Sie Ma\u00dfarbeit und eine hohe Rendite? Dann sind Sie bei Total Systems an der richtigen Adresse. Hier gibt es die nach neuesten Erkenntnissen und moderner Technik entwickelte komplette Blumenverarbeitungslinie.<\/p>\n\t\t\t\t\t\t\t\t<\/div>\n\t\t\t\t<\/div>\n\t\t\t\t\t<\/div>\n\t\t<\/div>\n\t\t\t\t\t<\/div>\n\t\t<\/section>\n\t\t\t\t<section class=\"elementor-section elementor-top-section elementor-element elementor-element-cea66d0 elementor-section-boxed elementor-section-height-default elementor-section-height-default\" data-id=\"cea66d0\" data-element_type=\"section\" data-e-type=\"section\">\n\t\t\t\t\t\t<div class=\"elementor-container elementor-column-gap-default\">\n\t\t\t\t\t<div class=\"elementor-column elementor-col-100 elementor-top-column elementor-element elementor-element-7f360ba\" data-id=\"7f360ba\" data-element_type=\"column\" data-e-type=\"column\">\n\t\t\t<div class=\"elementor-widget-wrap elementor-element-populated\">\n\t\t\t\t\t\t<div class=\"elementor-element elementor-element-2da3218 elementor-widget elementor-widget-heading\" data-id=\"2da3218\" data-element_type=\"widget\" data-e-type=\"widget\" data-widget_type=\"heading.default\">\n\t\t\t\t<div class=\"elementor-widget-container\">\n\t\t\t\t\t<h2 class=\"elementor-heading-title elementor-size-default\">Komplette Verarbeitungslinie in Aktion<\/h2>\t\t\t\t<\/div>\n\t\t\t\t<\/div>\n\t\t\t\t<div class=\"elementor-element elementor-element-1f100a5 elementor-widget elementor-widget-video\" data-id=\"1f100a5\" data-element_type=\"widget\" data-e-type=\"widget\" data-settings=\"{&quot;youtube_url&quot;:&quot;https:\\\/\\\/youtu.be\\\/8nbAvGFHN0c?si=nRMGzrMjLnKg6i1_&quot;,&quot;show_image_overlay&quot;:&quot;yes&quot;,&quot;image_overlay&quot;:{&quot;url&quot;:&quot;https:\\\/\\\/totalsystems.nl\\\/wp-content\\\/uploads\\\/2023\\\/12\\\/bloemverwerkingslijn-Total-Systems.png&quot;,&quot;id&quot;:6766,&quot;size&quot;:&quot;&quot;,&quot;alt&quot;:&quot;Bloemenverwerken&quot;,&quot;source&quot;:&quot;library&quot;},&quot;video_type&quot;:&quot;youtube&quot;,&quot;controls&quot;:&quot;yes&quot;}\" data-widget_type=\"video.default\">\n\t\t\t\t<div class=\"elementor-widget-container\">\n\t\t\t\t\t\t\t<div class=\"elementor-wrapper elementor-open-inline\">\n\t\t\t<div class=\"elementor-video\"><\/div>\t\t\t\t<div class=\"elementor-custom-embed-image-overlay\" style=\"background-image: url(https:\/\/totalsystems.nl\/wp-content\/uploads\/2023\/12\/bloemverwerkingslijn-Total-Systems.png);\">\n\t\t\t\t\t\t\t\t\t\t\t\t\t\t\t\t<div class=\"elementor-custom-embed-play\" role=\"button\" aria-label=\"Video abspielen \u00fcber Bloemenverwerken\" tabindex=\"0\">\n\t\t\t\t\t\t\t<svg xmlns=\"http:\/\/www.w3.org\/2000\/svg\" id=\"Laag_1\" viewBox=\"0 0 219.97 219.97\"><defs><style>.cls-1{fill:#009d54;}.cls-1,.cls-2{stroke-width:0px;}.cls-2{fill:#ececec;}<\/style><\/defs><path class=\"cls-2\" d=\"m189.64,180.2c9.25,0,14.46-4.84,14.46-14.6V54.4c0-9.76-5.21-14.68-14.46-14.68H30.36c-9.4,0-14.46,4.92-14.46,14.68v111.19c0,9.76,5.06,14.6,14.46,14.6h159.27Z\"><\/path><path class=\"cls-1\" d=\"m0,166.9V53.03C0,33.87,10.12,23.89,29.42,23.89h161.15c19.38,0,29.42,10.05,29.42,29.14v113.87c0,19.16-10.05,29.21-29.42,29.21H29.42C10.12,196.11,0,186.13,0,166.9Zm189.64,13.3c9.25,0,14.46-4.84,14.46-14.6V54.4c0-9.76-5.21-14.68-14.46-14.68H30.36c-9.4,0-14.46,4.92-14.46,14.68v111.19c0,9.76,5.06,14.6,14.46,14.6h159.27Zm-107.36-101.36c0-4.05,4.77-5.86,8.46-3.69l50.82,30.22c3.54,2.1,3.61,7.16,0,9.25l-50.82,30.08c-3.9,2.31-8.46.36-8.46-3.69v-62.18Z\"><\/path><\/svg>\t\t\t\t\t\t<\/div>\n\t\t\t\t\t\t\t\t\t<\/div>\n\t\t\t\t\t<\/div>\n\t\t\t\t\t\t<\/div>\n\t\t\t\t<\/div>\n\t\t\t\t\t<\/div>\n\t\t<\/div>\n\t\t\t\t\t<\/div>\n\t\t<\/section>\n\t\t\t\t<section class=\"elementor-section elementor-top-section elementor-element elementor-element-218fcaa1 elementor-section-boxed elementor-section-height-default elementor-section-height-default\" data-id=\"218fcaa1\" data-element_type=\"section\" data-e-type=\"section\">\n\t\t\t\t\t\t<div class=\"elementor-container elementor-column-gap-default\">\n\t\t\t\t\t<div class=\"elementor-column elementor-col-100 elementor-top-column elementor-element elementor-element-b0b3cd1\" data-id=\"b0b3cd1\" data-element_type=\"column\" data-e-type=\"column\">\n\t\t\t<div class=\"elementor-widget-wrap elementor-element-populated\">\n\t\t\t\t\t\t\t<\/div>\n\t\t<\/div>\n\t\t\t\t\t<\/div>\n\t\t<\/section>\n\t\t\t\t<\/div>\n\t\t","protected":false},"excerpt":{"rendered":"<p>Die komplette Blumen&shy;verarbeitungslinie &#8211; die L\u00f6sung f\u00fcr&nbsp;Sie Mit der kompletten Blumenverarbeitungslinie von Total Systems haben Sie die L\u00f6sung f\u00fcr einen vollautomatisierten Verarbeitungsprozess. Von der Ernte bis zum Abfallmanagement Bei der Verarbeitung von Schnittblumen geht es um mehr als nur die Ernte und Transportvorbereitung. Die Nutzung der kompletten Verarbeitungslinie gew\u00e4hrleistet jeden Einzelschritt dieses Prozesses. Vom Schnitt [&hellip;]<\/p>\n","protected":false},"author":2,"featured_media":6764,"parent":5574,"menu_order":3,"comment_status":"closed","ping_status":"closed","template":"","meta":{"footnotes":""},"class_list":["post-5587","page","type-page","status-publish","has-post-thumbnail","hentry"],"yoast_head":"<!-- This site is optimized with the Yoast SEO plugin v27.4 - https:\/\/yoast.com\/product\/yoast-seo-wordpress\/ -->\n<title>Komplette Blumenverarbeitungslinien - Total Systems<\/title>\n<meta name=\"robots\" content=\"index, follow, max-snippet:-1, max-image-preview:large, max-video-preview:-1\" \/>\n<link rel=\"canonical\" href=\"https:\/\/totalsystems.nl\/de\/landwirtschaft\/schnittblumen\/komplette-blumenverarbeitungslinien\/\" \/>\n<meta property=\"og:locale\" content=\"de_DE\" \/>\n<meta property=\"og:type\" content=\"article\" \/>\n<meta property=\"og:title\" content=\"Komplette Blumenverarbeitungslinien - Total Systems\" \/>\n<meta property=\"og:description\" content=\"Die komplette Blumen&shy;verarbeitungslinie &#8211; die L\u00f6sung f\u00fcr&nbsp;Sie Mit der kompletten Blumenverarbeitungslinie von Total Systems haben Sie die L\u00f6sung f\u00fcr einen vollautomatisierten Verarbeitungsprozess. Von der Ernte bis zum Abfallmanagement Bei der Verarbeitung von Schnittblumen geht es um mehr als nur die Ernte und Transportvorbereitung. Die Nutzung der kompletten Verarbeitungslinie gew\u00e4hrleistet jeden Einzelschritt dieses Prozesses. Vom Schnitt [&hellip;]\" \/>\n<meta property=\"og:url\" content=\"https:\/\/totalsystems.nl\/de\/landwirtschaft\/schnittblumen\/komplette-blumenverarbeitungslinien\/\" \/>\n<meta property=\"og:site_name\" content=\"Total Systems\" \/>\n<meta property=\"article:publisher\" content=\"https:\/\/www.facebook.com\/totalsystemsbv\" \/>\n<meta property=\"article:modified_time\" content=\"2024-07-12T08:32:31+00:00\" \/>\n<meta property=\"og:image\" content=\"https:\/\/totalsystems.nl\/wp-content\/uploads\/2023\/09\/complete-bloemverwerkingslijn-Total-Systems-094.jpg\" \/>\n\t<meta property=\"og:image:width\" content=\"1600\" \/>\n\t<meta property=\"og:image:height\" content=\"900\" \/>\n\t<meta property=\"og:image:type\" content=\"image\/jpeg\" \/>\n<meta name=\"twitter:card\" content=\"summary_large_image\" \/>\n<meta name=\"twitter:label1\" content=\"Gesch\u00e4tzte Lesezeit\" \/>\n\t<meta name=\"twitter:data1\" content=\"2\u00a0Minuten\" \/>\n<script type=\"application\/ld+json\" class=\"yoast-schema-graph\">{\"@context\":\"https:\\\/\\\/schema.org\",\"@graph\":[{\"@type\":\"WebPage\",\"@id\":\"https:\\\/\\\/totalsystems.nl\\\/de\\\/landwirtschaft\\\/schnittblumen\\\/komplette-blumenverarbeitungslinien\\\/\",\"url\":\"https:\\\/\\\/totalsystems.nl\\\/de\\\/landwirtschaft\\\/schnittblumen\\\/komplette-blumenverarbeitungslinien\\\/\",\"name\":\"Komplette Blumenverarbeitungslinien - Total Systems\",\"isPartOf\":{\"@id\":\"https:\\\/\\\/totalsystems.nl\\\/de\\\/#website\"},\"primaryImageOfPage\":{\"@id\":\"https:\\\/\\\/totalsystems.nl\\\/de\\\/landwirtschaft\\\/schnittblumen\\\/komplette-blumenverarbeitungslinien\\\/#primaryimage\"},\"image\":{\"@id\":\"https:\\\/\\\/totalsystems.nl\\\/de\\\/landwirtschaft\\\/schnittblumen\\\/komplette-blumenverarbeitungslinien\\\/#primaryimage\"},\"thumbnailUrl\":\"https:\\\/\\\/totalsystems.nl\\\/wp-content\\\/uploads\\\/2023\\\/09\\\/complete-bloemverwerkingslijn-Total-Systems-094.jpg\",\"datePublished\":\"2023-08-30T12:21:57+00:00\",\"dateModified\":\"2024-07-12T08:32:31+00:00\",\"breadcrumb\":{\"@id\":\"https:\\\/\\\/totalsystems.nl\\\/de\\\/landwirtschaft\\\/schnittblumen\\\/komplette-blumenverarbeitungslinien\\\/#breadcrumb\"},\"inLanguage\":\"de\",\"potentialAction\":[{\"@type\":\"ReadAction\",\"target\":[\"https:\\\/\\\/totalsystems.nl\\\/de\\\/landwirtschaft\\\/schnittblumen\\\/komplette-blumenverarbeitungslinien\\\/\"]}]},{\"@type\":\"ImageObject\",\"inLanguage\":\"de\",\"@id\":\"https:\\\/\\\/totalsystems.nl\\\/de\\\/landwirtschaft\\\/schnittblumen\\\/komplette-blumenverarbeitungslinien\\\/#primaryimage\",\"url\":\"https:\\\/\\\/totalsystems.nl\\\/wp-content\\\/uploads\\\/2023\\\/09\\\/complete-bloemverwerkingslijn-Total-Systems-094.jpg\",\"contentUrl\":\"https:\\\/\\\/totalsystems.nl\\\/wp-content\\\/uploads\\\/2023\\\/09\\\/complete-bloemverwerkingslijn-Total-Systems-094.jpg\",\"width\":1600,\"height\":900},{\"@type\":\"BreadcrumbList\",\"@id\":\"https:\\\/\\\/totalsystems.nl\\\/de\\\/landwirtschaft\\\/schnittblumen\\\/komplette-blumenverarbeitungslinien\\\/#breadcrumb\",\"itemListElement\":[{\"@type\":\"ListItem\",\"position\":1,\"name\":\"Home\",\"item\":\"https:\\\/\\\/totalsystems.nl\\\/de\\\/\"},{\"@type\":\"ListItem\",\"position\":2,\"name\":\"Landwirtschaft\",\"item\":\"https:\\\/\\\/totalsystems.nl\\\/de\\\/agrarisch\\\/\"},{\"@type\":\"ListItem\",\"position\":3,\"name\":\"Schnittblumen\",\"item\":\"https:\\\/\\\/totalsystems.nl\\\/de\\\/agrarisch\\\/snijbloemen\\\/\"},{\"@type\":\"ListItem\",\"position\":4,\"name\":\"Komplette Blumenverarbeitungslinien\"}]},{\"@type\":\"WebSite\",\"@id\":\"https:\\\/\\\/totalsystems.nl\\\/de\\\/#website\",\"url\":\"https:\\\/\\\/totalsystems.nl\\\/de\\\/\",\"name\":\"Total Systems\",\"description\":\"Engineering, development, logistics and service\",\"publisher\":{\"@id\":\"https:\\\/\\\/totalsystems.nl\\\/de\\\/#organization\"},\"potentialAction\":[{\"@type\":\"SearchAction\",\"target\":{\"@type\":\"EntryPoint\",\"urlTemplate\":\"https:\\\/\\\/totalsystems.nl\\\/de\\\/?s={search_term_string}\"},\"query-input\":{\"@type\":\"PropertyValueSpecification\",\"valueRequired\":true,\"valueName\":\"search_term_string\"}}],\"inLanguage\":\"de\"},{\"@type\":\"Organization\",\"@id\":\"https:\\\/\\\/totalsystems.nl\\\/de\\\/#organization\",\"name\":\"Total Systems\",\"url\":\"https:\\\/\\\/totalsystems.nl\\\/de\\\/\",\"logo\":{\"@type\":\"ImageObject\",\"inLanguage\":\"de\",\"@id\":\"https:\\\/\\\/totalsystems.nl\\\/de\\\/#\\\/schema\\\/logo\\\/image\\\/\",\"url\":\"https:\\\/\\\/totalsystems.nl\\\/wp-content\\\/uploads\\\/2023\\\/07\\\/Total-Systems_logo.png\",\"contentUrl\":\"https:\\\/\\\/totalsystems.nl\\\/wp-content\\\/uploads\\\/2023\\\/07\\\/Total-Systems_logo.png\",\"width\":892,\"height\":216,\"caption\":\"Total Systems\"},\"image\":{\"@id\":\"https:\\\/\\\/totalsystems.nl\\\/de\\\/#\\\/schema\\\/logo\\\/image\\\/\"},\"sameAs\":[\"https:\\\/\\\/www.facebook.com\\\/totalsystemsbv\"]}]}<\/script>\n<!-- \/ Yoast SEO plugin. -->","yoast_head_json":{"title":"Komplette Blumenverarbeitungslinien - Total Systems","robots":{"index":"index","follow":"follow","max-snippet":"max-snippet:-1","max-image-preview":"max-image-preview:large","max-video-preview":"max-video-preview:-1"},"canonical":"https:\/\/totalsystems.nl\/de\/landwirtschaft\/schnittblumen\/komplette-blumenverarbeitungslinien\/","og_locale":"de_DE","og_type":"article","og_title":"Komplette Blumenverarbeitungslinien - Total Systems","og_description":"Die komplette Blumen&shy;verarbeitungslinie &#8211; die L\u00f6sung f\u00fcr&nbsp;Sie Mit der kompletten Blumenverarbeitungslinie von Total Systems haben Sie die L\u00f6sung f\u00fcr einen vollautomatisierten Verarbeitungsprozess. Von der Ernte bis zum Abfallmanagement Bei der Verarbeitung von Schnittblumen geht es um mehr als nur die Ernte und Transportvorbereitung. Die Nutzung der kompletten Verarbeitungslinie gew\u00e4hrleistet jeden Einzelschritt dieses Prozesses. Vom Schnitt [&hellip;]","og_url":"https:\/\/totalsystems.nl\/de\/landwirtschaft\/schnittblumen\/komplette-blumenverarbeitungslinien\/","og_site_name":"Total Systems","article_publisher":"https:\/\/www.facebook.com\/totalsystemsbv","article_modified_time":"2024-07-12T08:32:31+00:00","og_image":[{"width":1600,"height":900,"url":"https:\/\/totalsystems.nl\/wp-content\/uploads\/2023\/09\/complete-bloemverwerkingslijn-Total-Systems-094.jpg","type":"image\/jpeg"}],"twitter_card":"summary_large_image","twitter_misc":{"Gesch\u00e4tzte Lesezeit":"2\u00a0Minuten"},"schema":{"@context":"https:\/\/schema.org","@graph":[{"@type":"WebPage","@id":"https:\/\/totalsystems.nl\/de\/landwirtschaft\/schnittblumen\/komplette-blumenverarbeitungslinien\/","url":"https:\/\/totalsystems.nl\/de\/landwirtschaft\/schnittblumen\/komplette-blumenverarbeitungslinien\/","name":"Komplette Blumenverarbeitungslinien - Total Systems","isPartOf":{"@id":"https:\/\/totalsystems.nl\/de\/#website"},"primaryImageOfPage":{"@id":"https:\/\/totalsystems.nl\/de\/landwirtschaft\/schnittblumen\/komplette-blumenverarbeitungslinien\/#primaryimage"},"image":{"@id":"https:\/\/totalsystems.nl\/de\/landwirtschaft\/schnittblumen\/komplette-blumenverarbeitungslinien\/#primaryimage"},"thumbnailUrl":"https:\/\/totalsystems.nl\/wp-content\/uploads\/2023\/09\/complete-bloemverwerkingslijn-Total-Systems-094.jpg","datePublished":"2023-08-30T12:21:57+00:00","dateModified":"2024-07-12T08:32:31+00:00","breadcrumb":{"@id":"https:\/\/totalsystems.nl\/de\/landwirtschaft\/schnittblumen\/komplette-blumenverarbeitungslinien\/#breadcrumb"},"inLanguage":"de","potentialAction":[{"@type":"ReadAction","target":["https:\/\/totalsystems.nl\/de\/landwirtschaft\/schnittblumen\/komplette-blumenverarbeitungslinien\/"]}]},{"@type":"ImageObject","inLanguage":"de","@id":"https:\/\/totalsystems.nl\/de\/landwirtschaft\/schnittblumen\/komplette-blumenverarbeitungslinien\/#primaryimage","url":"https:\/\/totalsystems.nl\/wp-content\/uploads\/2023\/09\/complete-bloemverwerkingslijn-Total-Systems-094.jpg","contentUrl":"https:\/\/totalsystems.nl\/wp-content\/uploads\/2023\/09\/complete-bloemverwerkingslijn-Total-Systems-094.jpg","width":1600,"height":900},{"@type":"BreadcrumbList","@id":"https:\/\/totalsystems.nl\/de\/landwirtschaft\/schnittblumen\/komplette-blumenverarbeitungslinien\/#breadcrumb","itemListElement":[{"@type":"ListItem","position":1,"name":"Home","item":"https:\/\/totalsystems.nl\/de\/"},{"@type":"ListItem","position":2,"name":"Landwirtschaft","item":"https:\/\/totalsystems.nl\/de\/agrarisch\/"},{"@type":"ListItem","position":3,"name":"Schnittblumen","item":"https:\/\/totalsystems.nl\/de\/agrarisch\/snijbloemen\/"},{"@type":"ListItem","position":4,"name":"Komplette Blumenverarbeitungslinien"}]},{"@type":"WebSite","@id":"https:\/\/totalsystems.nl\/de\/#website","url":"https:\/\/totalsystems.nl\/de\/","name":"Total Systems","description":"Engineering, development, logistics and service","publisher":{"@id":"https:\/\/totalsystems.nl\/de\/#organization"},"potentialAction":[{"@type":"SearchAction","target":{"@type":"EntryPoint","urlTemplate":"https:\/\/totalsystems.nl\/de\/?s={search_term_string}"},"query-input":{"@type":"PropertyValueSpecification","valueRequired":true,"valueName":"search_term_string"}}],"inLanguage":"de"},{"@type":"Organization","@id":"https:\/\/totalsystems.nl\/de\/#organization","name":"Total Systems","url":"https:\/\/totalsystems.nl\/de\/","logo":{"@type":"ImageObject","inLanguage":"de","@id":"https:\/\/totalsystems.nl\/de\/#\/schema\/logo\/image\/","url":"https:\/\/totalsystems.nl\/wp-content\/uploads\/2023\/07\/Total-Systems_logo.png","contentUrl":"https:\/\/totalsystems.nl\/wp-content\/uploads\/2023\/07\/Total-Systems_logo.png","width":892,"height":216,"caption":"Total Systems"},"image":{"@id":"https:\/\/totalsystems.nl\/de\/#\/schema\/logo\/image\/"},"sameAs":["https:\/\/www.facebook.com\/totalsystemsbv"]}]}},"_links":{"self":[{"href":"https:\/\/totalsystems.nl\/de\/wp-json\/wp\/v2\/pages\/5587","targetHints":{"allow":["GET"]}}],"collection":[{"href":"https:\/\/totalsystems.nl\/de\/wp-json\/wp\/v2\/pages"}],"about":[{"href":"https:\/\/totalsystems.nl\/de\/wp-json\/wp\/v2\/types\/page"}],"author":[{"embeddable":true,"href":"https:\/\/totalsystems.nl\/de\/wp-json\/wp\/v2\/users\/2"}],"replies":[{"embeddable":true,"href":"https:\/\/totalsystems.nl\/de\/wp-json\/wp\/v2\/comments?post=5587"}],"version-history":[{"count":4,"href":"https:\/\/totalsystems.nl\/de\/wp-json\/wp\/v2\/pages\/5587\/revisions"}],"predecessor-version":[{"id":6785,"href":"https:\/\/totalsystems.nl\/de\/wp-json\/wp\/v2\/pages\/5587\/revisions\/6785"}],"up":[{"embeddable":true,"href":"https:\/\/totalsystems.nl\/de\/wp-json\/wp\/v2\/pages\/5574"}],"wp:featuredmedia":[{"embeddable":true,"href":"https:\/\/totalsystems.nl\/de\/wp-json\/wp\/v2\/media\/6764"}],"wp:attachment":[{"href":"https:\/\/totalsystems.nl\/de\/wp-json\/wp\/v2\/media?parent=5587"}],"curies":[{"name":"wp","href":"https:\/\/api.w.org\/{rel}","templated":true}]}}